{"id":1075,"date":"2022-07-29T10:01:33","date_gmt":"2022-07-29T10:01:33","guid":{"rendered":"https:\/\/emi.com.vn\/?page_id=1075"},"modified":"2022-07-31T10:27:02","modified_gmt":"2022-07-31T10:27:02","slug":"legal-director","status":"publish","type":"page","link":"https:\/\/emi.com.vn\/vi\/legal-director\/","title":{"rendered":"Gi\u00e1m \u0111\u1ed1c Ph\u00e1p ch\u1ebf"},"content":{"rendered":"<p><strong>Urgent &#8211; Gi\u00e1m \u0110\u1ed1c Ph\u00e1p Ch\u1ebf (Thu Nh\u1eadp H\u1ea5p D\u1eabn up to 50 Tri\u1ec7u)<\/strong><\/p>\n<p><strong>Ch\u1ee9c danh:\u00a0<\/strong><strong> Gi\u00e1m \u0110\u1ed1c Ph\u00e1p Ch\u1ebf (Thu Nh\u1eadp H\u1ea5p D\u1eabn up to 50 Tri\u1ec7u)<\/strong><\/p>\n<ul>\n<li><strong>M\u00e3 s\u1ed1: <\/strong>TOP HR 06<\/li>\n<\/ul>\n<ul>\n<li><strong>\u0110\u1ecba \u0111i\u1ec3m: <\/strong>H\u00e0 N\u1ed9i<\/li>\n<\/ul>\n<ul>\n<li><strong>M\u1ee9c l\u01b0\u01a1ng: <\/strong>30,000,000 &#8211; 50,000,000 VND<\/li>\n<\/ul>\n<ul>\n<li><strong>C\u1ea5p b\u1eadc: <\/strong>Gi\u00e1m \u0111\u1ed1c<\/li>\n<\/ul>\n<ul>\n<li><strong>B\u1eb1ng c\u1ea5p: <\/strong>\u0110\u1ea1i h\u1ecdc<\/li>\n<\/ul>\n<ul>\n<li><strong>Kinh nghi\u1ec7m: <\/strong>10 n\u0103m<\/li>\n<\/ul>\n<ul>\n<li><strong>Ng\u00e0nh ngh\u1ec1: <\/strong>T\u00e0i ch\u00ednh \/ \u0110\u1ea7u t\u01b0, Lu\u1eadt \/ Ph\u00e1p l\u00fd<\/li>\n<\/ul>\n<ul>\n<li><strong>H\u00ecnh th\u1ee9c: <\/strong>Nh\u00e2n vi\u00ean ch\u00ednh th\u1ee9c<\/li>\n<\/ul>\n<ul>\n<li><strong>Tu\u1ed5i: <\/strong>30<\/li>\n<\/ul>\n<ul>\n<li><strong>Gi\u1edbi t\u00ednh: <\/strong>Nam\/N\u1eef<\/li>\n<\/ul>\n<ul>\n<li><strong>H\u1ea1n nh\u1eadn h\u1ed3 s\u01a1: <\/strong>14\/03\/2022<\/li>\n<\/ul>\n<ul>\n<li><strong>Ng\u00f4n Ng\u1eef Tr\u00ecnh B\u00e0y H\u1ed3 S\u01a1: <\/strong>Ti\u1ebfng Vi\u1ec7t<\/li>\n<\/ul>\n<p><strong>PH\u00daC L\u1ee2I<\/strong><\/p>\n<ul>\n<li>Ch\u1ebf \u0111\u1ed9 b\u1ea3o hi\u1ec3m<\/li>\n<li>Du L\u1ecbch<\/li>\n<li>Du l\u1ecbch n\u01b0\u1edbc ngo\u00e0i<\/li>\n<li>Ch\u1ebf \u0111\u1ed9 th\u01b0\u1edfng<\/li>\n<li>Ch\u0103m s\u00f3c s\u1ee9c kh\u1ecfe<\/li>\n<li>\u0110\u00e0o t\u1ea1o<\/li>\n<li>T\u0103ng l\u01b0\u01a1ng<\/li>\n<\/ul>\n<p><strong>M\u00d4 T\u1ea2 C\u00d4NG VI\u1ec6C<\/strong><\/p>\n&#8211; Tham m\u01b0u cho BL\u0110 v\u1ec1 Ph\u00e1p lu\u1eadt, \u0111\u1eb7c bi\u1ec7t trong l\u0129nh v\u1ef1c v\u1ec1 \u0111\u1ea7u t\u01b0, x\u00e2y d\u1ef1ng, n\u0103ng l\u01b0\u1ee3ng<br \/>\n&#8211; X\u00e2y d\u1ef1ng c\u00e1c ti\u00eau chu\u1ea9n, h\u00e0nh lang ph\u00e1p l\u00fd, quy ch\u1ebf qu\u1ea3n l\u00fd n\u1ed9i b\u1ed9 cho doanh nghi\u1ec7p \u0111\u00fang ph\u00e1p lu\u1eadt<br \/>\n&#8211; C\u1eadp nh\u1eadt c\u00e1c th\u00f4ng tin ph\u00e1p lu\u1eadt m\u1edbi v\u00e0 truy\u1ec1n th\u00f4ng t\u1edbi c\u00e1c Ban\/\u0110\u01a1n v\u1ecb th\u00e0nh vi\u00ean (\u0110VTV)<br \/>\n&#8211; Ki\u1ec3m so\u00e1t c\u00e1c ho\u1ea1t \u0111\u1ed9ng c\u1ee7a c\u00e1c Ban\/\u0110VTV tu\u00e2n th\u1ee7 c\u00e1c quy \u0111\u1ecbnh Ph\u00e1p lu\u1eadt<br \/>\n&#8211; T\u01b0 v\u1ea5n, th\u1ea9m \u0111\u1ecbnh, r\u00e0 so\u00e1t c\u00e1c h\u1ed3 s\u01a1 ph\u00e1p l\u00fd, v\u0103n b\u1ea3n v\u00e0 c\u00e1c ch\u1ee9ng nh\u1eadn li\u00ean quan.<br \/>\n&#8211; Th\u1ef1c hi\u1ec7n c\u00e1c th\u1ee7 t\u1ee5c ph\u00e1p l\u00fd: \u0110KKD, \u0111i\u1ec1u l\u1ec7 c\u00f4ng ty&#8230;<br \/>\n&#8211; Tham gia gi\u1ea3i quy\u1ebft c\u00e1c s\u1ef1 v\u1ee5 li\u00ean quan Ph\u00e1p lu\u1eadt ph\u00e1t sinh trong qu\u00e1 tr\u00ecnh v\u1eadn h\u00e0nh doanh nghi\u1ec7p\n<p><strong>Y\u00caU C\u1ea6U C\u00d4NG VI\u1ec6C<\/strong><\/p>\n&#8211; Tr\u00ecnh \u0111\u1ed9 h\u1ecdc v\u1ea5n \u0110\u1ea1i h\u1ecdc tr\u1edf l\u00ean, chuy\u00ean ng\u00e0nh Lu\u1eadt ho\u1eb7c c\u00e1c chuy\u00ean ng\u00e0nh li\u00ean quan<br \/>\n&#8211; Kinh nghi\u1ec7m qu\u1ea3n l\u00fd t\u1ed1i thi\u1ec3u: 05 n\u0103m. Y\u00eau c\u1ea7u \u1ee9ng vi\u00ean c\u00f3 kinh nghi\u1ec7m t\u1ea1i v\u1ecb tr\u00ed Gi\u00e1m \u0111\u1ed1c Ph\u00e1p ch\u1ebf ho\u1eb7c Tr\u01b0\u1edfng ph\u00f2ng ph\u00e1p ch\u1ebf t\u1ea1i doanh nghi\u1ec7p l\u1edbn.<br \/>\n&#8211; C\u00f3 kinh nghi\u1ec7m ph\u00e1p l\u00fd chuy\u00ean s\u00e2u v\u1ec1 m\u1ea3ng \u0111\u1ea7u t\u01b0, \u0111\u1eb7c bi\u1ec7t l\u00e0 v\u1ec1 \u0111\u1ea7u t\u01b0, ph\u00e1t tri\u1ec3n c\u00e1c d\u1ef1 \u00e1n B\u1ea5t \u0111\u1ed9ng s\u1ea3n.<br \/>\n&#8211; \u0110\u00e3 c\u00f3 kinh nghi\u1ec7m l\u00e0m trong l\u0129nh v\u1ef1c M&amp;A v\u00e0 ch\u1ee9ng kho\u00e1n<br \/>\n&#8211; Ch\u1ee9ng ch\u1ec9\/gi\u1ea5y ph\u00e9p h\u00e0nh ngh\u1ec1: Ch\u1ee9ng ch\u1ec9 h\u00e0nh ngh\u1ec1 lu\u1eadt s\u01b0 l\u00e0 m\u1ed9t l\u1ee3i th\u1ebf\n<p><strong>TH\u00d4NG TIN KH\u00c1C<\/strong><\/p>\n<p><strong>TH\u00d4NG TIN LI\u00caN H\u1ec6<\/strong><\/p>\n<ul>\n<li>C\u00f4ng ty: C\u00d4NG TY C\u1ed4 PH\u1ea6N \u0110\u1ea6U T\u01af EMI<\/li>\n<li>Ng\u01b0\u1eddi li\u00ean h\u1ec7: Ph\u00f2ng Nh\u00e2n S\u1ef1<\/li>\n<li>Email: tuyendungemi@gmail.com<\/li>\n<li>\u0110\u1ecba ch\u1ec9 li\u00ean h\u1ec7: Ho\u00e0n Ki\u1ebfm, H\u00e0 N\u1ed9i<\/li>\n<\/ul>\n<p>&nbsp;<\/p>","protected":false},"excerpt":{"rendered":"<p>Urgent &#8211; Gi\u00e1m \u0110\u1ed1c Ph\u00e1p Ch\u1ebf (Thu Nh\u1eadp H\u1ea5p D\u1eabn up to 50 Tri\u1ec7u) Ch\u1ee9c danh:\u00a0 Gi\u00e1m \u0110\u1ed1c Ph\u00e1p Ch\u1ebf (Thu Nh\u1eadp H\u1ea5p D\u1eabn up to 50 Tri\u1ec7u) M\u00e3 s\u1ed1: TOP HR 06 \u0110\u1ecba \u0111i\u1ec3m: H\u00e0 N\u1ed9i M\u1ee9c l\u01b0\u01a1ng: 30,000,000 &#8211; 50,000,000 VND C\u1ea5p b\u1eadc: Gi\u00e1m \u0111\u1ed1c B\u1eb1ng c\u1ea5p: \u0110\u1ea1i h\u1ecdc Kinh nghi\u1ec7m: 10 n\u0103m &hellip;<\/p>\n<p class=\"read-more\"> <a class=\"\" href=\"https:\/\/emi.com.vn\/vi\/legal-director\/\"> <span class=\"screen-reader-text\">Gi\u00e1m \u0111\u1ed1c Ph\u00e1p ch\u1ebf<\/span> Read More &raquo;<\/a><\/p>","protected":false},"author":1,"featured_media":0,"parent":0,"menu_order":0,"comment_status":"closed","ping_status":"closed","template":"","meta":{"site-sidebar-layout":"no-sidebar","site-content-layout":"page-builder","ast-global-header-display":"","ast-main-header-display":"","ast-hfb-above-header-display":"","ast-hfb-below-header-display":"","ast-hfb-mobile-header-display":"","site-post-title":"disabled","ast-breadcrumbs-content":"","ast-featured-img":"disabled","footer-sml-layout":"","theme-transparent-header-meta":"enabled","adv-header-id-meta":"","stick-header-meta":"","header-above-stick-meta":"","header-main-stick-meta":"","header-below-stick-meta":"","footnotes":""},"class_list":["post-1075","page","type-page","status-publish","hentry"],"_links":{"self":[{"href":"https:\/\/emi.com.vn\/vi\/wp-json\/wp\/v2\/pages\/1075","targetHints":{"allow":["GET"]}}],"collection":[{"href":"https:\/\/emi.com.vn\/vi\/wp-json\/wp\/v2\/pages"}],"about":[{"href":"https:\/\/emi.com.vn\/vi\/wp-json\/wp\/v2\/types\/page"}],"author":[{"embeddable":true,"href":"https:\/\/emi.com.vn\/vi\/wp-json\/wp\/v2\/users\/1"}],"replies":[{"embeddable":true,"href":"https:\/\/emi.com.vn\/vi\/wp-json\/wp\/v2\/comments?post=1075"}],"version-history":[{"count":5,"href":"https:\/\/emi.com.vn\/vi\/wp-json\/wp\/v2\/pages\/1075\/revisions"}],"predecessor-version":[{"id":1429,"href":"https:\/\/emi.com.vn\/vi\/wp-json\/wp\/v2\/pages\/1075\/revisions\/1429"}],"wp:attachment":[{"href":"https:\/\/emi.com.vn\/vi\/wp-json\/wp\/v2\/media?parent=1075"}],"curies":[{"name":"wp","href":"https:\/\/api.w.org\/{rel}","templated":true}]}}