{"id":1087,"date":"2022-07-29T10:13:33","date_gmt":"2022-07-29T10:13:33","guid":{"rendered":"https:\/\/emi.com.vn\/?page_id=1087"},"modified":"2022-08-09T02:50:45","modified_gmt":"2022-08-09T02:50:45","slug":"nhon-hoa-2","status":"publish","type":"page","link":"https:\/\/emi.com.vn\/vi\/nhon-hoa-2\/","title":{"rendered":"Nhon Hoa 2"},"content":{"rendered":"<h3>\n\t\tNh\u00e0 m\u00e1y \u0111i\u1ec7n gi\u00f3 Nh\u01a1n Ho\u00e0 2\n\t<\/h3>\n\t<strong>Ch\u1ee7 \u0111\u1ea7u t\u01b0<\/strong>: C\u00f4ng ty C\u1ed5 ph\u1ea7n \u0110\u1ea7u t\u01b0 N\u0103ng l\u01b0\u1ee3ng Nh\u01a1n  Ho\u00e0 2<br \/>\n<strong>\u0110\u1ecba \u0111i\u1ec3m: <\/strong>X\u00e3 Ch\u01b0 Don, Huy\u1ec7n Ch\u01b0 P\u01b0h, T\u1ec9nh Gia Lai, Vi\u1ec7t Nam<br \/>\n<strong>Quy m\u00f4:<\/strong>\n<ul>\n<li>C\u00f4ng su\u1ea5t: 50MW<\/li>\n<li>Th\u00f4ng s\u1ed1 tuabin: Model Vestas V150<\/li>\n<li>S\u1ed1 l\u01b0\u1ee3ng tuabin: 12<\/li>\n<\/ul>\n<p><strong>V\u1eadn h\u00e0nh th\u01b0\u01a1ng m\u1ea1i:\u00a0<\/strong>14-22\/10\/2021<\/p>","protected":false},"excerpt":{"rendered":"<p>Nhon Hoa 2 Wind Farm Owner: Nhon Hoa 2 Energy Joint Stock Company Location: Chu Don Commune, Chu Puh District, Gia Lai Province, Vietnam Scale: Capacity: 50MW Turbine parameters: Model Vestas V150 Number of turbines: 12 Commercial operations date:\u00a0October 14-22, 2021<\/p>","protected":false},"author":1,"featured_media":0,"parent":0,"menu_order":0,"comment_status":"closed","ping_status":"closed","template":"","meta":{"site-sidebar-layout":"no-sidebar","site-content-layout":"page-builder","ast-global-header-display":"","ast-main-header-display":"","ast-hfb-above-header-display":"","ast-hfb-below-header-display":"","ast-hfb-mobile-header-display":"","site-post-title":"disabled","ast-breadcrumbs-content":"","ast-featured-img":"disabled","footer-sml-layout":"","theme-transparent-header-meta":"enabled","adv-header-id-meta":"","stick-header-meta":"","header-above-stick-meta":"","header-main-stick-meta":"","header-below-stick-meta":"","footnotes":""},"class_list":["post-1087","page","type-page","status-publish","hentry"],"_links":{"self":[{"href":"https:\/\/emi.com.vn\/vi\/wp-json\/wp\/v2\/pages\/1087","targetHints":{"allow":["GET"]}}],"collection":[{"href":"https:\/\/emi.com.vn\/vi\/wp-json\/wp\/v2\/pages"}],"about":[{"href":"https:\/\/emi.com.vn\/vi\/wp-json\/wp\/v2\/types\/page"}],"author":[{"embeddable":true,"href":"https:\/\/emi.com.vn\/vi\/wp-json\/wp\/v2\/users\/1"}],"replies":[{"embeddable":true,"href":"https:\/\/emi.com.vn\/vi\/wp-json\/wp\/v2\/comments?post=1087"}],"version-history":[{"count":13,"href":"https:\/\/emi.com.vn\/vi\/wp-json\/wp\/v2\/pages\/1087\/revisions"}],"predecessor-version":[{"id":1683,"href":"https:\/\/emi.com.vn\/vi\/wp-json\/wp\/v2\/pages\/1087\/revisions\/1683"}],"wp:attachment":[{"href":"https:\/\/emi.com.vn\/vi\/wp-json\/wp\/v2\/media?parent=1087"}],"curies":[{"name":"wp","href":"https:\/\/api.w.org\/{rel}","templated":true}]}}