{"id":1094,"date":"2022-07-29T10:14:38","date_gmt":"2022-07-29T10:14:38","guid":{"rendered":"https:\/\/emi.com.vn\/?page_id=1094"},"modified":"2022-08-09T02:50:59","modified_gmt":"2022-08-09T02:50:59","slug":"huong-tan","status":"publish","type":"page","link":"https:\/\/emi.com.vn\/vi\/huong-tan\/","title":{"rendered":"Huong Tan"},"content":{"rendered":"<h3>\n\t\tNh\u00e0 m\u00e1y \u0111i\u1ec7n gi\u00f3 H\u01b0\u1edbng T\u00e2n\n\t<\/h3>\n\t<strong>Ch\u1ee7 \u0111\u1ea7u t\u01b0<\/strong>: C\u00f4ng ty C\u1ed5 ph\u1ea7n \u0110i\u1ec7n gi\u00f3 H\u01b0\u1edbng T\u00e2n<br \/>\n<b>\u0110\u1ecba \u0111i\u1ec3m<\/b>: Huy\u1ec7n H\u01b0\u1edbng H\u00f3a, T\u1ec9nh Qu\u1ea3ng Tr\u1ecb, Vi\u1ec7t Nam<br \/>\n<strong>Quy m\u00f4:<\/strong>\n<ul>\n<li>C\u00f4ng su\u1ea5t: 46.2MW<\/li>\n<li>Th\u00f4ng s\u1ed1 tuabin: Model Vestas V150<\/li>\n<li>S\u1ed1 l\u01b0\u1ee3ng tuabin: 11<\/li>\n<li>Tr\u1ea1m bi\u1ebfn \u00e1p 22\/220kV c\u00f3 c\u00f4ng su\u1ea5t 1x63MVA<\/li>\n<li>\u0110\u01b0\u1eddng d\u00e2y truy\u1ec1n t\u1ea3i \u0111i\u1ec7n 110kV d\u00e0i kho\u1ea3ng 4km<\/li>\n<\/ul>\n<p><strong>V\u1eadn h\u00e0nh th\u01b0\u01a1ng m\u1ea1i:\u00a0<\/strong>14\/10\/2021<\/p>","protected":false},"excerpt":{"rendered":"<p>Huong Tan Wind Farm Owner: Huong Tan Wind Power Joint Stock Company Location: Huong Hoa District, Quang Tri Province, Vietnam Scale: Capacity: 46.2MW Turbine parameters: Model Vestas V150 Number of turbines: 11 The 22\/220kV Substation has a capacity of 1x63MVA The 110kV transmission line is about 4km long Commercial operations date:\u00a0October 14, 2021<\/p>","protected":false},"author":1,"featured_media":0,"parent":0,"menu_order":0,"comment_status":"closed","ping_status":"closed","template":"","meta":{"site-sidebar-layout":"no-sidebar","site-content-layout":"page-builder","ast-global-header-display":"","ast-main-header-display":"","ast-hfb-above-header-display":"","ast-hfb-below-header-display":"","ast-hfb-mobile-header-display":"","site-post-title":"disabled","ast-breadcrumbs-content":"","ast-featured-img":"disabled","footer-sml-layout":"","theme-transparent-header-meta":"enabled","adv-header-id-meta":"","stick-header-meta":"","header-above-stick-meta":"","header-main-stick-meta":"","header-below-stick-meta":"","footnotes":""},"class_list":["post-1094","page","type-page","status-publish","hentry"],"_links":{"self":[{"href":"https:\/\/emi.com.vn\/vi\/wp-json\/wp\/v2\/pages\/1094","targetHints":{"allow":["GET"]}}],"collection":[{"href":"https:\/\/emi.com.vn\/vi\/wp-json\/wp\/v2\/pages"}],"about":[{"href":"https:\/\/emi.com.vn\/vi\/wp-json\/wp\/v2\/types\/page"}],"author":[{"embeddable":true,"href":"https:\/\/emi.com.vn\/vi\/wp-json\/wp\/v2\/users\/1"}],"replies":[{"embeddable":true,"href":"https:\/\/emi.com.vn\/vi\/wp-json\/wp\/v2\/comments?post=1094"}],"version-history":[{"count":14,"href":"https:\/\/emi.com.vn\/vi\/wp-json\/wp\/v2\/pages\/1094\/revisions"}],"predecessor-version":[{"id":1684,"href":"https:\/\/emi.com.vn\/vi\/wp-json\/wp\/v2\/pages\/1094\/revisions\/1684"}],"wp:attachment":[{"href":"https:\/\/emi.com.vn\/vi\/wp-json\/wp\/v2\/media?parent=1094"}],"curies":[{"name":"wp","href":"https:\/\/api.w.org\/{rel}","templated":true}]}}