{"id":1122,"date":"2022-07-29T10:35:10","date_gmt":"2022-07-29T10:35:10","guid":{"rendered":"https:\/\/emi.com.vn\/?page_id=1122"},"modified":"2022-08-03T08:50:03","modified_gmt":"2022-08-03T08:50:03","slug":"production-accountant","status":"publish","type":"page","link":"https:\/\/emi.com.vn\/vi\/production-accountant\/","title":{"rendered":"K\u1ebf To\u00e1n S\u1ea3n Xu\u1ea5t"},"content":{"rendered":"<p><strong>Ch\u1ee9c danh: K\u1ebf To\u00e1n S\u1ea3n Xu\u1ea5t<\/strong><\/p>\n<ul>\n<li><strong>M\u00e3 s\u1ed1: <\/strong>TOP HR 14<\/li>\n<\/ul>\n<ul>\n<li><strong>\u0110\u1ecba \u0111i\u1ec3m: <\/strong>H\u01b0ng Y\u00ean<\/li>\n<\/ul>\n<ul>\n<li><strong>M\u1ee9c l\u01b0\u01a1ng: <\/strong>8,000,000 &#8211; 13,000,000 VND<\/li>\n<\/ul>\n<ul>\n<li><strong>B\u1eb1ng c\u1ea5p: <\/strong>Cao \u0111\u1eb3ng<\/li>\n<\/ul>\n<ul>\n<li><strong>Kinh nghi\u1ec7m: <\/strong>2 &#8211; 10 years<\/li>\n<\/ul>\n<ul>\n<li><strong>Ng\u00e0nh ngh\u1ec1:<\/strong> S\u1ea3n xu\u1ea5t \/ V\u1eadn h\u00e0nh s\u1ea3n xu\u1ea5t, K\u1ebf to\u00e1n \/ Ki\u1ec3m to\u00e1n<\/li>\n<\/ul>\n<ul>\n<li><strong>H\u00ecnh th\u1ee9c:<\/strong> Nh\u00e2n vi\u00ean ch\u00ednh th\u1ee9c<\/li>\n<\/ul>\n<ul>\n<li><strong>Tu\u1ed5i: <\/strong>25 &#8211; 35<\/li>\n<\/ul>\n<ul>\n<li><strong>Gi\u1edbi t\u00ednh: <\/strong>Nam \/ N\u1eef<\/li>\n<\/ul>\n<ul>\n<li><strong>H\u1ea1n nh\u1eadn h\u1ed3 s\u01a1: <\/strong>31\/05\/2022<\/li>\n<\/ul>\n<ul>\n<li><strong>Ng\u00f4n ng\u1eef tr\u00ecnh b\u00e0y h\u1ed3 s\u01a1:<\/strong> Ti\u1ebfng Vi\u1ec7t<\/li>\n<\/ul>\n<p><strong>PH\u00daC L\u1ee2I<\/strong><\/p>\n<ul>\n<li>Laptop<\/li>\n<li>Ch\u1ebf \u0111\u1ed9 b\u1ea3o hi\u1ec3m<\/li>\n<li>Ph\u1ee5 c\u1ea5p<\/li>\n<li>\u0110\u00e0o t\u1ea1o<\/li>\n<li>C\u00f4ng t\u00e1c ph\u00ed<\/li>\n<\/ul>\n<p><strong>M\u00d4 T\u1ea2 C\u00d4NG VI\u1ec6C<\/strong><\/p>\n<p>Nh\u1eb1m chu\u1ea9n b\u1ecb cho d\u00e2y chuy\u1ec1n s\u1ea3n xu\u1ea5t v\u1ea3i kh\u00f4ng d\u1ec7t s\u1ebd \u0111\u01b0\u1ee3c \u0111\u01b0a v\u00e0o ho\u1ea1t \u0111\u1ed9ng trong qu\u00fd II n\u0103m 2022, ch\u00fang t\u00f4i \u0111ang c\u1ea7n chi\u00eau m\u1ed9 v\u1ecb tr\u00ed K\u1ebf to\u00e1n S\u1ea3n xu\u1ea5t cho c\u00f4ng ty v\u1ea3i kh\u00f4ng d\u1ec7t t\u1ea1i H\u01b0ng Y\u00ean, chi ti\u1ebft c\u00f4ng vi\u1ec7c nh\u01b0 sau:<\/p>\n<p><strong>I\/ M\u00f4 t\u1ea3 c\u00f4ng vi\u1ec7c:<\/strong><\/p>\n<ol>\n<li>Ki\u1ec3m so\u00e1t ch\u1ee9ng t\u1eeb \u0111\u1ea7u v\u00e0o, s\u1eafp x\u1ebfp, l\u01b0u tr\u1eef ch\u1ee9ng t\u1eeb.<\/li>\n<li>Accounting operations (import and export of raw materials, supplies, goods, finished products&#8230;) on Accounting software.<\/li>\n<li>Qu\u1ea3n l\u00fd kho v\u1eadt t\u01b0, th\u00e0nh ph\u1ea9m.<\/li>\n<li>T\u00ednh to\u00e1n gi\u00e1 th\u00e0nh s\u1ea3n xu\u1ea5t.<\/li>\n<li>X\u1eed l\u00fd k\u1ebf ho\u1ea1ch s\u1ea3n xu\u1ea5t, t\u00ednh to\u00e1n theo d\u00f5i k\u1ebf ho\u1ea1ch Nguy\u00ean v\u1eadt li\u1ec7u.<\/li>\n<li>X\u1eed l\u00fd l\u1ec7nh s\u1ea3n xu\u1ea5t: Ki\u1ec3m tra, t\u1ea1o l\u1ec7nh s\u1ea3n xu\u1ea5t, c\u1eadp nh\u1eadt th\u00f4ng tin s\u1ea3n ph\u1ea9m th\u00e0nh ph\u1ea9m, ki\u1ec3m so\u00e1t Nguy\u00ean v\u1eadt li\u1ec7u, l\u1eadp b\u00e1o c\u00e1o s\u1ea3n xu\u1ea5t.<\/li>\n<li>Theo d\u00f5i, ki\u1ec3m so\u00e1t CCDC, t\u00ednh ph\u00e2n b\u1ed5 CCDC h\u00e0ng th\u00e1ng.<\/li>\n<li>L\u00e0m b\u00e1o c\u00e1o \u0111\u1ecbnh k\u1ef3 ho\u1eb7c ph\u00e1t sinh khi c\u00f3 y\u00eau c\u1ea7u.<\/li>\n<li>C\u00e1c c\u00f4ng vi\u1ec7c kh\u00e1c theo y\u00eau c\u1ea7u c\u1ee7a Ban Gi\u00e1m \u0111\u1ed1c<\/li>\n<\/ol>\n<p><strong>II\/ Y\u00eau c\u1ea7u:<\/strong><\/p>\n<ol>\n<li>Graduated from college or higher majoring in accounting, finance&#8230;<\/li>\n<li>C\u00f3 kinh nghi\u1ec7m l\u00e0m vi\u1ec7c t\u1eeb 2 n\u0103m tr\u1edf l\u00ean v\u1ecb tr\u00ed k\u1ebf to\u00e1n s\u1ea3n xu\u1ea5t\/ k\u1ebf to\u00e1n t\u00ednh gi\u00e1 th\u00e0nh<\/li>\n<li>Th\u00e0nh th\u1ea1o tin h\u1ecdc v\u0103n ph\u00f2ng, email, word, excel, bi\u1ebft s\u1eed d\u1ee5ng ph\u1ea7n m\u1ec1m k\u1ebf to\u00e1n<\/li>\n<li>Kh\u1ea3 n\u0103ng giao ti\u1ebfp t\u1ed1t.<\/li>\n<li>Trung th\u1ef1c, nhi\u1ec7t t\u00ecnh, nhanh nh\u1eb9n, c\u1ea9n th\u1eadn v\u00e0 c\u00f3 tr\u00e1ch nhi\u1ec7m v\u1edbi c\u00f4ng vi\u1ec7c.<\/li>\n<li>Tinh th\u1ea7n ham h\u1ecdc h\u1ecfi, c\u1ea7u ti\u1ebfn, ch\u1ecbu \u0111\u01b0\u1ee3c \u00e1p l\u1ef1c cao trong c\u00f4ng vi\u1ec7c.<\/li>\n<\/ol>\n<p><strong>III\/ Quy\u1ec1n l\u1ee3i:<\/strong><\/p>\n<ol>\n<li>L\u01b0\u01a1ng: T\u1eeb 8-13 tri\u1ec7u<\/li>\n<li>Th\u01b0\u1edfng th\u00e1ng, n\u0103m, v\u00e0 t\u1ea5t c\u1ea3 c\u00e1c ng\u00e0y l\u1ec5, T\u1ebft theo quy \u0111\u1ecbnh.<\/li>\n<li>\u0110\u01b0\u1ee3c \u0111\u00f3ng BHXH, BHYT, BHTN theo quy \u0111\u1ecbnh c\u1ee7a ph\u00e1p lu\u1eadt<\/li>\n<li>\u0110\u01b0\u1ee3c \u0111\u00e0o t\u1ea1o k\u1ef9 n\u0103ng, chuy\u00ean m\u00f4n, ki\u1ebfn th\u1ee9c v\u1ec1 k\u1ebf to\u00e1n.<\/li>\n<li>Th\u1eddi gian l\u00e0m vi\u1ec7c: T\u1eeb 7h30 \u0111\u1ebfn 17h (Ngh\u1ec9 tr\u01b0a 1h), ngh\u1ec9 04 ng\u00e0y \/ th\u00e1ng.<\/li>\n<\/ol>\n<p><strong>TH\u00d4NG TIN KH\u00c1C<\/strong><\/p>\n<p><strong>LI\u00caN H\u1ec6<\/strong><\/p>\n<ul>\n<li>C\u00f4ng ty: C\u00d4NG TY C\u1ed4 PH\u1ea6N \u0110\u1ea6U T\u01af EMI<\/li>\n<li>Ng\u01b0\u1eddi li\u00ean h\u1ec7: Ph\u00f2ng Nh\u00e2n S\u1ef1<\/li>\n<li>Email: Tuyendungemi@gmail.com<\/li>\n<li>\u0110\u1ecba ch\u1ec9 li\u00ean h\u1ec7: 83A L\u00fd Th\u01b0\u1eddng Ki\u1ec7t, Ho\u00e0n Ki\u1ebfm, H\u00e0 N\u1ed9i<\/li>\n<\/ul>","protected":false},"excerpt":{"rendered":"<p>Position: Production Accountant Code: TOP HR 14 Location: Hung Yen Salary: 8,000,000 &#8211; 13,000,000 VND Degree: College Experience: 2 &#8211; 10 years Major: Production \/ Production Operations, Accounting \/ Auditing Employment type: Full-time Age: 25 &#8211; 35 Gender: Male \/ Female Deadline: May 31, 2022 Language of Profile Presentation: Vietnamese BENEFITS Laptop Health &amp; Social &hellip;<\/p>\n<p class=\"read-more\"> <a class=\"\" href=\"https:\/\/emi.com.vn\/vi\/production-accountant\/\"> <span class=\"screen-reader-text\">K\u1ebf To\u00e1n S\u1ea3n Xu\u1ea5t<\/span> Read More &raquo;<\/a><\/p>","protected":false},"author":1,"featured_media":0,"parent":0,"menu_order":0,"comment_status":"closed","ping_status":"closed","template":"","meta":{"site-sidebar-layout":"no-sidebar","site-content-layout":"page-builder","ast-global-header-display":"","ast-main-header-display":"","ast-hfb-above-header-display":"","ast-hfb-below-header-display":"","ast-hfb-mobile-header-display":"","site-post-title":"disabled","ast-breadcrumbs-content":"","ast-featured-img":"disabled","footer-sml-layout":"","theme-transparent-header-meta":"enabled","adv-header-id-meta":"","stick-header-meta":"","header-above-stick-meta":"","header-main-stick-meta":"","header-below-stick-meta":"","footnotes":""},"class_list":["post-1122","page","type-page","status-publish","hentry"],"_links":{"self":[{"href":"https:\/\/emi.com.vn\/vi\/wp-json\/wp\/v2\/pages\/1122","targetHints":{"allow":["GET"]}}],"collection":[{"href":"https:\/\/emi.com.vn\/vi\/wp-json\/wp\/v2\/pages"}],"about":[{"href":"https:\/\/emi.com.vn\/vi\/wp-json\/wp\/v2\/types\/page"}],"author":[{"embeddable":true,"href":"https:\/\/emi.com.vn\/vi\/wp-json\/wp\/v2\/users\/1"}],"replies":[{"embeddable":true,"href":"https:\/\/emi.com.vn\/vi\/wp-json\/wp\/v2\/comments?post=1122"}],"version-history":[{"count":4,"href":"https:\/\/emi.com.vn\/vi\/wp-json\/wp\/v2\/pages\/1122\/revisions"}],"predecessor-version":[{"id":1671,"href":"https:\/\/emi.com.vn\/vi\/wp-json\/wp\/v2\/pages\/1122\/revisions\/1671"}],"wp:attachment":[{"href":"https:\/\/emi.com.vn\/vi\/wp-json\/wp\/v2\/media?parent=1122"}],"curies":[{"name":"wp","href":"https:\/\/api.w.org\/{rel}","templated":true}]}}