{"id":1127,"date":"2022-07-29T10:37:59","date_gmt":"2022-07-29T10:37:59","guid":{"rendered":"https:\/\/emi.com.vn\/?page_id=1127"},"modified":"2022-07-31T10:32:23","modified_gmt":"2022-07-31T10:32:23","slug":"senior-graphic-designer","status":"publish","type":"page","link":"https:\/\/emi.com.vn\/vi\/senior-graphic-designer\/","title":{"rendered":"Senior Graphic Designer"},"content":{"rendered":"<p><strong>Senior Graphic Designer<\/strong><\/p>\n<p><strong>Ch\u1ee9c danh:\u00a0<\/strong><strong>Senior Graphic Designer<\/strong><\/p>\n<ul>\n<li><strong>M\u00e3 s\u1ed1: <\/strong>TOP HR 07<\/li>\n<\/ul>\n<ul>\n<li><strong>\u0110\u1ecba \u0111i\u1ec3m: <\/strong>H\u00e0 N\u1ed9i<\/li>\n<\/ul>\n<ul>\n<li><strong>M\u1ee9c l\u01b0\u01a1ng: <\/strong>8,000,000 &#8211; 20,000,000 VND<\/li>\n<\/ul>\n<ul>\n<li><strong>C\u1ea5p b\u1eadc: <\/strong>Nh\u00e2n vi\u00ean<\/li>\n<\/ul>\n<ul>\n<li><strong>B\u1eb1ng c\u1ea5p: <\/strong>\u0110\u1ea1i h\u1ecdc<\/li>\n<\/ul>\n<ul>\n<li><strong>Kinh nghi\u1ec7m: <\/strong>3 &#8211; 10 n\u0103m<\/li>\n<\/ul>\n<ul>\n<li><strong>Ng\u00e0nh ngh\u1ec1: <\/strong>M\u1ef9 thu\u1eadt \/ Ngh\u1ec7 thu\u1eadt \/ Thi\u1ebft k\u1ebf, Ti\u1ebfp th\u1ecb \/ Marketing<\/li>\n<\/ul>\n<ul>\n<li><strong>H\u00ecnh th\u1ee9c: <\/strong>Nh\u00e2n vi\u00ean ch\u00ednh th\u1ee9c<\/li>\n<\/ul>\n<ul>\n<li><strong>Tu\u1ed5i: <\/strong>25 &#8211; 30<\/li>\n<\/ul>\n<ul>\n<li><strong>Gi\u1edbi t\u00ednh: <\/strong>Nam\/N\u1eef<\/li>\n<\/ul>\n<ul>\n<li><strong>H\u1ea1n nh\u1eadn h\u1ed3 s\u01a1: <\/strong>16\/02\/2022<\/li>\n<\/ul>\n<ul>\n<li><strong>Ng\u00f4n Ng\u1eef Tr\u00ecnh B\u00e0y H\u1ed3 S\u01a1: <\/strong>Ti\u1ebfng Anh, Ti\u1ebfng Vi\u1ec7t<\/li>\n<\/ul>\n<p><strong>PH\u00daC L\u1ee2I<\/strong><\/p>\n<ul>\n<li>Ch\u1ebf \u0111\u1ed9 b\u1ea3o hi\u1ec3m<\/li>\n<li>Du L\u1ecbch<\/li>\n<li>Ch\u1ebf \u0111\u1ed9 th\u01b0\u1edfng<\/li>\n<li>Ch\u0103m s\u00f3c s\u1ee9c kh\u1ecfe<\/li>\n<li>\u0110\u00e0o t\u1ea1o<\/li>\n<li>T\u0103ng l\u01b0\u01a1ng<\/li>\n<\/ul>\n<p><strong>M\u00d4 T\u1ea2 C\u00d4NG VI\u1ec6C<\/strong><\/p>\n<p>&#8211; X\u00e2y d\u1ef1ng \u00fd t\u01b0\u1edfng v\u00e0 thi\u1ebft k\u1ebf \u0111\u1ed3 h\u1ecda c\u00e1c s\u1ea3n ph\u1ea9m truy\u1ec1n th\u00f4ng<\/p>\n<p>&#8211; Thi\u1ebft k\u1ebf Digital Banner, Poster, Brochure, Catalogue, Profile ph\u1ee5c v\u1ee5 cho c\u00e1c k\u00eanh truy\u1ec1n th\u00f4ng c\u1ee7a c\u00f4ng ty nh\u01b0 Website, Facebook, Instagram<\/p>\n<p>&#8211; Thi\u1ebft k\u1ebf website v\u00e0 landing page c\u00f3 kh\u1ea3 n\u0103ng x\u00e2y d\u1ef1ng UX \/ UI r\u1ea5t t\u1ed1t<\/p>\n<p>&#8211; Thi\u1ebft k\u1ebf c\u00e1c \u1ea5n ph\u1ea9m qu\u1ea3ng c\u00e1o in \u1ea5n, \u1ea5n ph\u1ea9m cho s\u1ef1 ki\u1ec7n<\/p>\n<p>&#8211; C\u00e1c nhi\u1ec7m v\u1ee5 kh\u00e1c theo y\u00eau c\u1ea7u c\u1ee7a c\u00f4ng vi\u1ec7c<\/p>\n<p>&#8211; C\u00f3 kh\u1ea3 n\u0103ng edit video \/ ch\u1ee5p \u1ea3nh \/ branding l\u00e0 m\u1ed9t l\u1ee3i th\u1ebf<\/p>\n<p><strong>Y\u00caU C\u1ea6U C\u00d4NG VI\u1ec6C<\/strong><\/p>\n<p>&#8211;\u00a0\u00a0\u00a0\u00a0\u00a0\u00a0 C\u00f3 laptop v\u00e0 smartphone h\u1ed7 tr\u1ee3 cho c\u00f4ng vi\u1ec7c<\/p>\n<p>&#8211;\u00a0\u00a0\u00a0\u00a0\u00a0\u00a0 S\u1eed d\u1ee5ng th\u00e0nh th\u1ea1o c\u00e1c ph\u1ea7n m\u1ec1m design nh\u01b0 Adobe Illustrator, Adobe Photoshop, Adobe Indesign,&#8230;<\/p>\n<p>&#8211;\u00a0\u00a0\u00a0\u00a0\u00a0\u00a0 \u0110\u00e3 c\u00f3 kinh nghi\u1ec7m l\u00e0m vi\u1ec7c trong l\u0129nh v\u1ef1c chuy\u00ean m\u00f4n t\u1eeb 5 &#8211; 7 n\u0103m<\/p>\n<p>&#8211;\u00a0\u00a0\u00a0\u00a0\u00a0\u00a0 C\u00f3 t\u01b0 duy v\u1ec1 truy\u1ec1n th\u00f4ng th\u01b0\u01a1ng hi\u1ec7u<\/p>\n<p>&#8211;\u00a0\u00a0\u00a0\u00a0\u00a0\u00a0 C\u00f3 t\u00ednh c\u1ea9n th\u1eadn, t\u1ec9 m\u1ec9, chi ti\u1ebft, c\u00f3 kh\u1ea3 n\u0103ng t\u1eadp trung t\u01b0 duy s\u00e1ng t\u1ea1o, ph\u00e2n t\u00edch n\u1ed9i dung thi\u1ebft k\u1ebf, truy\u1ec1n t\u1ea3i \u00fd t\u01b0\u1edfng v\u00e0 giao ti\u1ebfp t\u1ed1t<\/p>\n<p>&#8211;\u00a0\u00a0\u00a0\u00a0\u00a0\u00a0 C\u00f3 kh\u1ea3 n\u0103ng s\u1eafp x\u1ebfp c\u00f4ng vi\u1ec7c, \u0111\u1ea3m b\u1ea3o deadline, c\u00f3 t\u00ednh t\u1ed5 ch\u1ee9c, c\u00f3 th\u1ec3 l\u00e0m vi\u1ec7c \u0111\u01b0\u1ee3c trong \u0111i\u1ec1u ki\u1ec7n \u00e1p l\u1ef1c cao khi tri\u1ec3n khai nhi\u1ec1u d\u1ef1 \u00e1n c\u00f9ng l\u00fac<\/p>\n<p>&#8211;\u00a0\u00a0\u00a0\u00a0\u00a0\u00a0 C\u00f3 kh\u1ea3 n\u0103ng l\u00e0m vi\u1ec7c \u0111\u1ed9c l\u1eadp v\u00e0 l\u00e0m vi\u1ec7c nh\u00f3m t\u1ed1t<\/p>\n<p><strong>TH\u00d4NG TIN KH\u00c1C<\/strong><\/p>\n<ul>\n<li>Th\u1eed vi\u1ec7c: t\u1ed1i \u0111a 2 th\u00e1ng<\/li>\n<li>Th\u1eddi gian l\u00e0m vi\u1ec7c: 8h &#8211; 17h30 t\u1eeb th\u1ee9 2 \u0111\u1ebfn th\u1ee9 7<\/li>\n<li>C\u01a1 h\u1ed9i hu\u1ea5n luy\u1ec7n: L\u1ed9 tr\u00ecnh th\u0103ng ti\u1ebfn r\u00f5 r\u00e0ng<\/li>\n<li>\u0110\u1ed3ng nghi\u1ec7p:<\/li>\n<\/ul>\n<p>M\u00f4i tr\u01b0\u1eddng l\u00e0m vi\u1ec7c tr\u1ebb trung, n\u0103ng \u0111\u1ed9ng, chuy\u00ean nghi\u1ec7p, l\u00e0m vi\u1ec7c theo team. C\u1ea5p tr\u00ean lu\u00f4n s\u1eb5n s\u00e0ng h\u1ed7 tr\u1ee3, \u0111\u1ecbnh h\u01b0\u1edbng khi c\u1ea7n<\/p>\n<ul>\n<li>Ph\u00fac l\u1ee3i:<\/li>\n<\/ul>\n<p>C\u00e1c \u1ee9ng vi\u00ean \u0111\u01b0\u1ee3c tuy\u1ec3n d\u1ee5ng s\u1ebd \u0111\u01b0\u1ee3c h\u01b0\u1edfng c\u00e1c quy\u1ec1n l\u1ee3i theo quy \u0111\u1ecbnh c\u1ee7a C\u00f4ng ty v\u00e0 c\u1ee7a ph\u00e1p lu\u1eadt; \u0111\u01b0\u1ee3c \u0111\u00f3ng BHXH, BHYT sau khi h\u1ebft th\u1eddi gian th\u1eed vi\u1ec7c<\/p>\n<p><strong>TH\u00d4NG TIN LI\u00caN H\u1ec6<\/strong><\/p>\n<ul>\n<li>C\u00f4ng ty: C\u00d4NG TY C\u1ed4 PH\u1ea6N \u0110\u1ea6U T\u01af EMI<\/li>\n<li>Ng\u01b0\u1eddi li\u00ean h\u1ec7: Ph\u00f2ng Nh\u00e2n S\u1ef1<\/li>\n<li>Email: tuyendungemi@gmail.com<\/li>\n<li>\u0110\u1ecba ch\u1ec9 li\u00ean h\u1ec7: Ho\u00e0n Ki\u1ebfm, H\u00e0 N\u1ed9i<\/li>\n<\/ul>\n<p>&nbsp;<\/p>","protected":false},"excerpt":{"rendered":"<p>Senior Graphic Designer Ch\u1ee9c danh:\u00a0Senior Graphic Designer M\u00e3 s\u1ed1: TOP HR 07 \u0110\u1ecba \u0111i\u1ec3m: H\u00e0 N\u1ed9i M\u1ee9c l\u01b0\u01a1ng: 8,000,000 &#8211; 20,000,000 VND C\u1ea5p b\u1eadc: Nh\u00e2n vi\u00ean B\u1eb1ng c\u1ea5p: \u0110\u1ea1i h\u1ecdc Kinh nghi\u1ec7m: 3 &#8211; 10 n\u0103m Ng\u00e0nh ngh\u1ec1: M\u1ef9 thu\u1eadt \/ Ngh\u1ec7 thu\u1eadt \/ Thi\u1ebft k\u1ebf, Ti\u1ebfp th\u1ecb \/ Marketing H\u00ecnh th\u1ee9c: Nh\u00e2n vi\u00ean ch\u00ednh &hellip;<\/p>\n<p class=\"read-more\"> <a class=\"\" href=\"https:\/\/emi.com.vn\/vi\/senior-graphic-designer\/\"> <span class=\"screen-reader-text\">Senior Graphic Designer<\/span> Read More &raquo;<\/a><\/p>","protected":false},"author":1,"featured_media":0,"parent":0,"menu_order":0,"comment_status":"closed","ping_status":"closed","template":"","meta":{"site-sidebar-layout":"no-sidebar","site-content-layout":"page-builder","ast-global-header-display":"","ast-main-header-display":"","ast-hfb-above-header-display":"","ast-hfb-below-header-display":"","ast-hfb-mobile-header-display":"","site-post-title":"disabled","ast-breadcrumbs-content":"","ast-featured-img":"disabled","footer-sml-layout":"","theme-transparent-header-meta":"enabled","adv-header-id-meta":"","stick-header-meta":"","header-above-stick-meta":"","header-main-stick-meta":"","header-below-stick-meta":"","footnotes":""},"class_list":["post-1127","page","type-page","status-publish","hentry"],"_links":{"self":[{"href":"https:\/\/emi.com.vn\/vi\/wp-json\/wp\/v2\/pages\/1127","targetHints":{"allow":["GET"]}}],"collection":[{"href":"https:\/\/emi.com.vn\/vi\/wp-json\/wp\/v2\/pages"}],"about":[{"href":"https:\/\/emi.com.vn\/vi\/wp-json\/wp\/v2\/types\/page"}],"author":[{"embeddable":true,"href":"https:\/\/emi.com.vn\/vi\/wp-json\/wp\/v2\/users\/1"}],"replies":[{"embeddable":true,"href":"https:\/\/emi.com.vn\/vi\/wp-json\/wp\/v2\/comments?post=1127"}],"version-history":[{"count":3,"href":"https:\/\/emi.com.vn\/vi\/wp-json\/wp\/v2\/pages\/1127\/revisions"}],"predecessor-version":[{"id":1436,"href":"https:\/\/emi.com.vn\/vi\/wp-json\/wp\/v2\/pages\/1127\/revisions\/1436"}],"wp:attachment":[{"href":"https:\/\/emi.com.vn\/vi\/wp-json\/wp\/v2\/media?parent=1127"}],"curies":[{"name":"wp","href":"https:\/\/api.w.org\/{rel}","templated":true}]}}