{"id":1134,"date":"2022-07-29T10:40:27","date_gmt":"2022-07-29T10:40:27","guid":{"rendered":"https:\/\/emi.com.vn\/?page_id=1134"},"modified":"2022-08-03T09:51:52","modified_gmt":"2022-08-03T09:51:52","slug":"general-accountant","status":"publish","type":"page","link":"https:\/\/emi.com.vn\/vi\/general-accountant\/","title":{"rendered":"K\u1ebf To\u00e1n T\u1ed5ng H\u1ee3p"},"content":{"rendered":"<p><strong>Ch\u1ee9c danh: K\u1ebf To\u00e1n T\u1ed5ng H\u1ee3p<\/strong><\/p>\n<ul>\n<li><strong>\u0110\u1ecba \u0111i\u1ec3m: <\/strong>H\u00e0 N\u1ed9i<\/li>\n<\/ul>\n<ul>\n<li><strong>M\u1ee9c l\u01b0\u01a1ng: <\/strong>10,000,000 &#8211; 15,000,000 VND<\/li>\n<\/ul>\n<ul>\n<li><strong>B\u1eb1ng c\u1ea5p:<\/strong> \u0110\u1ea1i h\u1ecdc<\/li>\n<\/ul>\n<ul>\n<li><strong>Kinh nghi\u1ec7m:<\/strong> 3 &#8211; 10 years<\/li>\n<\/ul>\n<ul>\n<li><strong>Ng\u00e0nh ngh\u1ec1:<\/strong> S\u1ea3n xu\u1ea5t \/ V\u1eadn h\u00e0nh s\u1ea3n xu\u1ea5t, Xu\u1ea5t nh\u1eadp kh\u1ea9u, K\u1ebf to\u00e1n \/ Ki\u1ec3m to\u00e1n<\/li>\n<\/ul>\n<ul>\n<li><strong>H\u00ecnh th\u1ee9c:<\/strong> Nh\u00e2n vi\u00ean ch\u00ednh th\u1ee9c<\/li>\n<\/ul>\n<ul>\n<li><strong>Tu\u1ed5i: <\/strong>25 &#8211; 35<\/li>\n<\/ul>\n<ul>\n<li><strong>Gi\u1edbi t\u00ednh:<\/strong> Nam \/ N\u1eef<\/li>\n<\/ul>\n<ul>\n<li><strong>H\u1ea1n nh\u1eadn h\u1ed3 s\u01a1:<\/strong> 31\/05\/2022<\/li>\n<\/ul>\n<ul>\n<li><strong>Ng\u00f4n ng\u1eef tr\u00ecnh b\u00e0y h\u1ed3 s\u01a1:<\/strong> Ti\u1ebfng Vi\u1ec7t<\/li>\n<\/ul>\n<p><strong>PH\u00daC L\u1ee2I<\/strong><\/p>\n<ul>\n<li>Laptop<\/li>\n<li>Ch\u1ebf \u0111\u1ed9 b\u1ea3o hi\u1ec3m<\/li>\n<li>Ph\u1ee5 c\u1ea5p<\/li>\n<li>\u0110\u00e0o t\u1ea1o<\/li>\n<li>C\u00f4ng t\u00e1c ph\u00ed<\/li>\n<\/ul>\n<p><strong>M\u00d4 T\u1ea2 C\u00d4NG VI\u1ec6C<\/strong><\/p>\n<p>Nh\u1eb1m chu\u1ea9n b\u1ecb cho d\u00e2y chuy\u1ec1n s\u1ea3n xu\u1ea5t v\u1ea3i kh\u00f4ng d\u1ec7t s\u1ebd \u0111\u01b0\u1ee3c \u0111\u01b0a v\u00e0o ho\u1ea1t \u0111\u1ed9ng trong qu\u00fd II n\u0103m 2022, ch\u00fang t\u00f4i \u0111ang c\u1ea7n chi\u00eau m\u1ed9 v\u1ecb tr\u00ed K\u1ebf to\u00e1n t\u1ed5ng h\u1ee3p cho c\u00f4ng ty v\u1ea3i kh\u00f4ng d\u1ec7t t\u1ea1i H\u01b0ng Y\u00ean, chi ti\u1ebft c\u00f4ng vi\u1ec7c nh\u01b0 sau:<\/p>\n<ol>\n<li>Ghi nh\u1eadn k\u1ecbp th\u1eddi c\u00e1c nghi\u1ec7p v\u1ee5 k\u1ebf to\u00e1n ph\u00e1t sinh<\/li>\n<li>H\u1ea1ch to\u00e1n c\u00e1c h\u00f3a \u0111\u01a1n, ch\u1ee9ng t\u1eeb k\u1ebf to\u00e1n l\u00ean ph\u1ea7n m\u1ec1n k\u1ebf to\u00e1n<\/li>\n<li>Ki\u1ec3m tra t\u00ednh h\u1ee3p ph\u00e1p, h\u1ee3p l\u1ec7 c\u1ee7a ch\u1ee9ng t\u1eeb<\/li>\n<li>L\u1eadp k\u1ebf ho\u1ea1ch t\u00e0i ch\u00ednh, k\u1ebf ho\u1ea1ch d\u00f2ng ti\u1ec1n theo tu\u1ea7n, th\u00e1ng, qu\u00fd<\/li>\n<li>L\u1eadp b\u00e1o c\u00e1o thu\u1ebf GTGT, BCTC, Thu\u1ebf TNCN, v\u00e0 c\u00e1c b\u00e1o c\u00e1o kh\u00e1c theo quy \u0111\u1ecbnh<\/li>\n<li>Ki\u1ec3m so\u00e1t l\u1eadp, \u0111i\u1ec1u ch\u1ec9nh b\u00e1o t\u00e0i ch\u00ednh th\u00e1ng, qu\u00fd, n\u0103m v\u00e0 c\u00e1c b\u00e1o c\u00e1o gi\u1ea3i tr\u00ecnh chi ti\u1ebft<\/li>\n<li>Ki\u1ec3m so\u00e1t v\u00e0 ph\u1ed1i h\u1ee3p th\u1ef1c hi\u1ec7n c\u00f4ng vi\u1ec7c \u0111\u1ed1i v\u1edbi c\u00e1c k\u1ebf to\u00e1n n\u1ed9i b\u1ed9 kh\u00e1c<\/li>\n<li>L\u1eadp b\u00e1o c\u00e1o h\u00e0ng tu\u1ea7n, h\u00e0ng qu\u00fd ho\u1eb7c \u0111\u1ed9t xu\u1ea5t theo ch\u1ec9 \u0111\u1ea1o c\u1ee7a c\u1ea5p tr\u00ean<\/li>\n<li>C\u00e1c c\u00f4ng vi\u1ec7c kh\u00e1c s\u1ebd trao \u0111\u1ed5i c\u1ee5 th\u1ec3 khi ph\u1ecfng v\u1ea5n<\/li>\n<\/ol>\n<p><strong>Y\u00caU C\u1ea6U C\u00d4NG VI\u1ec6C<\/strong><\/p>\n<ol>\n<li>T\u1ed1t nghi\u1ec7p \u0110\u1ea1i h\u1ecdc tr\u1edf l\u00ean chuy\u00ean ng\u00e0nh k\u1ebf to\u00e1n, \u01b0u ti\u00ean \u1ee9ng vi\u00ean c\u00f3 kinh nghi\u1ec7m l\u00e0m trong c\u00e1c c\u00f4ng ty xu\u1ea5t nh\u1eadp kh\u1ea9u, c\u00f4ng ty s\u1ea3n xu\u1ea5t<\/li>\n<li>Am hi\u1ec3u v\u1ec1 quy \u0111\u1ecbnh, ch\u00ednh s\u00e1ch c\u1ee7a Nh\u00e0 n\u01b0\u1edbc v\u00e0 C\u00f4ng ty li\u00ean quan \u0111\u1ebfn t\u1ed5 ch\u1ee9c c\u00f4ng t\u00e1c k\u1ebf to\u00e1n, t\u00e0i ch\u00ednh, thu\u1ebf<\/li>\n<li>C\u00f3 kinh nghi\u1ec7m l\u00e0m k\u1ebf to\u00e1n t\u1ed5ng h\u1ee3p t\u1eeb 2 n\u0103m tr\u1edf l\u00ean<\/li>\n<li>S\u1eed d\u1ee5ng th\u00e0nh th\u1ea1o excel v\u00e0 ph\u1ea7n m\u1ec1m k\u1ebf to\u00e1n<\/li>\n<li>Ch\u1ecbu \u00e1p l\u1ef1c t\u1ed1t, c\u00f3 tinh th\u1ea7n tr\u00e1ch nhi\u1ec7m<\/li>\n<li>K\u1ef9 n\u0103ng thu th\u1eadp s\u1ed1 li\u1ec7u k\u1ebf to\u00e1n, th\u1ed1ng k\u00ea v\u00e0 t\u1ed5ng h\u1ee3p l\u1eadp b\u00e1o c\u00e1o ph\u00e2n t\u00edch, \u0111\u1ec1 xu\u1ea5t bi\u1ec7n ph\u00e1p th\u1ef1c hi\u1ec7n<\/li>\n<li>C\u00f3 kh\u1ea3 n\u0103ng g\u1eafn b\u00f3 l\u00e2u d\u00e0i<\/li>\n<\/ol>\n<p><strong>QUY\u1ec0N L\u1ee2I<\/strong><\/p>\n<p>&#8211; Working time: from Monday to Friday<\/p>\n<p>&#8211; Competitive salary and bonus<\/p>\n<p>&#8211; Dynamic environment, will be trained and developed<\/p>\n<p>&#8211; Health &amp; Social Insurance according to the provisions of Law<\/p>\n<p><strong>TH\u00d4NG TIN KH\u00c1C<\/strong><\/p>\n<p><strong>LI\u00caN H\u1ec6<\/strong><\/p>\n<ul>\n<li>C\u00f4ng ty: C\u00d4NG TY C\u1ed4 PH\u1ea6N \u0110\u1ea6U T\u01af EMI<\/li>\n<li>Ng\u01b0\u1eddi li\u00ean h\u1ec7: Ph\u00f2ng Nh\u00e2n S\u1ef1<\/li>\n<li>Email: Tuyendungemi@gmail.com<\/li>\n<li>\u0110\u1ecba ch\u1ec9 li\u00ean h\u1ec7: 83A L\u00fd Th\u01b0\u1eddng Ki\u1ec7t, Ho\u00e0n Ki\u1ebfm, H\u00e0 N\u1ed9i<\/li>\n<\/ul>\n<p>&nbsp;<\/p>","protected":false},"excerpt":{"rendered":"<p>Position: General Accountant Location: Hanoi Salary: 10,000,000 &#8211; 15,000,000 VND Degree: University Experience: 3 &#8211; 10 years Major: Production \/ Operations, Import and Export, Accounting \/ Auditing Employment type: Full-time Age: 25 &#8211; 35 Gender: Male \/ Female Deadline: May 31, 2022 Language of Profile Presentation: Vietnamese BENEFITS Laptop Health &amp; Social Insurance Allowances Training &hellip;<\/p>\n<p class=\"read-more\"> <a class=\"\" href=\"https:\/\/emi.com.vn\/vi\/general-accountant\/\"> <span class=\"screen-reader-text\">K\u1ebf To\u00e1n T\u1ed5ng H\u1ee3p<\/span> Read More &raquo;<\/a><\/p>","protected":false},"author":1,"featured_media":0,"parent":0,"menu_order":0,"comment_status":"closed","ping_status":"closed","template":"","meta":{"site-sidebar-layout":"no-sidebar","site-content-layout":"page-builder","ast-global-header-display":"","ast-main-header-display":"","ast-hfb-above-header-display":"","ast-hfb-below-header-display":"","ast-hfb-mobile-header-display":"","site-post-title":"disabled","ast-breadcrumbs-content":"","ast-featured-img":"disabled","footer-sml-layout":"","theme-transparent-header-meta":"enabled","adv-header-id-meta":"","stick-header-meta":"","header-above-stick-meta":"","header-main-stick-meta":"","header-below-stick-meta":"","footnotes":""},"class_list":["post-1134","page","type-page","status-publish","hentry"],"_links":{"self":[{"href":"https:\/\/emi.com.vn\/vi\/wp-json\/wp\/v2\/pages\/1134","targetHints":{"allow":["GET"]}}],"collection":[{"href":"https:\/\/emi.com.vn\/vi\/wp-json\/wp\/v2\/pages"}],"about":[{"href":"https:\/\/emi.com.vn\/vi\/wp-json\/wp\/v2\/types\/page"}],"author":[{"embeddable":true,"href":"https:\/\/emi.com.vn\/vi\/wp-json\/wp\/v2\/users\/1"}],"replies":[{"embeddable":true,"href":"https:\/\/emi.com.vn\/vi\/wp-json\/wp\/v2\/comments?post=1134"}],"version-history":[{"count":4,"href":"https:\/\/emi.com.vn\/vi\/wp-json\/wp\/v2\/pages\/1134\/revisions"}],"predecessor-version":[{"id":1672,"href":"https:\/\/emi.com.vn\/vi\/wp-json\/wp\/v2\/pages\/1134\/revisions\/1672"}],"wp:attachment":[{"href":"https:\/\/emi.com.vn\/vi\/wp-json\/wp\/v2\/media?parent=1134"}],"curies":[{"name":"wp","href":"https:\/\/api.w.org\/{rel}","templated":true}]}}