{"id":1143,"date":"2022-07-29T10:43:48","date_gmt":"2022-07-29T10:43:48","guid":{"rendered":"https:\/\/emi.com.vn\/?page_id=1143"},"modified":"2022-07-29T10:57:47","modified_gmt":"2022-07-29T10:57:47","slug":"minh-tien-2","status":"publish","type":"page","link":"https:\/\/emi.com.vn\/vi\/minh-tien-2\/","title":{"rendered":"Minh Tien 2"},"content":{"rendered":"<h3>\n\t\tD\u1ef1 \u00e1n m\u1ecf \u0111\u00e1 hoa tr\u1eafng Minh Ti\u1ebfn 2\n\t<\/h3>\n\t<p><strong>\u0110\u1ecba \u0111i\u1ec3m th\u1ef1c hi\u1ec7n d\u1ef1 \u00e1n:<\/strong> X\u00e3 Minh Ti\u1ebfn, huy\u1ec7n L\u1ee5c Y\u00ean, t\u1ec9nh Y\u00ean B\u00e1i.<\/p>\n<p><strong>Di\u1ec7n t\u00edch:<\/strong> 55,03ha, trong \u0111\u00f3: di\u1ec7n t\u00edch khai th\u00e1c: 31,25ha;<\/p>\n<p><strong>Quy m\u00f4 d\u1ef1 \u00e1n: <\/strong><\/p>\n<p>&#8211; Tr\u1eef l\u01b0\u1ee3ng khai th\u00e1c c\u1ee7a m\u1ecf: 19.152.072m<sup>3<\/sup><\/p>\n<p>&#8211; C\u00f4ng su\u1ea5t khai th\u00e1c m\u1ecf:<\/p>\n<p>+ \u0110\u00e1 hoa l\u00e0m \u0111\u00e1 \u1ed1p l\u00e1t: 227.870 m<sup>3<\/sup>\/n\u0103m<\/p>\n<p>+ \u0110\u00e1 hoa l\u00e0m b\u1ed9t cacbonat calci: 1.157.300t\u1ea5n\/n\u0103m<\/p>\n<p>&#8211; Th\u1eddi gian khai th\u00e1c m\u1ecf l\u00e0 30 n\u0103m trong \u0111\u00f3 2 n\u0103m x\u00e2y d\u1ef1ng c\u01a1 b\u1ea3n.<\/p>","protected":false},"excerpt":{"rendered":"<p>D\u1ef1 \u00e1n m\u1ecf \u0111\u00e1 hoa tr\u1eafng Minh Ti\u1ebfn 2 \u0110\u1ecba \u0111i\u1ec3m th\u1ef1c hi\u1ec7n d\u1ef1 \u00e1n: X\u00e3 Minh Ti\u1ebfn, huy\u1ec7n L\u1ee5c Y\u00ean, t\u1ec9nh Y\u00ean B\u00e1i. Di\u1ec7n t\u00edch: 55,03ha, trong \u0111\u00f3: di\u1ec7n t\u00edch khai th\u00e1c: 31,25ha; Quy m\u00f4 d\u1ef1 \u00e1n: &#8211; Tr\u1eef l\u01b0\u1ee3ng khai th\u00e1c c\u1ee7a m\u1ecf: 19.152.072m3 &#8211; C\u00f4ng su\u1ea5t khai th\u00e1c m\u1ecf: + \u0110\u00e1 hoa &hellip;<\/p>\n<p class=\"read-more\"> <a class=\"\" href=\"https:\/\/emi.com.vn\/vi\/minh-tien-2\/\"> <span class=\"screen-reader-text\">Minh Tien 2<\/span> Read More &raquo;<\/a><\/p>","protected":false},"author":1,"featured_media":0,"parent":0,"menu_order":0,"comment_status":"closed","ping_status":"closed","template":"","meta":{"site-sidebar-layout":"no-sidebar","site-content-layout":"page-builder","ast-global-header-display":"","ast-main-header-display":"","ast-hfb-above-header-display":"","ast-hfb-below-header-display":"","ast-hfb-mobile-header-display":"","site-post-title":"disabled","ast-breadcrumbs-content":"","ast-featured-img":"disabled","footer-sml-layout":"","theme-transparent-header-meta":"enabled","adv-header-id-meta":"","stick-header-meta":"","header-above-stick-meta":"","header-main-stick-meta":"","header-below-stick-meta":"","footnotes":""},"class_list":["post-1143","page","type-page","status-publish","hentry"],"_links":{"self":[{"href":"https:\/\/emi.com.vn\/vi\/wp-json\/wp\/v2\/pages\/1143","targetHints":{"allow":["GET"]}}],"collection":[{"href":"https:\/\/emi.com.vn\/vi\/wp-json\/wp\/v2\/pages"}],"about":[{"href":"https:\/\/emi.com.vn\/vi\/wp-json\/wp\/v2\/types\/page"}],"author":[{"embeddable":true,"href":"https:\/\/emi.com.vn\/vi\/wp-json\/wp\/v2\/users\/1"}],"replies":[{"embeddable":true,"href":"https:\/\/emi.com.vn\/vi\/wp-json\/wp\/v2\/comments?post=1143"}],"version-history":[{"count":3,"href":"https:\/\/emi.com.vn\/vi\/wp-json\/wp\/v2\/pages\/1143\/revisions"}],"predecessor-version":[{"id":1164,"href":"https:\/\/emi.com.vn\/vi\/wp-json\/wp\/v2\/pages\/1143\/revisions\/1164"}],"wp:attachment":[{"href":"https:\/\/emi.com.vn\/vi\/wp-json\/wp\/v2\/media?parent=1143"}],"curies":[{"name":"wp","href":"https:\/\/api.w.org\/{rel}","templated":true}]}}