{"id":1148,"date":"2022-07-29T10:45:03","date_gmt":"2022-07-29T10:45:03","guid":{"rendered":"https:\/\/emi.com.vn\/?page_id=1148"},"modified":"2022-07-29T10:59:07","modified_gmt":"2022-07-29T10:59:07","slug":"thon-8-muong-lai","status":"publish","type":"page","link":"https:\/\/emi.com.vn\/vi\/thon-8-muong-lai\/","title":{"rendered":"Thon 8 Muong Lai"},"content":{"rendered":"<h3>\n\t\tD\u1ef1 \u00e1n m\u1ecf \u0111\u00e1 hoa tr\u1eafng Th\u00f4n 8 M\u01b0\u1eddng Lai\n\t<\/h3>\n\t<p><strong>\u0110\u1ecba \u0111i\u1ec3m th\u1ef1c hi\u1ec7n d\u1ef1 \u00e1n:<\/strong> X\u00e3 M\u01b0\u1eddng Lai, huy\u1ec7n L\u1ee5c Y\u00ean, t\u1ec9nh Y\u00ean B\u00e1i.<\/p>\n<p><strong>Di\u1ec7n t\u00edch khai th\u00e1c d\u1ef1 \u00e1n:<\/strong> 53,8ha<\/p>\n<p><strong>Tr\u1eef l\u01b0\u1ee3ng<\/strong><strong>:<\/strong><\/p>\n<p>&#8211; \u0110\u00e1 hoa \u0111\u1ea1t ti\u00eau chu\u1ea9n \u0111\u00e1 kh\u1ed1i l\u00e0m \u1ed1p l\u00e1t:<strong> 13 189 <\/strong>ngh\u00ecn m<sup>3<\/sup>.<\/p>\n<p>&#8211; \u0110\u00e1 hoa tr\u1eafng l\u00e0m b\u1ed9t cacbonat calci: <strong>24 034<\/strong> ngh\u00ecn t\u1ea5n.<\/p>\n<p><em>&#8211; <\/em>\u0110\u00e1 hoa x\u00e1m c\u00f3 th\u1ec3 s\u1eed d\u1ee5ng l\u00e0m v\u1eadt li\u1ec7u x\u00e2y d\u1ef1ng th\u00f4ng th\u01b0\u1eddng: <strong>53 768 <\/strong>ngh\u00ecn m<sup>3<\/sup>.<\/p>","protected":false},"excerpt":{"rendered":"<p>D\u1ef1 \u00e1n m\u1ecf \u0111\u00e1 hoa tr\u1eafng Th\u00f4n 8 M\u01b0\u1eddng Lai \u0110\u1ecba \u0111i\u1ec3m th\u1ef1c hi\u1ec7n d\u1ef1 \u00e1n: X\u00e3 M\u01b0\u1eddng Lai, huy\u1ec7n L\u1ee5c Y\u00ean, t\u1ec9nh Y\u00ean B\u00e1i. Di\u1ec7n t\u00edch khai th\u00e1c d\u1ef1 \u00e1n: 53,8ha Tr\u1eef l\u01b0\u1ee3ng: &#8211; \u0110\u00e1 hoa \u0111\u1ea1t ti\u00eau chu\u1ea9n \u0111\u00e1 kh\u1ed1i l\u00e0m \u1ed1p l\u00e1t: 13 189 ngh\u00ecn m3. &#8211; \u0110\u00e1 hoa tr\u1eafng l\u00e0m b\u1ed9t &hellip;<\/p>\n<p class=\"read-more\"> <a class=\"\" href=\"https:\/\/emi.com.vn\/vi\/thon-8-muong-lai\/\"> <span class=\"screen-reader-text\">Thon 8 Muong Lai<\/span> Read More &raquo;<\/a><\/p>","protected":false},"author":1,"featured_media":0,"parent":0,"menu_order":0,"comment_status":"closed","ping_status":"closed","template":"","meta":{"site-sidebar-layout":"no-sidebar","site-content-layout":"page-builder","ast-global-header-display":"","ast-main-header-display":"","ast-hfb-above-header-display":"","ast-hfb-below-header-display":"","ast-hfb-mobile-header-display":"","site-post-title":"disabled","ast-breadcrumbs-content":"","ast-featured-img":"disabled","footer-sml-layout":"","theme-transparent-header-meta":"enabled","adv-header-id-meta":"","stick-header-meta":"","header-above-stick-meta":"","header-main-stick-meta":"","header-below-stick-meta":"","footnotes":""},"class_list":["post-1148","page","type-page","status-publish","hentry"],"_links":{"self":[{"href":"https:\/\/emi.com.vn\/vi\/wp-json\/wp\/v2\/pages\/1148","targetHints":{"allow":["GET"]}}],"collection":[{"href":"https:\/\/emi.com.vn\/vi\/wp-json\/wp\/v2\/pages"}],"about":[{"href":"https:\/\/emi.com.vn\/vi\/wp-json\/wp\/v2\/types\/page"}],"author":[{"embeddable":true,"href":"https:\/\/emi.com.vn\/vi\/wp-json\/wp\/v2\/users\/1"}],"replies":[{"embeddable":true,"href":"https:\/\/emi.com.vn\/vi\/wp-json\/wp\/v2\/comments?post=1148"}],"version-history":[{"count":3,"href":"https:\/\/emi.com.vn\/vi\/wp-json\/wp\/v2\/pages\/1148\/revisions"}],"predecessor-version":[{"id":1169,"href":"https:\/\/emi.com.vn\/vi\/wp-json\/wp\/v2\/pages\/1148\/revisions\/1169"}],"wp:attachment":[{"href":"https:\/\/emi.com.vn\/vi\/wp-json\/wp\/v2\/media?parent=1148"}],"curies":[{"name":"wp","href":"https:\/\/api.w.org\/{rel}","templated":true}]}}