{"id":1154,"date":"2022-07-29T10:46:15","date_gmt":"2022-07-29T10:46:15","guid":{"rendered":"https:\/\/emi.com.vn\/?page_id=1154"},"modified":"2022-07-29T10:58:01","modified_gmt":"2022-07-29T10:58:01","slug":"mo-dong-can-co","status":"publish","type":"page","link":"https:\/\/emi.com.vn\/vi\/mo-dong-can-co\/","title":{"rendered":"Mo Dong Can Co"},"content":{"rendered":"<h3>\n\t\tD\u1ef1 \u00e1n m\u1ecf \u0111\u1ed3ng C\u0103n Co\n\t<\/h3>\n\t<p><strong>\u0110\u1ecba \u0111i\u1ec3m th\u1ef1c hi\u1ec7n d\u1ef1 \u00e1n:<\/strong> X\u00e3 C\u0103n co, huy\u1ec7n S\u00ecn H\u1ed3, t\u1ec9nh Lai Ch\u00e2u<\/p>\n<p><strong>Di\u1ec7n t\u00edch:<\/strong> 8,2ha<\/p>\n<p><strong>Quy m\u00f4 d\u1ef1 \u00e1n: <\/strong><\/p>\n<p>+ Tr\u1eef l\u01b0\u1ee3ng m\u1ecf: 52.158 t\u1ea5n<\/p>\n<p>+ Tr\u1eef l\u01b0\u1ee3ng khai th\u00e1c: 44.334 t\u1ea5n.<\/p>\n<p>+ C\u00f4ng su\u1ea5t khai th\u00e1c m\u1ecf: 25.000 t\u1ea5n qu\u1eb7ng\/n\u0103m<\/p>\n<p>+ Th\u1eddi gian khai th\u00e1c m\u1ecf: 10 n\u0103m<\/p>","protected":false},"excerpt":{"rendered":"<p>D\u1ef1 \u00e1n m\u1ecf \u0111\u1ed3ng C\u0103n Co \u0110\u1ecba \u0111i\u1ec3m th\u1ef1c hi\u1ec7n d\u1ef1 \u00e1n: X\u00e3 C\u0103n co, huy\u1ec7n S\u00ecn H\u1ed3, t\u1ec9nh Lai Ch\u00e2u Di\u1ec7n t\u00edch: 8,2ha Quy m\u00f4 d\u1ef1 \u00e1n: + Tr\u1eef l\u01b0\u1ee3ng m\u1ecf: 52.158 t\u1ea5n + Tr\u1eef l\u01b0\u1ee3ng khai th\u00e1c: 44.334 t\u1ea5n. + C\u00f4ng su\u1ea5t khai th\u00e1c m\u1ecf: 25.000 t\u1ea5n qu\u1eb7ng\/n\u0103m + Th\u1eddi gian khai th\u00e1c &hellip;<\/p>\n<p class=\"read-more\"> <a class=\"\" href=\"https:\/\/emi.com.vn\/vi\/mo-dong-can-co\/\"> <span class=\"screen-reader-text\">Mo Dong Can Co<\/span> Read More &raquo;<\/a><\/p>","protected":false},"author":1,"featured_media":0,"parent":0,"menu_order":0,"comment_status":"closed","ping_status":"closed","template":"","meta":{"site-sidebar-layout":"no-sidebar","site-content-layout":"page-builder","ast-global-header-display":"","ast-main-header-display":"","ast-hfb-above-header-display":"","ast-hfb-below-header-display":"","ast-hfb-mobile-header-display":"","site-post-title":"disabled","ast-breadcrumbs-content":"","ast-featured-img":"disabled","footer-sml-layout":"","theme-transparent-header-meta":"enabled","adv-header-id-meta":"","stick-header-meta":"","header-above-stick-meta":"","header-main-stick-meta":"","header-below-stick-meta":"","footnotes":""},"class_list":["post-1154","page","type-page","status-publish","hentry"],"_links":{"self":[{"href":"https:\/\/emi.com.vn\/vi\/wp-json\/wp\/v2\/pages\/1154","targetHints":{"allow":["GET"]}}],"collection":[{"href":"https:\/\/emi.com.vn\/vi\/wp-json\/wp\/v2\/pages"}],"about":[{"href":"https:\/\/emi.com.vn\/vi\/wp-json\/wp\/v2\/types\/page"}],"author":[{"embeddable":true,"href":"https:\/\/emi.com.vn\/vi\/wp-json\/wp\/v2\/users\/1"}],"replies":[{"embeddable":true,"href":"https:\/\/emi.com.vn\/vi\/wp-json\/wp\/v2\/comments?post=1154"}],"version-history":[{"count":3,"href":"https:\/\/emi.com.vn\/vi\/wp-json\/wp\/v2\/pages\/1154\/revisions"}],"predecessor-version":[{"id":1165,"href":"https:\/\/emi.com.vn\/vi\/wp-json\/wp\/v2\/pages\/1154\/revisions\/1165"}],"wp:attachment":[{"href":"https:\/\/emi.com.vn\/vi\/wp-json\/wp\/v2\/media?parent=1154"}],"curies":[{"name":"wp","href":"https:\/\/api.w.org\/{rel}","templated":true}]}}