{"id":1225,"date":"2022-07-30T03:41:21","date_gmt":"2022-07-30T03:41:21","guid":{"rendered":"https:\/\/emi.com.vn\/?page_id=1225"},"modified":"2022-07-31T10:26:12","modified_gmt":"2022-07-31T10:26:12","slug":"human-resources-executive","status":"publish","type":"page","link":"https:\/\/emi.com.vn\/vi\/human-resources-executive\/","title":{"rendered":"Chuy\u00ean Vi\u00ean Ho\u1ea1ch \u0110\u1ecbnh Nh\u00e2n S\u1ef1"},"content":{"rendered":"<p><strong>Chuy\u00ean Vi\u00ean Ho\u1ea1ch \u0110\u1ecbnh Nh\u00e2n S\u1ef1<\/strong><\/p>\n<p><strong>Ch\u1ee9c danh:\u00a0<\/strong><strong>Chuy\u00ean Vi\u00ean Ho\u1ea1ch \u0110\u1ecbnh Nh\u00e2n S\u1ef1<\/strong><\/p>\n<ul>\n<li><strong>M\u00e3 s\u1ed1: <\/strong>TOP HR 05<\/li>\n<\/ul>\n<ul>\n<li><strong>\u0110\u1ecba \u0111i\u1ec3m: <\/strong>H\u00e0 N\u1ed9i<\/li>\n<\/ul>\n<ul>\n<li><strong>M\u1ee9c l\u01b0\u01a1ng: <\/strong>12,000,000 &#8211; 18,000,000 VND<\/li>\n<\/ul>\n<ul>\n<li><strong>C\u1ea5p b\u1eadc: <\/strong>Nh\u00e2n vi\u00ean<\/li>\n<\/ul>\n<ul>\n<li><strong>B\u1eb1ng c\u1ea5p: <\/strong>\u0110\u1ea1i h\u1ecdc<\/li>\n<\/ul>\n<ul>\n<li><strong>Kinh nghi\u1ec7m: <\/strong>3 &#8211; 7 n\u0103m<\/li>\n<\/ul>\n<ul>\n<li><strong>Ng\u00e0nh ngh\u1ec1: <\/strong>Nh\u00e2n s\u1ef1<\/li>\n<\/ul>\n<ul>\n<li><strong>H\u00ecnh th\u1ee9c: <\/strong>Nh\u00e2n vi\u00ean ch\u00ednh th\u1ee9c<\/li>\n<\/ul>\n<ul>\n<li><strong>Tu\u1ed5i: <\/strong>25 &#8211; 35<\/li>\n<\/ul>\n<ul>\n<li><strong>Gi\u1edbi t\u00ednh: <\/strong>Nam\/N\u1eef<\/li>\n<\/ul>\n<ul>\n<li><strong>H\u1ea1n nh\u1eadn h\u1ed3 s\u01a1: <\/strong>22\/11\/2021<\/li>\n<\/ul>\n<ul>\n<li><strong>Ng\u00f4n Ng\u1eef Tr\u00ecnh B\u00e0y H\u1ed3 S\u01a1: <\/strong>Ti\u1ebfng Anh, Ti\u1ebfng Vi\u1ec7t<\/li>\n<\/ul>\n<p><strong>PH\u00daC L\u1ee2I<\/strong><\/p>\n<ul>\n<li>Ch\u1ebf \u0111\u1ed9 b\u1ea3o hi\u1ec3m<\/li>\n<li>Du L\u1ecbch<\/li>\n<li>Ch\u1ebf \u0111\u1ed9 th\u01b0\u1edfng<\/li>\n<li>Ch\u0103m s\u00f3c s\u1ee9c kh\u1ecfe<\/li>\n<li>\u0110\u00e0o t\u1ea1o<\/li>\n<li>T\u0103ng l\u01b0\u01a1ng<\/li>\n<li>C\u00f4ng t\u00e1c ph\u00ed<\/li>\n<li>Ngh\u1ec9 ph\u00e9p n\u0103m<\/li>\n<\/ul>\n<p><strong>M\u00d4 T\u1ea2 C\u00d4NG VI\u1ec6C<\/strong><\/p>\n&#8211; Tham gia x\u00e2y d\u1ef1ng c\u01a1 c\u1ea5u t\u1ed5 ch\u1ee9c, ch\u1ee9c n\u0103ng nhi\u1ec7m v\u1ee5, h\u1ec7 th\u1ed1ng ch\u1ee9c danh, m\u00f4 t\u1ea3 c\u00f4ng vi\u1ec7c, \u0111\u1ecbnh bi\u00ean nh\u00e2n s\u1ef1 c\u00e1c Ban thu\u1ed9c HO.<br \/>\n&#8211; \u0110\u1ecbnh k\u00ec r\u00e0 so\u00e1t, ch\u1ec9nh s\u1eeda, b\u1ed5 sung c\u01a1 c\u1ea5u t\u1ed5 ch\u1ee9c&#8230;<br \/>\n&#8211; Truy\u1ec1n th\u00f4ng v\u1ec1 t\u1ed5 ch\u1ee9c b\u1ed9 m\u00e1y, ch\u1ee9c n\u0103ng nhi\u1ec7m v\u1ee5 c\u00e1c ph\u00f2ng, ban, \u0111\u01a1n v\u1ecb&#8230;<br \/>\n&#8211; H\u1ed7 tr\u1ee3 ng\u00e0nh d\u1ecdc trong vi\u1ec7c x\u00e2y d\u1ef1ng v\u00e0 t\u1ed5 ch\u1ee9c b\u1ed9 m\u00e1y nh\u00e2n s\u1ef1 t\u1ea1i c\u00e1c \u0110\u01a1n v\u1ecb th\u00e0nh vi\u00ean.<br \/>\n&#8211; Tham gia x\u00e2y d\u1ef1ng h\u1ec7 th\u1ed1ng KPIs, ti\u00eau chu\u1ea9n nh\u00e2n s\u1ef1, khung n\u0103ng l\u1ef1c cho C\u00f4ng Ty.<br \/>\n&#8211; Tri\u1ec3n khai \u0111\u00e1nh gi\u00e1 h\u1ec7 th\u1ed1ng KPIs, c\u00e1c h\u1ec7 th\u1ed1ng \u0111\u00e1nh gi\u00e1 kh\u00e1c v\u00e0 khung n\u0103ng l\u1ef1c cho C\u00f4ng Ty.<br \/>\n&#8211; Tham gia x\u00e2y d\u1ef1ng l\u1ed9 tr\u00ecnh c\u00f4ng danh cho CBNV&#8230;\n<p><strong>Y\u00caU C\u1ea6U C\u00d4NG VI\u1ec6C<\/strong><\/p>\n<p>&#8211; \u0110\u00e3 t\u1eebng l\u00e0m c\u00f4ng t\u00e1c x\u00e2y d\u1ef1ng c\u01a1 c\u1ea5u t\u1ed5 ch\u1ee9c, KPI, khung n\u0103ng l\u1ef1c t\u1ea1i c\u00e1c C\u00f4ng ty quy m\u00f4 t\u1eeb 200 nh\u00e2n s\u1ef1 tr\u1edf l\u00ean.<\/p>\n<p>&#8211; \u00a0\u01afu ti\u00ean t\u1ed1t nghi\u1ec7p chuy\u00ean ng\u00e0nh QTNL.<\/p>\n<p>&#8211;\u00a0 C\u00f3 th\u1ec3 \u0111i c\u00f4ng t\u00e1c l\u00e0 m\u1ed9t l\u1ee3i th\u1ebf<\/p>\n<p><strong>TH\u00d4NG TIN KH\u00c1C<\/strong><\/p>\n<p><strong>TH\u00d4NG TIN LI\u00caN H\u1ec6<\/strong><\/p>\n<ul>\n<li>C\u00f4ng ty: C\u00d4NG TY C\u1ed4 PH\u1ea6N \u0110\u1ea6U T\u01af EMI<\/li>\n<li>Ng\u01b0\u1eddi li\u00ean h\u1ec7: Ph\u00f2ng Nh\u00e2n S\u1ef1<\/li>\n<li>Email: tuyendungemi@gmail.com<\/li>\n<li>\u0110\u1ecba ch\u1ec9 li\u00ean h\u1ec7: Ho\u00e0n Ki\u1ebfm, H\u00e0 N\u1ed9i<\/li>\n<\/ul>\n<p>&nbsp;<\/p>","protected":false},"excerpt":{"rendered":"<p>Chuy\u00ean Vi\u00ean Ho\u1ea1ch \u0110\u1ecbnh Nh\u00e2n S\u1ef1 Ch\u1ee9c danh:\u00a0Chuy\u00ean Vi\u00ean Ho\u1ea1ch \u0110\u1ecbnh Nh\u00e2n S\u1ef1 M\u00e3 s\u1ed1: TOP HR 05 \u0110\u1ecba \u0111i\u1ec3m: H\u00e0 N\u1ed9i M\u1ee9c l\u01b0\u01a1ng: 12,000,000 &#8211; 18,000,000 VND C\u1ea5p b\u1eadc: Nh\u00e2n vi\u00ean B\u1eb1ng c\u1ea5p: \u0110\u1ea1i h\u1ecdc Kinh nghi\u1ec7m: 3 &#8211; 7 n\u0103m Ng\u00e0nh ngh\u1ec1: Nh\u00e2n s\u1ef1 H\u00ecnh th\u1ee9c: Nh\u00e2n vi\u00ean ch\u00ednh th\u1ee9c Tu\u1ed5i: 25 &#8211; &hellip;<\/p>\n<p class=\"read-more\"> <a class=\"\" href=\"https:\/\/emi.com.vn\/vi\/human-resources-executive\/\"> <span class=\"screen-reader-text\">Chuy\u00ean Vi\u00ean Ho\u1ea1ch \u0110\u1ecbnh Nh\u00e2n S\u1ef1<\/span> Read More &raquo;<\/a><\/p>","protected":false},"author":1,"featured_media":0,"parent":0,"menu_order":0,"comment_status":"closed","ping_status":"closed","template":"","meta":{"site-sidebar-layout":"no-sidebar","site-content-layout":"page-builder","ast-global-header-display":"","ast-main-header-display":"","ast-hfb-above-header-display":"","ast-hfb-below-header-display":"","ast-hfb-mobile-header-display":"","site-post-title":"disabled","ast-breadcrumbs-content":"","ast-featured-img":"disabled","footer-sml-layout":"","theme-transparent-header-meta":"enabled","adv-header-id-meta":"","stick-header-meta":"","header-above-stick-meta":"","header-main-stick-meta":"","header-below-stick-meta":"","footnotes":""},"class_list":["post-1225","page","type-page","status-publish","hentry"],"_links":{"self":[{"href":"https:\/\/emi.com.vn\/vi\/wp-json\/wp\/v2\/pages\/1225","targetHints":{"allow":["GET"]}}],"collection":[{"href":"https:\/\/emi.com.vn\/vi\/wp-json\/wp\/v2\/pages"}],"about":[{"href":"https:\/\/emi.com.vn\/vi\/wp-json\/wp\/v2\/types\/page"}],"author":[{"embeddable":true,"href":"https:\/\/emi.com.vn\/vi\/wp-json\/wp\/v2\/users\/1"}],"replies":[{"embeddable":true,"href":"https:\/\/emi.com.vn\/vi\/wp-json\/wp\/v2\/comments?post=1225"}],"version-history":[{"count":4,"href":"https:\/\/emi.com.vn\/vi\/wp-json\/wp\/v2\/pages\/1225\/revisions"}],"predecessor-version":[{"id":1428,"href":"https:\/\/emi.com.vn\/vi\/wp-json\/wp\/v2\/pages\/1225\/revisions\/1428"}],"wp:attachment":[{"href":"https:\/\/emi.com.vn\/vi\/wp-json\/wp\/v2\/media?parent=1225"}],"curies":[{"name":"wp","href":"https:\/\/api.w.org\/{rel}","templated":true}]}}