{"id":1229,"date":"2022-07-30T03:47:24","date_gmt":"2022-07-30T03:47:24","guid":{"rendered":"https:\/\/emi.com.vn\/?page_id=1229"},"modified":"2022-07-31T10:31:44","modified_gmt":"2022-07-31T10:31:44","slug":"project-management-staff","status":"publish","type":"page","link":"https:\/\/emi.com.vn\/vi\/project-management-staff\/","title":{"rendered":"Chuy\u00ean vi\u00ean qu\u1ea3n l\u00fd d\u1ef1 \u00e1n"},"content":{"rendered":"<p><strong>Chuy\u00ean vi\u00ean qu\u1ea3n l\u00fd d\u1ef1 \u00e1n<\/strong><\/p>\n<p><strong>Ch\u1ee9c danh:\u00a0<\/strong><strong>Chuy\u00ean vi\u00ean qu\u1ea3n l\u00fd d\u1ef1 \u00e1n<\/strong><\/p>\n<ul>\n<li><strong>M\u00e3 s\u1ed1: <\/strong>EMI9<\/li>\n<\/ul>\n<ul>\n<li><strong>\u0110\u1ecba \u0111i\u1ec3m: <\/strong>Gia Lai<\/li>\n<\/ul>\n<ul>\n<li><strong>M\u1ee9c l\u01b0\u01a1ng: <\/strong>12,000,000 &#8211; 20,000,000 VND<\/li>\n<\/ul>\n<ul>\n<li><strong>C\u1ea5p b\u1eadc: <\/strong>Nh\u00e2n vi\u00ean<\/li>\n<\/ul>\n<ul>\n<li><strong>B\u1eb1ng c\u1ea5p: <\/strong>\u0110\u1ea1i h\u1ecdc<\/li>\n<\/ul>\n<ul>\n<li><strong>Kinh nghi\u1ec7m: <\/strong>5 &#8211; 10 n\u0103m<\/li>\n<\/ul>\n<ul>\n<li><strong>Ng\u00e0nh ngh\u1ec1: <\/strong>Qu\u1ea3n l\u00fd ch\u1ea5t l\u01b0\u1ee3ng (QA\/QC), X\u00e2y d\u1ef1ng<\/li>\n<\/ul>\n<ul>\n<li><strong>H\u00ecnh th\u1ee9c: <\/strong>Nh\u00e2n vi\u00ean ch\u00ednh th\u1ee9c<\/li>\n<\/ul>\n<ul>\n<li><strong>Tu\u1ed5i: <\/strong>28 &#8211; 35<\/li>\n<\/ul>\n<ul>\n<li><strong>Gi\u1edbi t\u00ednh: <\/strong>Nam<\/li>\n<\/ul>\n<ul>\n<li><strong>H\u1ea1n nh\u1eadn h\u1ed3 s\u01a1: <\/strong>17\/05\/2021<\/li>\n<\/ul>\n<ul>\n<li><strong>Ng\u00f4n Ng\u1eef Tr\u00ecnh B\u00e0y H\u1ed3 S\u01a1: <\/strong>Ti\u1ebfng Vi\u1ec7t<\/li>\n<\/ul>\n<p><strong>PH\u00daC L\u1ee2I<\/strong><\/p>\n<ul>\n<li>Laptop<\/li>\n<li>Ch\u1ebf \u0111\u1ed9 b\u1ea3o hi\u1ec3m<\/li>\n<li>Ph\u1ee5 c\u1ea5p<\/li>\n<li>Ch\u1ebf \u0111\u1ed9 th\u01b0\u1edfng<\/li>\n<li>T\u0103ng l\u01b0\u01a1ng<\/li>\n<li>C\u00f4ng t\u00e1c ph\u00ed<\/li>\n<\/ul>\n<p><strong>M\u00d4 T\u1ea2 C\u00d4NG VI\u1ec6C<\/strong><\/p>\n<p>C\u00f4ng ty C\u1ed5 ph\u1ea7n \u0111\u1ea7u t\u01b0 EMI l\u00e0 m\u1ed9t trong nh\u1eefng chuy\u00ean gia h\u00e0ng \u0111\u1ea7u trong ng\u00e0nh \u0111i\u1ec7n gi\u00f3 \u0111ang c\u1ea7n t\u00ecm \u1ee9ng vi\u00ean ti\u1ec1m n\u0103ng cho v\u1ecb tr\u00ed Chuy\u00ean vi\u00ean Qu\u1ea3n l\u00fd d\u1ef1 \u00e1n. H\u00e3y \u0111\u1ebfn v\u1edbi ch\u00fang t\u00f4i n\u1ebfu nh\u01b0 b\u1ea1n \u0111ang tim m\u1ed9t m\u00f4i tr\u01b0\u1eddng l\u00e0m vi\u1ec7c chuy\u00ean nghi\u1ec7p \u0111\u01b0\u1ee3c ti\u1ebfp x\u00fac v\u1edbi nhi\u1ec1u chuy\u00ean gia \u0111\u1ea7u ng\u00e0nh trong v\u00e0 ngo\u00e0i n\u01b0\u1edbc, c\u00f3 ph\u00fac l\u1ee3i c\u1ea1nh tranh tr\u00ean th\u1ecb tr\u01b0\u1eddng lao \u0111\u1ed9ng.<\/p>\n<p>M\u00f4 t\u1ea3 c\u00f4ng vi\u1ec7c<\/p>\n<p>&#8211; N\u1eafm r\u00f5, ph\u00e2n t\u00edch v\u00e0 \u0111\u00e1nh gi\u00e1 t\u00ecnh tr\u1ea1ng hi\u1ec7n t\u1ea1i c\u1ee7a vi\u1ec7c th\u1ef1c hi\u1ec7n d\u1ef1 \u00e1n \u0111\u1ed3ng th\u1eddi n\u1eafm \u0111\u01b0\u1ee3c c\u00e1c quy tr\u00ecnh th\u1ef1c hi\u1ec7n d\u1ef1 \u00e1n \u0111\u1ec3 l\u1eadp k\u1ebf ho\u1ea1ch qu\u1ea3n l\u00fd, ki\u1ec3m so\u00e1t d\u1ef1 \u00e1n<\/p>\n<p>&#8211; Xem x\u00e9t, \u0111\u00e1nh gi\u00e1 nh\u1eefng thay \u0111\u1ed5i trong thi\u1ebft k\u1ebf, thi c\u00f4ng x\u00e2y d\u1ef1ng, mua s\u1eafm v\u1eadt t\u01b0, trang thi\u1ebft b\u1ecb, an to\u00e0n lao \u0111\u1ed9ng, v\u1ec7 sinh m\u00f4i tr\u01b0\u1eddng v\u00e0 ph\u00f2ng ch\u00e1y ch\u1eefa ch\u00e1y, ch\u1ea1y th\u1eed nghi\u1ec7m thu v\u00e0 b\u00e0n giao c\u00f4ng tr\u00ecnh, \u0111\u00e0o t\u1ea1o v\u1eadn h\u00e0nh,&#8230;\u0110\u1ea3m b\u1ea3o cho c\u00e1c thay \u0111\u1ed5i tr\u00ean kh\u00f4ng \u1ea3nh t\u1edbi an to\u00e0n, ch\u1ea5t l\u01b0\u1ee3ng c\u0169ng nh\u01b0 ti\u1ebfn \u0111\u1ed9 th\u1ef1c hi\u1ec7n d\u1ef1 \u00e1n.<\/p>\n<p>&#8211; L\u1eadp h\u1ed3 s\u01a1 m\u1eddi th\u1ea7u, l\u1ef1a ch\u1ecdn nh\u00e0 th\u1ea7u.<\/p>\n<p>&#8211; Th\u1ef1c hi\u1ec7n c\u00e1c th\u1ee7 t\u1ee5c ph\u00e1p l\u00fd d\u1ef1 \u00e1n trong giai \u0111o\u1ea1n tri\u1ec3n khai d\u1ef1 \u00e1n.<\/p>\n<p>&#8211; Xem x\u00e9t, ki\u1ec3m tra c\u00e1c t\u00e0i li\u1ec7u c\u1ee7a c\u00e1c nh\u00e0 th\u1ea7u theo h\u1ee3p \u0111\u1ed3ng \u0111\u00e3 k\u00fd k\u1ebft v\u1edbi Ch\u1ee7 \u0111\u1ea7u t\u01b0.<\/p>\n<p>&#8211; Th\u1ef1c hi\u1ec7n c\u00e1c c\u00f4ng vi\u1ec7c kh\u00e1c theo y\u00eau c\u1ea7u c\u1ee7a Ban l\u00e3nh \u0111\u1ea1o C\u00f4ng ty.<\/p>\n<p><strong>Y\u00caU C\u1ea6U C\u00d4NG VI\u1ec6C<\/strong><\/p>\n<p>&#8211; Chuy\u00ean ngh\u00e0nh: qu\u1ea3n l\u00fd d\u1ef1 \u00e1n<\/p>\n<p>&#8211; Kinh nghi\u1ec7m : 5 n\u0103m<\/p>\n<p>&#8211; \u0110\u00e3 c\u00f3 kinh nghi\u1ec7m qu\u1ea3n l\u00fd c\u00e1c d\u1ef1 \u00e1n \u0111\u1ea7u t\u01b0 x\u00e2y d\u1ef1ng c\u01a1 b\u1ea3n.<\/p>\n<p>&#8211; \u01afu ti\u00ean c\u00e1c \u1ee9ng vi\u00ean c\u00f3 ch\u1ee9ng ch\u1ec9 qu\u1ea3n l\u00fd d\u1ef1 \u00e1n t\u1eeb h\u1ea1ng 2 tr\u1edf l\u00ean.<\/p>\n&#8211; \u01afu ti\u00ean c\u00e1c \u1ee9ng vi\u00ean \u0111\u00e3 c\u00f3 kinh nghi\u1ec7m th\u1ef1c hi\u1ec7n c\u00e1c d\u1ef1 \u00e1n \u0111\u1ea7u t\u01b0 x\u00e2y d\u1ef1ng \u0110i\u1ec7n gi\u00f3, H\u1ea1 t\u1ea7ng k\u1ef9 thu\u1eadt b\u1ea5t \u0111\u1ed9ng s\u1ea3n.<br \/>\n&#8211; T\u1ed1t Nghi\u1ec7p \u0110H h\u1ec7 ch\u00ednh quy tr\u01b0\u1eddng c\u00e1c tr\u01b0\u1eddng: \u0110H Ki\u1ebfn Tr\u00fac, \u0110H B\u00e1ch Khoa, \u0110H X\u00e2y d\u1ef1ng \u0110H Giao th\u00f4ng, Kinh t\u1ebf, T\u00e0i ch\u00ednh&#8230;\n<p>&#8211; K\u1ef9 n\u0103ng : Project, Word, Excel.<\/p>\n<p><strong>TH\u00d4NG TIN KH\u00c1C<\/strong><\/p>\n<p><strong>TH\u00d4NG TIN LI\u00caN H\u1ec6<\/strong><\/p>\n<ul>\n<li>C\u00f4ng ty: C\u00d4NG TY C\u1ed4 PH\u1ea6N \u0110\u1ea6U T\u01af EMI<\/li>\n<li>Ng\u01b0\u1eddi li\u00ean h\u1ec7: Ph\u00f2ng Nh\u00e2n S\u1ef1<\/li>\n<li>Email: tuyendungemi@gmail.com<\/li>\n<li>\u0110\u1ecba ch\u1ec9 li\u00ean h\u1ec7: 83A L\u00fd Th\u01b0\u1eddng Ki\u1ec7t, Ho\u00e0n Ki\u1ebfm, H\u00e0 N\u1ed9i<\/li>\n<\/ul>\n<p>&nbsp;<\/p>","protected":false},"excerpt":{"rendered":"<p>Chuy\u00ean vi\u00ean qu\u1ea3n l\u00fd d\u1ef1 \u00e1n Ch\u1ee9c danh:\u00a0Chuy\u00ean vi\u00ean qu\u1ea3n l\u00fd d\u1ef1 \u00e1n M\u00e3 s\u1ed1: EMI9 \u0110\u1ecba \u0111i\u1ec3m: Gia Lai M\u1ee9c l\u01b0\u01a1ng: 12,000,000 &#8211; 20,000,000 VND C\u1ea5p b\u1eadc: Nh\u00e2n vi\u00ean B\u1eb1ng c\u1ea5p: \u0110\u1ea1i h\u1ecdc Kinh nghi\u1ec7m: 5 &#8211; 10 n\u0103m Ng\u00e0nh ngh\u1ec1: Qu\u1ea3n l\u00fd ch\u1ea5t l\u01b0\u1ee3ng (QA\/QC), X\u00e2y d\u1ef1ng H\u00ecnh th\u1ee9c: Nh\u00e2n vi\u00ean ch\u00ednh th\u1ee9c &hellip;<\/p>\n<p class=\"read-more\"> <a class=\"\" href=\"https:\/\/emi.com.vn\/vi\/project-management-staff\/\"> <span class=\"screen-reader-text\">Chuy\u00ean vi\u00ean qu\u1ea3n l\u00fd d\u1ef1 \u00e1n<\/span> Read More &raquo;<\/a><\/p>","protected":false},"author":1,"featured_media":0,"parent":0,"menu_order":0,"comment_status":"closed","ping_status":"closed","template":"","meta":{"site-sidebar-layout":"no-sidebar","site-content-layout":"page-builder","ast-global-header-display":"","ast-main-header-display":"","ast-hfb-above-header-display":"","ast-hfb-below-header-display":"","ast-hfb-mobile-header-display":"","site-post-title":"disabled","ast-breadcrumbs-content":"","ast-featured-img":"disabled","footer-sml-layout":"","theme-transparent-header-meta":"enabled","adv-header-id-meta":"","stick-header-meta":"","header-above-stick-meta":"","header-main-stick-meta":"","header-below-stick-meta":"","footnotes":""},"class_list":["post-1229","page","type-page","status-publish","hentry"],"_links":{"self":[{"href":"https:\/\/emi.com.vn\/vi\/wp-json\/wp\/v2\/pages\/1229","targetHints":{"allow":["GET"]}}],"collection":[{"href":"https:\/\/emi.com.vn\/vi\/wp-json\/wp\/v2\/pages"}],"about":[{"href":"https:\/\/emi.com.vn\/vi\/wp-json\/wp\/v2\/types\/page"}],"author":[{"embeddable":true,"href":"https:\/\/emi.com.vn\/vi\/wp-json\/wp\/v2\/users\/1"}],"replies":[{"embeddable":true,"href":"https:\/\/emi.com.vn\/vi\/wp-json\/wp\/v2\/comments?post=1229"}],"version-history":[{"count":13,"href":"https:\/\/emi.com.vn\/vi\/wp-json\/wp\/v2\/pages\/1229\/revisions"}],"predecessor-version":[{"id":1435,"href":"https:\/\/emi.com.vn\/vi\/wp-json\/wp\/v2\/pages\/1229\/revisions\/1435"}],"wp:attachment":[{"href":"https:\/\/emi.com.vn\/vi\/wp-json\/wp\/v2\/media?parent=1229"}],"curies":[{"name":"wp","href":"https:\/\/api.w.org\/{rel}","templated":true}]}}