{"id":1233,"date":"2022-07-30T03:48:47","date_gmt":"2022-07-30T03:48:47","guid":{"rendered":"https:\/\/emi.com.vn\/?page_id=1233"},"modified":"2022-07-31T10:28:31","modified_gmt":"2022-07-31T10:28:31","slug":"potential-leader-for-finance","status":"publish","type":"page","link":"https:\/\/emi.com.vn\/vi\/potential-leader-for-finance\/","title":{"rendered":"Potential Leader for Finance &#8211; Accounting Division"},"content":{"rendered":"<p><strong>\u00a0L\u00e3nh \u0111\u1ea1o ti\u1ec1m n\u0103ng cho Kh\u1ed1i T\u00e0i ch\u00ednh &#8211; K\u1ebf to\u00e1n <\/strong><\/p>\n<p><strong>Ch\u1ee9c danh:<\/strong><strong> L\u00e3nh \u0111\u1ea1o ti\u1ec1m n\u0103ng cho Kh\u1ed1i T\u00e0i ch\u00ednh &#8211; K\u1ebf to\u00e1n (l\u01b0\u01a1ng up to 1200 USD)<\/strong><\/p>\n<ul>\n<li><strong>M\u00e3 s\u1ed1<\/strong><\/li>\n<li><strong>\u0110\u1ecba \u0111i\u1ec3m: <\/strong>H\u00e0 N\u1ed9i<\/li>\n<\/ul>\n<ul>\n<li><strong>M\u1ee9c l\u01b0\u01a1ng: <\/strong>7,000,000 &#8211; 30,000,000 VND<\/li>\n<\/ul>\n<ul>\n<li><strong>C\u1ea5p b\u1eadc: <\/strong>Qu\u1ea3n l\u00fd<\/li>\n<\/ul>\n<ul>\n<li><strong>B\u1eb1ng c\u1ea5p: <\/strong>\u0110\u1ea1i h\u1ecdc<\/li>\n<\/ul>\n<ul>\n<li><strong>Kinh nghi\u1ec7m: <\/strong>Kh\u00f4ng y\u00eau c\u1ea7u kinh nghi\u1ec7m<\/li>\n<\/ul>\n<ul>\n<li><strong>Ng\u00e0nh ngh\u1ec1: <\/strong>M\u1edbi t\u1ed1t nghi\u1ec7p \/ Th\u1ef1c t\u1eadp, X\u00e2y d\u1ef1ng, K\u1ebf to\u00e1n \/ Ki\u1ec3m to\u00e1n<\/li>\n<\/ul>\n<ul>\n<li><strong>H\u00ecnh th\u1ee9c: <\/strong>Nh\u00e2n vi\u00ean ch\u00ednh th\u1ee9c<\/li>\n<\/ul>\n<ul>\n<li><strong>Tu\u1ed5i: <\/strong>Kh\u00f4ng gi\u1edbi h\u1ea1n tu\u1ed5i t\u00e1c<\/li>\n<\/ul>\n<ul>\n<li><strong>Gi\u1edbi t\u00ednh: <\/strong>Nam\/N\u1eef<\/li>\n<\/ul>\n<ul>\n<li><strong>H\u1ea1n nh\u1eadn h\u1ed3 s\u01a1: <\/strong>31\/08\/2021<\/li>\n<\/ul>\n<ul>\n<li><strong>Ng\u00f4n Ng\u1eef Tr\u00ecnh B\u00e0y H\u1ed3 S\u01a1: <\/strong>Ti\u1ebfng Vi\u1ec7t<\/li>\n<\/ul>\n<p><strong>PH\u00daC L\u1ee2I<\/strong><\/p>\n<ul>\n<li>Ch\u1ebf \u0111\u1ed9 b\u1ea3o hi\u1ec3m<\/li>\n<li>Du L\u1ecbch<\/li>\n<li>Ph\u1ee5 c\u1ea5p<\/li>\n<li>Ch\u1ebf \u0111\u1ed9 th\u01b0\u1edfng<\/li>\n<li>Ch\u0103m s\u00f3c s\u1ee9c kh\u1ecfe<\/li>\n<li>T\u0103ng l\u01b0\u01a1ng<\/li>\n<\/ul>\n<p><strong>M\u00d4 T\u1ea2 C\u00d4NG VI\u1ec6C<\/strong><\/p>\n<p><strong>T\u00ccM KI\u1ebeM L\u00c3NH \u0110\u1ea0O NGU\u1ed2N, M\u1ea2NG T\u00c0I CH\u00cdNH &#8211; K\u1ebe TO\u00c1N\u00a0<\/strong><em>(l\u01b0\u01a1ng up to 1200 USD)<\/em><\/p>\n<p><strong>Ch\u00fang t\u00f4i l\u00e0 m\u1ed9t T\u1eadp \u0111o\u00e0n l\u1edbn trong l\u0129nh v\u1ef1c n\u0103ng l\u01b0\u1ee3ng t\u00e1i t\u1ea1o (\u0111i\u1ec7n gi\u00f3, \u0111i\u1ec7n m\u1eb7t tr\u1eddi&#8230;) v\u00e0 khai th\u00e1c kho\u00e1ng s\u1ea3n.<\/strong><\/p>\n<p><strong>T\u1ea1i \u0111\u00e2y, b\u1ea1n s\u1ebd \u0111\u01b0\u1ee3c l\u00e0m vi\u1ec7c trong m\u1ed9t m\u00f4i tr\u01b0\u1eddng n\u0103ng \u0111\u1ed9ng, s\u00e1ng t\u1ea1o. B\u1ea1n s\u1ebd c\u00f3 c\u01a1 h\u1ed9i th\u01b0\u1eddng xuy\u00ean h\u1ee3p t\u00e1c v\u1edbi c\u00e1c \u0111\u1ed1i t\u00e1c h\u00e0ng \u0111\u1ea7u c\u1ee7a n\u01b0\u1edbc ngo\u00e0i.<\/strong><\/p>\n<p>B\u1ea1n mong mu\u1ed1n ph\u00e1t tri\u1ec3n b\u1ea3n th\u00e2n, theo \u0111u\u1ed5i s\u1ef1 nghi\u1ec7p v\u1eefng ch\u1eafc, \u0111\u1ecbnh h\u01b0\u1edbng tr\u1edf th\u00e0nh chuy\u00ean gia h\u00e0ng \u0111\u1ea7u trong l\u0129nh v\u1ef1c T\u00e0i ch\u00ednh &#8211; K\u1ebf to\u00e1n?<\/p>\n<p>&#8211; H\u00e3y c\u00f9ng \u0111\u1eb7t nh\u1eefng b\u01b0\u1edbc ch\u00e2n b\u1ee9t t\u1ed1c \u0111\u1ea7u ti\u00ean tr\u00ean h\u00e0nh tr\u00ecnh \u0111\u00f3.<\/p>\n<p>&#8211; M\u1ee9c l\u01b0\u01a1ng b\u1ea1n nh\u1eadn kh\u00f4ng c\u00f3 gi\u1edbi h\u1ea1n, n\u00f3 ph\u1ee5 thu\u1ed9c ni\u1ec1m \u0111am m\u00ea, ti\u1ec1m n\u0103ng v\u00e0 kh\u1ea3 n\u0103ng b\u1ee9t ph\u00e1 c\u1ee7a b\u1ea1n.<\/p>\nCh\u00fang t\u00f4i \u0111ang c\u1ea7n ph\u00e1t tri\u1ec3n m\u1ed9t \u0111\u1ed9i ng\u0169 L\u00e3nh \u0111\u1ea1o ngu\u1ed3n cho m\u1ea3ng T\u00e0i ch\u00ednh &#8211; K\u1ebf to\u00e1n, t\u1ea1o ngu\u1ed3n: t\u1eeb v\u1ecb tr\u00ed Chuy\u00ean vi\u00ean l\u00ean Chuy\u00ean vi\u00ean cao c\u1ea5p, Tr\u01b0\u1edfng\/ Ph\u00f3 Ph\u00f2ng T\u00e0i ch\u00ednh K\u1ebf to\u00e1n, Gi\u00e1m \u0111\u1ed1c TCKT: h\u00e3y apply ngay \u0111\u1ec3 ch\u00fang t\u00f4i contact v\u1edbi b\u1ea1n<br \/>\n\u200b<br \/>\nM\u00d4 T\u1ea2 C\u00d4NG VI\u1ec6C\n<p>&#8211; K\u1ebf to\u00e1n tr\u01b0\u1edfng\/ Ph\u00f3 Ph\u00f2ng K\u1ebf to\u00e1n thu\u1ed9c C\u00f4ng ty m\u1eb9 (t\u1eeb 20 &#8211; 30 tri\u1ec7u)<\/p>\n<p>&#8211; K\u1ebf to\u00e1n tr\u01b0\u1edfng thu\u1ed9c C\u00f4ng ty con (T\u1ed5ng th\u1ea7u) (t\u1eeb 18 &#8211; 25 tri\u1ec7u)<\/p>\n<p>&#8211; K\u1ebf to\u00e1n t\u1ed5ng h\u1ee3p thu\u1ed9c C\u00f4ng ty m\u1eb9 (t\u1eeb 10 &#8211; 18 tri\u1ec7u)<\/p>\n<p>&#8211; K\u1ebf to\u00e1n thu\u1ebf (t\u1eeb 7 &#8211; 15 tri\u1ec7u)<\/p>\n<p>&#8211; K\u1ebf to\u00e1n thanh to\u00e1n (t\u1eeb 7 &#8211; 12 tri\u1ec7u)<\/p>\n<p>&#8211; K\u1ebf to\u00e1n vi\u00ean (t\u1eeb 7 &#8211; 12 tri\u1ec7u)<\/p>\n<p>&#8211; Th\u1ef1c t\u1eadp sinh K\u1ebf to\u00e1n (t\u1eeb 3 tri\u1ec7u &#8211; 7 tri\u1ec7u)<\/p>\n<p>\u0110\u00c3I NG\u1ed8 \u0110\u1eb6C BI\u1ec6T<\/p>\n<p>&#8211; Th\u01b0\u1edfng d\u1ef1 \u00e1n, th\u01b0\u1edfng l\u1ec5, t\u1ebft, th\u00e1ng 13++&#8230;<\/p>\n<p>&#8211; C\u01a1 h\u1ed9i th\u01b0\u1eddng xuy\u00ean \u0111\u01b0\u1ee3c c\u00f4ng t\u00e1c v\u00e0 du l\u1ecbch n\u01b0\u1edbc ngo\u00e0i<\/p>\n<p>&#8211; M\u00f4i tr\u01b0\u1eddng l\u00e0m vi\u1ec7c n\u0103ng \u0111\u1ed9ng<\/p>\n<p>&#8211; C\u01a1 h\u1ed9i \u0111\u01b0\u1ee3c l\u00e0m vi\u1ec7c v\u1edbi c\u00e1c \u0111\u1ed1i t\u00e1c n\u01b0\u1edbc ngo\u00e0i chuy\u00ean nghi\u1ec7p<\/p>\n<p><strong>Y\u00caU C\u1ea6U C\u00d4NG VI\u1ec6C<\/strong><\/p>\n<p>&#8211;\u00a0\u00a0\u00a0\u00a0\u00a0\u00a0\u00a0T\u1ed1t nghi\u1ec7p \u0111\u00fang chuy\u00ean ng\u00e0nh T\u00e0i ch\u00ednh &#8211; K\u1ebf to\u00e1n<\/p>\n<p>&#8211;\u00a0\u00a0\u00a0\u00a0\u00a0\u00a0\u00a0\u01afu ti\u00ean c\u00e1c \u1ee9ng vi\u00ean t\u1ed1t nghi\u1ec7p lo\u1ea1i Gi\u1ecfi\/ Xu\u1ea5t s\u1eafc c\u00e1c tr\u01b0\u1eddng H\u1ecdc vi\u1ec7n T\u00e0i ch\u00ednh, Th\u01b0\u01a1ng m\u1ea1i, KTQD&#8230;<\/p>\n<p>&#8211;\u00a0\u00a0\u00a0\u00a0\u00a0\u00a0\u00a0C\u00e1c v\u1ecb tr\u00ed Qu\u1ea3n l\u00fd: c\u1ea7n c\u00f3 kinh nghi\u1ec7m l\u00e0m vi\u1ec7c v\u1edbi vai tr\u00f2 c\u1ee7a Ch\u1ee7 \u0111\u1ea7u t\u01b0 x\u00e2y d\u1ef1ng, \u0111\u1eb7c bi\u1ec7t trong ng\u00e0nh c\u00f4ng nghi\u1ec7p.<\/p>\n<p>&#8211;\u00a0\u00a0\u00a0\u00a0\u00a0\u00a0\u00a0K\u1ef9 n\u0103ng giao ti\u1ebfp t\u1ed1t, c\u00f3 ti\u1ebfng Anh l\u00e0 m\u1ed9t l\u1ee3i th\u1ebf.<\/p>\n<p>&#8211;\u00a0\u00a0\u00a0\u00a0\u00a0\u00a0\u00a0K\u1ef9 n\u0103ng l\u00e0m vi\u1ec7c nh\u00f3m v\u00e0 k\u1ebft n\u1ed1i m\u1ecdi ng\u01b0\u1eddi v\u1edbi nha<\/p>\n<p><strong>TH\u00d4NG TIN KH\u00c1C<\/strong><\/p>\n<p><strong>TH\u00d4NG TIN LI\u00caN H\u1ec6<\/strong><\/p>\n<ul>\n<li>C\u00f4ng ty: C\u00d4NG TY C\u1ed4 PH\u1ea6N \u0110\u1ea6U T\u01af EMI<\/li>\n<li>Ng\u01b0\u1eddi li\u00ean h\u1ec7: Ph\u00f2ng Nh\u00e2n S\u1ef1<\/li>\n<li>Email: <a href=\"mailto:tuyendungemi@gmail.com\">tuyendungemi@gmail.com<\/a><\/li>\n<li>\u0110\u1ecba ch\u1ec9 li\u00ean h\u1ec7: 83A L\u00fd Th\u01b0\u1eddng Ki\u1ec7t, Ho\u00e0n Ki\u1ebfm, H\u00e0 N\u1ed9i<\/li>\n<\/ul>\n<p>&nbsp;<\/p>","protected":false},"excerpt":{"rendered":"<p>\u00a0L\u00e3nh \u0111\u1ea1o ti\u1ec1m n\u0103ng cho Kh\u1ed1i T\u00e0i ch\u00ednh &#8211; K\u1ebf to\u00e1n Ch\u1ee9c danh: L\u00e3nh \u0111\u1ea1o ti\u1ec1m n\u0103ng cho Kh\u1ed1i T\u00e0i ch\u00ednh &#8211; K\u1ebf to\u00e1n (l\u01b0\u01a1ng up to 1200 USD) M\u00e3 s\u1ed1 \u0110\u1ecba \u0111i\u1ec3m: H\u00e0 N\u1ed9i M\u1ee9c l\u01b0\u01a1ng: 7,000,000 &#8211; 30,000,000 VND C\u1ea5p b\u1eadc: Qu\u1ea3n l\u00fd B\u1eb1ng c\u1ea5p: \u0110\u1ea1i h\u1ecdc Kinh nghi\u1ec7m: Kh\u00f4ng y\u00eau c\u1ea7u kinh &hellip;<\/p>\n<p class=\"read-more\"> <a class=\"\" href=\"https:\/\/emi.com.vn\/vi\/potential-leader-for-finance\/\"> <span class=\"screen-reader-text\">Potential Leader for Finance &#8211; Accounting Division<\/span> Read More &raquo;<\/a><\/p>","protected":false},"author":1,"featured_media":0,"parent":0,"menu_order":0,"comment_status":"closed","ping_status":"closed","template":"","meta":{"site-sidebar-layout":"no-sidebar","site-content-layout":"page-builder","ast-global-header-display":"","ast-main-header-display":"","ast-hfb-above-header-display":"","ast-hfb-below-header-display":"","ast-hfb-mobile-header-display":"","site-post-title":"disabled","ast-breadcrumbs-content":"","ast-featured-img":"disabled","footer-sml-layout":"","theme-transparent-header-meta":"enabled","adv-header-id-meta":"","stick-header-meta":"","header-above-stick-meta":"","header-main-stick-meta":"","header-below-stick-meta":"","footnotes":""},"class_list":["post-1233","page","type-page","status-publish","hentry"],"_links":{"self":[{"href":"https:\/\/emi.com.vn\/vi\/wp-json\/wp\/v2\/pages\/1233","targetHints":{"allow":["GET"]}}],"collection":[{"href":"https:\/\/emi.com.vn\/vi\/wp-json\/wp\/v2\/pages"}],"about":[{"href":"https:\/\/emi.com.vn\/vi\/wp-json\/wp\/v2\/types\/page"}],"author":[{"embeddable":true,"href":"https:\/\/emi.com.vn\/vi\/wp-json\/wp\/v2\/users\/1"}],"replies":[{"embeddable":true,"href":"https:\/\/emi.com.vn\/vi\/wp-json\/wp\/v2\/comments?post=1233"}],"version-history":[{"count":5,"href":"https:\/\/emi.com.vn\/vi\/wp-json\/wp\/v2\/pages\/1233\/revisions"}],"predecessor-version":[{"id":1431,"href":"https:\/\/emi.com.vn\/vi\/wp-json\/wp\/v2\/pages\/1233\/revisions\/1431"}],"wp:attachment":[{"href":"https:\/\/emi.com.vn\/vi\/wp-json\/wp\/v2\/media?parent=1233"}],"curies":[{"name":"wp","href":"https:\/\/api.w.org\/{rel}","templated":true}]}}