{"id":1237,"date":"2022-07-30T03:50:24","date_gmt":"2022-07-30T03:50:24","guid":{"rendered":"https:\/\/emi.com.vn\/?page_id=1237"},"modified":"2022-07-31T10:27:37","modified_gmt":"2022-07-31T10:27:37","slug":"mechanical-engineer","status":"publish","type":"page","link":"https:\/\/emi.com.vn\/vi\/mechanical-engineer\/","title":{"rendered":"K\u1ef9 S\u01b0 C\u01a1 Kh\u00ed"},"content":{"rendered":"<p><strong>K\u1ef9 S\u01b0 C\u01a1 Kh\u00ed<\/strong><\/p>\n<p><strong>Ch\u1ee9c danh:\u00a0<\/strong><strong>K\u1ef9 S\u01b0 C\u01a1 Kh\u00ed<\/strong><\/p>\n<ul>\n<li><strong>M\u00e3 s\u1ed1: <\/strong>EMI12<\/li>\n<\/ul>\n<ul>\n<li><strong>\u0110\u1ecba \u0111i\u1ec3m: <\/strong>Gia Lai<\/li>\n<\/ul>\n<ul>\n<li><strong>M\u1ee9c l\u01b0\u01a1ng: <\/strong>12,000,000 &#8211; 16,000,000 VND<\/li>\n<\/ul>\n<ul>\n<li><strong>C\u1ea5p b\u1eadc: <\/strong>Nh\u00e2n vi\u00ean<\/li>\n<\/ul>\n<ul>\n<li><strong>B\u1eb1ng c\u1ea5p: <\/strong>\u0110\u1ea1i h\u1ecdc<\/li>\n<\/ul>\n<ul>\n<li><strong>Kinh nghi\u1ec7m: <\/strong>2 &#8211; 10 n\u0103m<\/li>\n<\/ul>\n<ul>\n<li><strong>Ng\u00e0nh ngh\u1ec1: <\/strong>B\u1ea3o tr\u00ec \/ S\u1eeda ch\u1eefa, C\u01a1 kh\u00ed\u00a0\/ \u00d4 t\u00f4\u00a0\/ T\u1ef1 \u0111\u1ed9ng h\u00f3a, X\u00e2y d\u1ef1ng<\/li>\n<\/ul>\n<ul>\n<li><strong>H\u00ecnh th\u1ee9c: <\/strong>Nh\u00e2n vi\u00ean ch\u00ednh th\u1ee9c<\/li>\n<\/ul>\n<ul>\n<li><strong>Tu\u1ed5i: <\/strong>25 &#8211; 35<\/li>\n<\/ul>\n<ul>\n<li><strong>Gi\u1edbi t\u00ednh: <\/strong>Nam<\/li>\n<\/ul>\n<ul>\n<li><strong>H\u1ea1n nh\u1eadn h\u1ed3 s\u01a1: <\/strong>22\/08\/2021<\/li>\n<\/ul>\n<ul>\n<li><strong>Ng\u00f4n Ng\u1eef Tr\u00ecnh B\u00e0y H\u1ed3 S\u01a1: <\/strong>Ti\u1ebfng Vi\u1ec7t<\/li>\n<\/ul>\n<p><strong>PH\u00daC L\u1ee2I<\/strong><\/p>\n<ul>\n<li>Laptop<\/li>\n<li>Ch\u1ebf \u0111\u1ed9 b\u1ea3o hi\u1ec3m<\/li>\n<li>Ph\u1ee5 c\u1ea5p<\/li>\n<li>Ch\u1ebf \u0111\u1ed9 th\u01b0\u1edfng<\/li>\n<li>\u0110\u00e0o t\u1ea1o<\/li>\n<li>T\u0103ng l\u01b0\u01a1ng<\/li>\n<li>C\u00f4ng t\u00e1c ph\u00ed<\/li>\n<\/ul>\n<p><strong>M\u00d4 T\u1ea2 C\u00d4NG VI\u1ec6C<\/strong><\/p>\n<p>Nh\u1eb1m chu\u1ea9n b\u1ecb cho c\u00e1c d\u1ef1 \u00e1n \u0110i\u1ec7n gi\u00f3 s\u1ebd \u0111i v\u00e0o v\u1eadn h\u00e0nh trong n\u0103m 2021 t\u1ea1i Mi\u1ec1n Trung v\u00e0 T\u00e2y Nguy\u00ean, C\u00f4ng ty C\u1ed5 ph\u1ea7n \u0111\u1ea7u t\u01b0 EMI c\u1ea7n tuy\u1ec3n c\u1ed9ng s\u1ef1 v\u1edbi nh\u1eefng y\u00eau c\u1ea7u v\u1ec1 c\u00f4ng vi\u1ec7c nh\u01b0 sau<\/p>\n<ol>\n<li>M\u00d4 T\u1ea2 C\u00d4NG VI\u1ec6C:<\/li>\n<\/ol>\n<p>&#8211; Gi\u00e1m s\u00e1t l\u1eafp \u0111\u1eb7t, thi c\u00f4ng h\u1ec7 th\u1ed1ng tuabine \u0111i\u1ec7n gi\u00f3 (m\u1ea3ng k\u1ebft c\u1ea5u c\u01a1 kh\u00ed).<\/p>\n<p>&#8211; \u0110\u1ecdc hi\u1ec3u b\u1ea3n v\u1ebd v\u00e0 c\u00e1c k\u1ef9 thu\u1eadt y\u00eau c\u1ea7u c\u1ee7a d\u1ef1 \u00e1n;<\/p>\n<p>&#8211; C\u0103n c\u1ee9 ti\u1ebfn \u0111\u1ed9 chung c\u1ee7a d\u1ef1 \u00e1n, gi\u00e1m s\u00e1t, theo d\u00f5i, \u0111\u00f4n \u0111\u1ed1c ti\u1ebfn \u0111\u1ed9 th\u1ef1c hi\u1ec7n c\u1ee7a c\u00e1c \u0111\u01a1n v\u1ecb li\u00ean quan.<\/p>\n<p>&#8211; B\u00e1o c\u00e1o c\u00f4ng t\u00e1c thi c\u00f4ng theo y\u00eau c\u1ea7u d\u1ef1 \u00e1n<\/p>\n<p>&#8211; Theo d\u00f5i l\u1ecbch c\u1ea5p h\u00e0ng, theo d\u00f5i v\u1eadn chuy\u1ec3n thi\u1ebft b\u1ecb, c\u00f4ng t\u00e1c b\u00e0n giao m\u1eb7t b\u1eb1ng cho \u0111\u01a1n v\u1ecb l\u1eafp \u0111\u1eb7t, ki\u1ec3m tra bi\u1ec7n ph\u00e1p l\u1eafp \u0111\u1eb7t c\u1ee7a nh\u00e0 th\u1ea7u, ch\u1eafp n\u1ed1i c\u00f4ng vi\u1ec7c gi\u1eefa nh\u00e0 th\u1ea7u v\u1eadn chuy\u1ec3n l\u1eafp \u0111\u1eb7t c\u01a1 kh\u00ed, \u0111i\u1ec7n v\u00e0 l\u00e0m vi\u1ec7c v\u1edbi t\u01b0 v\u1ea5n<\/p>\n<p>&#8211; C\u00e1c c\u00f4ng vi\u1ec7c kh\u00e1c theo s\u1ef1 ph\u00e2n c\u00f4ng tr\u1ef1c ti\u1ebfp c\u1ee7a gi\u00e1m \u0111\u1ed1c qu\u1ea3n l\u00fd d\u1ef1 \u00e1n.<\/p>\n<p><strong>Y\u00caU C\u1ea6U C\u00d4NG VI\u1ec6C<\/strong><\/p>\n<p>&#8211;\u00a0\u00a0\u00a0\u00a0\u00a0\u00a0\u00a0\u00a0\u00a0 T\u1ed1t nghi\u1ec7p \u0110\u1ea1i h\u1ecdc ng\u00e0nh c\u01a1 kh\u00ed, ch\u1ebf t\u1ea1o m\u00e1y (h\u1ec7 ch\u00ednh quy); c\u01a1 \u0111i\u1ec7n t\u1eed;<\/p>\n<p>&#8211;\u00a0\u00a0\u00a0\u00a0\u00a0\u00a0\u00a0\u00a0\u00a0 Ti\u1ebfng Anh giao ti\u1ebfp kh\u00e1, c\u00f3 th\u1ec3 \u0111\u1ecdc hi\u1ec3u k\u1ef9 thu\u1eadt b\u1eb1ng ti\u1ebfng Anh l\u00e0 m\u1ed9t l\u1ee3i th\u1ebf;<\/p>\n<p>&#8211;\u00a0\u00a0\u00a0\u00a0\u00a0\u00a0\u00a0\u00a0\u00a0 S\u1eed d\u1ee5ng th\u00e0nh th\u1ea1o autocad, \u00a0tin h\u1ecdc v\u0103n ph\u00f2ng; ph\u1ea7n m\u1ec1m qu\u1ea3n l\u00fd d\u1ef1 \u00e1nC\u00f3 kinh nghi\u1ec7m l\u1eafp d\u1ef1ng c\u00e1c k\u1ebft c\u1ea5u th\u00e9p ngo\u00e0i hi\u1ec7n tr\u01b0\u1eddng ho\u1eb7c thi c\u00f4ng, gi\u00e1m s\u00e1t c\u00f4ng tr\u00ecnh x\u00e2y d\u1ef1ng, c\u00f4ng tr\u00ecnh nh\u00e0 m\u00e1y \u0111i\u1ec7n.<\/p>\n<p>&#8211;\u00a0\u00a0\u00a0\u00a0\u00a0\u00a0\u00a0\u00a0\u00a0 \u0110\u1ed9 tu\u1ed5i t\u1eeb 25-35 tu\u1ed5i; C\u00f3 s\u1ee9c kh\u1ecfe t\u1ed1t;<\/p>\n<p>&#8211;\u00a0\u00a0\u00a0\u00a0\u00a0\u00a0\u00a0\u00a0\u00a0 C\u00f3 tinh th\u1ea7n l\u00e0m vi\u1ec7c trung th\u1ef1c, c\u1ea7u ti\u1ebfn, m\u1eabn c\u00e1n trong c\u00f4ng vi\u1ec7c \u0111\u01b0\u1ee3c giao;<\/p>\n<p>&#8211;\u00a0\u00a0\u00a0\u00a0\u00a0\u00a0\u00a0\u00a0\u00a0 C\u00f3 kh\u1ea3 n\u0103ng l\u00e0m vi\u1ec7c \u0111\u1ed9c l\u1eadp, l\u00e0m vi\u1ec7c nh\u00f3m, ch\u1ecbu \u0111\u01b0\u1ee3c \u00e1p l\u1ef1c c\u00f4ng vi\u1ec7c cao;<\/p>\n<p>&#8211;\u00a0\u00a0\u00a0\u00a0\u00a0\u00a0\u00a0\u00a0\u00a0 C\u00f3 kh\u1ea3 n\u0103ng giao ti\u1ebfp hi\u1ec7u qu\u1ea3, gi\u1ea3i quy\u1ebft c\u00f4ng vi\u1ec7c linh ho\u1ea1t, x\u1eed l\u00fd c\u00e1c t\u00ecnh hu\u1ed1ng nhanh v\u00e0 ch\u00ednh x\u00e1c;<\/p>\n<p>&#8211;\u00a0\u00a0\u00a0\u00a0\u00a0\u00a0\u00a0\u00a0\u00a0 C\u00f3 mong mu\u1ed1n c\u1ed1ng hi\u1ebfn v\u00e0 g\u1eafn b\u00f3 l\u00e2u d\u00e0i v\u1edbi C\u00f4ng ty;<\/p>\n<p>&#8211;\u00a0\u00a0\u00a0\u00a0\u00a0\u00a0\u00a0\u00a0\u00a0 S\u1eb5n s\u00e0ng \u0111i c\u00f4ng t\u00e1c c\u00e1c c\u00f4ng tr\u01b0\u1eddng theo s\u1ef1 \u0111i\u1ec1u \u0111\u1ed9ng c\u1ee7a C\u00f4ng ty.<\/p>\n<p><strong>TH\u00d4NG TIN KH\u00c1C<\/strong><\/p>\n<p><strong>TH\u00d4NG TIN LI\u00caN H\u1ec6<\/strong><\/p>\n<ul>\n<li>C\u00f4ng ty: C\u00d4NG TY C\u1ed4 PH\u1ea6N \u0110\u1ea6U T\u01af EMI<\/li>\n<li>Ng\u01b0\u1eddi li\u00ean h\u1ec7: Ph\u00f2ng Nh\u00e2n S\u1ef1<\/li>\n<li>Email: tuyendungemi@gmail.com<\/li>\n<li>\u0110\u1ecba ch\u1ec9 li\u00ean h\u1ec7: 83A L\u00fd Th\u01b0\u1eddng Ki\u1ec7t, Ho\u00e0n Ki\u1ebfm, H\u00e0 N\u1ed9i<\/li>\n<\/ul>\n<p>&nbsp;<\/p>","protected":false},"excerpt":{"rendered":"<p>K\u1ef9 S\u01b0 C\u01a1 Kh\u00ed Ch\u1ee9c danh:\u00a0K\u1ef9 S\u01b0 C\u01a1 Kh\u00ed M\u00e3 s\u1ed1: EMI12 \u0110\u1ecba \u0111i\u1ec3m: Gia Lai M\u1ee9c l\u01b0\u01a1ng: 12,000,000 &#8211; 16,000,000 VND C\u1ea5p b\u1eadc: Nh\u00e2n vi\u00ean B\u1eb1ng c\u1ea5p: \u0110\u1ea1i h\u1ecdc Kinh nghi\u1ec7m: 2 &#8211; 10 n\u0103m Ng\u00e0nh ngh\u1ec1: B\u1ea3o tr\u00ec \/ S\u1eeda ch\u1eefa, C\u01a1 kh\u00ed\u00a0\/ \u00d4 t\u00f4\u00a0\/ T\u1ef1 \u0111\u1ed9ng h\u00f3a, X\u00e2y d\u1ef1ng H\u00ecnh th\u1ee9c: Nh\u00e2n &hellip;<\/p>\n<p class=\"read-more\"> <a class=\"\" href=\"https:\/\/emi.com.vn\/vi\/mechanical-engineer\/\"> <span class=\"screen-reader-text\">K\u1ef9 S\u01b0 C\u01a1 Kh\u00ed<\/span> Read More &raquo;<\/a><\/p>","protected":false},"author":1,"featured_media":0,"parent":0,"menu_order":0,"comment_status":"closed","ping_status":"closed","template":"","meta":{"site-sidebar-layout":"no-sidebar","site-content-layout":"page-builder","ast-global-header-display":"","ast-main-header-display":"","ast-hfb-above-header-display":"","ast-hfb-below-header-display":"","ast-hfb-mobile-header-display":"","site-post-title":"disabled","ast-breadcrumbs-content":"","ast-featured-img":"disabled","footer-sml-layout":"","theme-transparent-header-meta":"enabled","adv-header-id-meta":"","stick-header-meta":"","header-above-stick-meta":"","header-main-stick-meta":"","header-below-stick-meta":"","footnotes":""},"class_list":["post-1237","page","type-page","status-publish","hentry"],"_links":{"self":[{"href":"https:\/\/emi.com.vn\/vi\/wp-json\/wp\/v2\/pages\/1237","targetHints":{"allow":["GET"]}}],"collection":[{"href":"https:\/\/emi.com.vn\/vi\/wp-json\/wp\/v2\/pages"}],"about":[{"href":"https:\/\/emi.com.vn\/vi\/wp-json\/wp\/v2\/types\/page"}],"author":[{"embeddable":true,"href":"https:\/\/emi.com.vn\/vi\/wp-json\/wp\/v2\/users\/1"}],"replies":[{"embeddable":true,"href":"https:\/\/emi.com.vn\/vi\/wp-json\/wp\/v2\/comments?post=1237"}],"version-history":[{"count":4,"href":"https:\/\/emi.com.vn\/vi\/wp-json\/wp\/v2\/pages\/1237\/revisions"}],"predecessor-version":[{"id":1430,"href":"https:\/\/emi.com.vn\/vi\/wp-json\/wp\/v2\/pages\/1237\/revisions\/1430"}],"wp:attachment":[{"href":"https:\/\/emi.com.vn\/vi\/wp-json\/wp\/v2\/media?parent=1237"}],"curies":[{"name":"wp","href":"https:\/\/api.w.org\/{rel}","templated":true}]}}