{"id":1241,"date":"2022-07-30T03:51:02","date_gmt":"2022-07-30T03:51:02","guid":{"rendered":"https:\/\/emi.com.vn\/?page_id=1241"},"modified":"2022-07-31T10:24:16","modified_gmt":"2022-07-31T10:24:16","slug":"head-of-recruitment","status":"publish","type":"page","link":"https:\/\/emi.com.vn\/vi\/head-of-recruitment\/","title":{"rendered":"Tr\u01b0\u1edfng B\u1ed9 Ph\u1eadn Tuy\u1ec3n D\u1ee5ng V\u00e0 T\u1ea1o Ngu\u1ed3n"},"content":{"rendered":"<p><strong>Tr\u01b0\u1edfng B\u1ed9 Ph\u1eadn Tuy\u1ec3n D\u1ee5ng V\u00e0 T\u1ea1o Ngu\u1ed3n<\/strong><\/p>\n<p><strong>Ch\u1ee9c danh:\u00a0<\/strong><strong>Tr\u01b0\u1edfng B\u1ed9 Ph\u1eadn Tuy\u1ec3n D\u1ee5ng V\u00e0 T\u1ea1o Ngu\u1ed3n<\/strong><\/p>\n<ul>\n<li><strong>M\u00e3 s\u1ed1: <\/strong>TOP HR 04<\/li>\n<\/ul>\n<ul>\n<li><strong>\u0110\u1ecba \u0111i\u1ec3m: <\/strong>H\u00e0 N\u1ed9i<\/li>\n<\/ul>\n<ul>\n<li><strong>M\u1ee9c l\u01b0\u01a1ng: <\/strong>15,000,000 &#8211; 22,000,000 VND<\/li>\n<\/ul>\n<ul>\n<li><strong>C\u1ea5p b\u1eadc: <\/strong>Qu\u1ea3n l\u00fd<\/li>\n<\/ul>\n<ul>\n<li><strong>B\u1eb1ng c\u1ea5p: <\/strong>\u0110\u1ea1i h\u1ecdc<\/li>\n<\/ul>\n<ul>\n<li><strong>Kinh nghi\u1ec7m: <\/strong>3 &#8211; 7 n\u0103m<\/li>\n<\/ul>\n<ul>\n<li><strong>Ng\u00e0nh ngh\u1ec1: <\/strong>Nh\u00e2n s\u1ef1, Qu\u1ea3n l\u00fd \u0111i\u1ec1u h\u00e0nh<\/li>\n<\/ul>\n<ul>\n<li><strong>H\u00ecnh th\u1ee9c: <\/strong>Nh\u00e2n vi\u00ean ch\u00ednh th\u1ee9c<\/li>\n<\/ul>\n<ul>\n<li><strong>Tu\u1ed5i: <\/strong>25 &#8211; 30<\/li>\n<\/ul>\n<ul>\n<li><strong>Gi\u1edbi t\u00ednh: <\/strong>Nam\/N\u1eef<\/li>\n<\/ul>\n<ul>\n<li><strong>H\u1ea1n nh\u1eadn h\u1ed3 s\u01a1: <\/strong>22\/11\/2021<\/li>\n<\/ul>\n<ul>\n<li><strong>Ng\u00f4n Ng\u1eef Tr\u00ecnh B\u00e0y H\u1ed3 S\u01a1: <\/strong>Ti\u1ebfng Anh, Ti\u1ebfng Vi\u1ec7t<\/li>\n<\/ul>\n<p><strong>PH\u00daC L\u1ee2I<\/strong><\/p>\n<ul>\n<li>Ch\u1ebf \u0111\u1ed9 b\u1ea3o hi\u1ec3m<\/li>\n<li>Du L\u1ecbch<\/li>\n<li>Ch\u1ebf \u0111\u1ed9 th\u01b0\u1edfng<\/li>\n<li>Ch\u0103m s\u00f3c s\u1ee9c kh\u1ecfe<\/li>\n<li>\u0110\u00e0o t\u1ea1o<\/li>\n<li>T\u0103ng l\u01b0\u01a1ng<\/li>\n<\/ul>\n<p><strong>M\u00d4 T\u1ea2 C\u00d4NG VI\u1ec6C<\/strong><\/p>\n<p>&#8211; V\u1ecb tr\u00ed Tr\u01b0\u1edfng B\u1ed9 ph\u1eadn Tuy\u1ec3n d\u1ee5ng v\u00e0 t\u1ea1o ngu\u1ed3n khi tri\u1ec3n khai c\u00f4ng vi\u1ec7c c\u1ea7n tu\u00e2n th\u1ee7, \u0111\u1ea3m b\u1ea3o th\u1ef1c hi\u1ec7n \u0111\u1ee7 5 vi\u1ec7c sau: T\u1ed5 ch\u1ee9c, tri\u1ec3n khai, ki\u1ec3m so\u00e1t, \u0111\u00e1nh gi\u00e1 v\u00e0 thanh tra.<\/p>\n<p>&#8211; V\u1ecb tr\u00ed Tr\u01b0\u1edfng B\u1ed9 ph\u1eadn Tuy\u1ec3n d\u1ee5ng v\u00e0 t\u1ea1o ngu\u1ed3n b\u00e1o c\u00e1o tr\u1ef1c ti\u1ebfp cho TP H\u00e0nh ch\u00ednh &#8211; Nh\u00e2n s\u1ef1 ch\u1ecbu tr\u00e1ch nhi\u1ec7m cao nh\u1ea5t v\u1ec1 ho\u1ea1t \u0111\u1ed9ng v\u00e0 ch\u1ea5t l\u01b0\u1ee3ng chuy\u00ean m\u00f4n m\u1ea3ng c\u00f4ng vi\u1ec7c ph\u1ee5 tr\u00e1ch.<\/p>\n<p>&#8211; Tham gia x\u00e2y d\u1ef1ng v\u00e0 t\u1ed5 ch\u1ee9c th\u1ef1c hi\u1ec7n k\u1ebf ho\u1ea1ch \u0111\u01b0\u1ee3c duy\u1ec7t trong ph\u1ea1m vi qu\u1ea3n l\u00fd. Ho\u00e0n th\u00e0nh b\u00e1o c\u00e1o ch\u00ednh x\u00e1c v\u00e0 \u0111\u00fang h\u1ea1n.<\/p>\n<p>&#8211; Tham gia x\u00e2y d\u1ef1ng v\u00e0 t\u1ed5 ch\u1ee9c b\u1ed9 m\u00e1y, \u0111\u1ecbnh bi\u00ean. Th\u01b0\u1eddng xuy\u00ean ki\u1ec3m tra \u0111\u00e1nh gi\u00e1 s\u1ed1 l\u01b0\u1ee3ng, ch\u1ea5t l\u01b0\u1ee3ng CBNV trong ph\u1ea1m vi qu\u1ea3n l\u00fd \u0111\u1ec3 \u0111\u1ea3m b\u1ea3o b\u1ed9 ph\u1eadn c\u00f3 \u0111\u1ee7 CBNV c\u00f3 n\u0103ng l\u1ef1c.<\/p>\n<p>&#8211; Ki\u1ec3m so\u00e1t ch\u1eb7t ch\u1ebd vi\u1ec7c th\u1ef1c hi\u1ec7n k\u1ebf ho\u1ea1ch \u0111\u00e0o t\u1ea1o \u0111\u1ec3 \u0111\u1ea3m b\u1ea3o c\u00e1c CBNV trong b\u1ed9 ph\u1eadn c\u00f3 tay ngh\u1ec1 t\u1ed1t, n\u1eafm v\u1eefng c\u00e1c ti\u00eau chu\u1ea9n, quy \u0111\u1ecbnh quy tr\u00ecnh&#8230;<\/p>\n<p><strong>Y\u00caU C\u1ea6U C\u00d4NG VI\u1ec6C<\/strong><\/p>\nY\u00caU C\u1ea6U:<br \/>\n&#8211; \u0110\u00e3 t\u1eebng l\u00e0m c\u00f4ng t\u00e1c t\u1ea1o ngu\u1ed3n, t\u1ea1o h\u1ec7 th\u1ed1ng talent network online v\u00e0 offline.<br \/>\n&#8211; \u01afu ti\u00ean c\u00e1c \u1ee9ng vi\u00ean l\u00e0m vi\u1ec7c t\u1ea1i c\u00e1c T\u1eadp \u0111o\u00e0n \u0111a ng\u00e0nh ngh\u1ec1 ho\u1eb7c c\u00e1c C\u00f4ng ty quy m\u00f4 t\u1eeb 200 nh\u00e2n s\u1ef1 tr\u1edf l\u00ean.<br \/>\n&#8211; \u0110\u00e3 tr\u1ef1c ti\u1ebfp tuy\u1ec3n d\u1ee5ng c\u00e1c v\u1ecb tr\u00ed Qu\u1ea3n l\u00fd c\u1ea5p cao.<br \/>\n&#8211; \u01afu ti\u00ean c\u00e1c \u1ee9ng vi\u00ean s\u1edf h\u1eefu ngu\u1ed3n database s\u1ed1 l\u01b0\u1ee3ng l\u1edbn.\n<p>QUY\u1ec0N L\u1ee2I:<\/p>\n<p>&#8211; L\u00e0m vi\u1ec7c tr\u1ef1c ti\u1ebfp v\u1edbi Ban L\u00e3nh \u0110\u1ea1o, c\u00f3 c\u01a1 h\u1ed9i h\u1ecdc h\u1ecfi, trau d\u1ed3i kinh nghi\u1ec7m.<\/p>\n<p>&#8211; M\u00f4i tr\u01b0\u1eddng l\u00e0m vi\u1ec7c n\u0103ng \u0111\u1ed9ng, du l\u1ecbch, team building..<\/p>\n<p>&#8211; Ch\u1ebf \u0111\u1ed9 l\u01b0\u01a1ng th\u01b0\u1edfng, l\u1ed9 tr\u00ecnh th\u0103ng ti\u1ebfn r\u00f5 r\u00e0ng.<\/p>\n<p><strong>TH\u00d4NG TIN KH\u00c1C<\/strong><\/p>\n<p><strong>TH\u00d4NG TIN LI\u00caN H\u1ec6<\/strong><\/p>\n<ul>\n<li>C\u00f4ng ty: C\u00d4NG TY C\u1ed4 PH\u1ea6N \u0110\u1ea6U T\u01af EMI<\/li>\n<li>Ng\u01b0\u1eddi li\u00ean h\u1ec7: Ph\u00f2ng Nh\u00e2n S\u1ef1<\/li>\n<li>Email: tuyendungemi@gmail.com<\/li>\n<li>\u0110\u1ecba ch\u1ec9 li\u00ean h\u1ec7: Ho\u00e0n Ki\u1ebfm, H\u00e0 N\u1ed9i<\/li>\n<\/ul>\n<p>&nbsp;<\/p>","protected":false},"excerpt":{"rendered":"<p>Tr\u01b0\u1edfng B\u1ed9 Ph\u1eadn Tuy\u1ec3n D\u1ee5ng V\u00e0 T\u1ea1o Ngu\u1ed3n Ch\u1ee9c danh:\u00a0Tr\u01b0\u1edfng B\u1ed9 Ph\u1eadn Tuy\u1ec3n D\u1ee5ng V\u00e0 T\u1ea1o Ngu\u1ed3n M\u00e3 s\u1ed1: TOP HR 04 \u0110\u1ecba \u0111i\u1ec3m: H\u00e0 N\u1ed9i M\u1ee9c l\u01b0\u01a1ng: 15,000,000 &#8211; 22,000,000 VND C\u1ea5p b\u1eadc: Qu\u1ea3n l\u00fd B\u1eb1ng c\u1ea5p: \u0110\u1ea1i h\u1ecdc Kinh nghi\u1ec7m: 3 &#8211; 7 n\u0103m Ng\u00e0nh ngh\u1ec1: Nh\u00e2n s\u1ef1, Qu\u1ea3n l\u00fd \u0111i\u1ec1u h\u00e0nh H\u00ecnh &hellip;<\/p>\n<p class=\"read-more\"> <a class=\"\" href=\"https:\/\/emi.com.vn\/vi\/head-of-recruitment\/\"> <span class=\"screen-reader-text\">Tr\u01b0\u1edfng B\u1ed9 Ph\u1eadn Tuy\u1ec3n D\u1ee5ng V\u00e0 T\u1ea1o Ngu\u1ed3n<\/span> Read More &raquo;<\/a><\/p>","protected":false},"author":1,"featured_media":0,"parent":0,"menu_order":0,"comment_status":"closed","ping_status":"closed","template":"","meta":{"site-sidebar-layout":"no-sidebar","site-content-layout":"page-builder","ast-global-header-display":"","ast-main-header-display":"","ast-hfb-above-header-display":"","ast-hfb-below-header-display":"","ast-hfb-mobile-header-display":"","site-post-title":"disabled","ast-breadcrumbs-content":"","ast-featured-img":"disabled","footer-sml-layout":"","theme-transparent-header-meta":"enabled","adv-header-id-meta":"","stick-header-meta":"","header-above-stick-meta":"","header-main-stick-meta":"","header-below-stick-meta":"","footnotes":""},"class_list":["post-1241","page","type-page","status-publish","hentry"],"_links":{"self":[{"href":"https:\/\/emi.com.vn\/vi\/wp-json\/wp\/v2\/pages\/1241","targetHints":{"allow":["GET"]}}],"collection":[{"href":"https:\/\/emi.com.vn\/vi\/wp-json\/wp\/v2\/pages"}],"about":[{"href":"https:\/\/emi.com.vn\/vi\/wp-json\/wp\/v2\/types\/page"}],"author":[{"embeddable":true,"href":"https:\/\/emi.com.vn\/vi\/wp-json\/wp\/v2\/users\/1"}],"replies":[{"embeddable":true,"href":"https:\/\/emi.com.vn\/vi\/wp-json\/wp\/v2\/comments?post=1241"}],"version-history":[{"count":3,"href":"https:\/\/emi.com.vn\/vi\/wp-json\/wp\/v2\/pages\/1241\/revisions"}],"predecessor-version":[{"id":1426,"href":"https:\/\/emi.com.vn\/vi\/wp-json\/wp\/v2\/pages\/1241\/revisions\/1426"}],"wp:attachment":[{"href":"https:\/\/emi.com.vn\/vi\/wp-json\/wp\/v2\/media?parent=1241"}],"curies":[{"name":"wp","href":"https:\/\/api.w.org\/{rel}","templated":true}]}}