{"id":1291,"date":"2022-07-30T10:17:40","date_gmt":"2022-07-30T10:17:40","guid":{"rendered":"https:\/\/emi.com.vn\/?page_id=1291"},"modified":"2022-07-31T10:33:15","modified_gmt":"2022-07-31T10:33:15","slug":"volume-billing-engineer","status":"publish","type":"page","link":"https:\/\/emi.com.vn\/vi\/volume-billing-engineer\/","title":{"rendered":"K\u1ef9 s\u01b0 thanh to\u00e1n kh\u1ed1i l\u01b0\u1ee3ng"},"content":{"rendered":"<p><strong>K\u1ef9 s\u01b0 thanh to\u00e1n kh\u1ed1i l\u01b0\u1ee3ng<\/strong><\/p>\n<p><strong>Ch\u1ee9c danh:\u00a0<\/strong><strong>K\u1ef9 s\u01b0 thanh to\u00e1n kh\u1ed1i l\u01b0\u1ee3ng<\/strong><\/p>\n<ul>\n<li><strong>M\u00e3 s\u1ed1: <\/strong>EMI10<\/li>\n<\/ul>\n<ul>\n<li><strong>\u0110\u1ecba \u0111i\u1ec3m: <\/strong>Gia Lai<\/li>\n<\/ul>\n<ul>\n<li><strong>M\u1ee9c l\u01b0\u01a1ng: <\/strong>10,000,000 &#8211; 18,000,000 VND<\/li>\n<\/ul>\n<ul>\n<li><strong>C\u1ea5p b\u1eadc: <\/strong>Nh\u00e2n vi\u00ean<\/li>\n<\/ul>\n<ul>\n<li><strong>B\u1eb1ng c\u1ea5p: <\/strong>\u0110\u1ea1i h\u1ecdc<\/li>\n<\/ul>\n<ul>\n<li><strong>Kinh nghi\u1ec7m: <\/strong>3 &#8211; 5 n\u0103m<\/li>\n<\/ul>\n<ul>\n<li><strong>Ng\u00e0nh ngh\u1ec1: <\/strong>Qu\u1ea3n l\u00fd ch\u1ea5t l\u01b0\u1ee3ng (QA\/QC), X\u00e2y d\u1ef1ng<\/li>\n<\/ul>\n<ul>\n<li><strong>H\u00ecnh th\u1ee9c: <\/strong>Nh\u00e2n vi\u00ean ch\u00ednh th\u1ee9c<\/li>\n<\/ul>\n<ul>\n<li><strong>Tu\u1ed5i: <\/strong>28 &#8211; 35<\/li>\n<\/ul>\n<ul>\n<li><strong>Gi\u1edbi t\u00ednh: <\/strong>Nam\/N\u1eef<\/li>\n<\/ul>\n<ul>\n<li><strong>H\u1ea1n nh\u1eadn h\u1ed3 s\u01a1: <\/strong>16\/06\/2021<\/li>\n<\/ul>\n<ul>\n<li><strong>Ng\u00f4n Ng\u1eef Tr\u00ecnh B\u00e0y H\u1ed3 S\u01a1: <\/strong>Ti\u1ebfng Vi\u1ec7t<\/li>\n<\/ul>\n<p><strong>PH\u00daC L\u1ee2I<\/strong><\/p>\n<ul>\n<li>Laptop<\/li>\n<li>Ch\u1ebf \u0111\u1ed9 b\u1ea3o hi\u1ec3m<\/li>\n<li>Ph\u1ee5 c\u1ea5p<\/li>\n<li>Ch\u1ebf \u0111\u1ed9 th\u01b0\u1edfng<\/li>\n<li>T\u0103ng l\u01b0\u01a1ng<\/li>\n<li>C\u00f4ng t\u00e1c ph\u00ed<\/li>\n<\/ul>\n<p><strong>M\u00d4 T\u1ea2 C\u00d4NG VI\u1ec6C<\/strong><\/p>\n<p>C\u00f4ng ty C\u1ed5 ph\u1ea7n \u0111\u1ea7u t\u01b0 EMI l\u00e0 m\u1ed9t trong nh\u1eefng chuy\u00ean gia h\u00e0ng \u0111\u1ea7u trong ng\u00e0nh \u0111i\u1ec7n gi\u00f3 \u0111ang c\u1ea7n t\u00ecm \u1ee9ng vi\u00ean ti\u1ec1m n\u0103ng cho v\u1ecb tr\u00ed Chuy\u00ean vi\u00ean Qu\u1ea3n l\u00fd d\u1ef1 \u00e1n. H\u00e3y \u0111\u1ebfn v\u1edbi ch\u00fang t\u00f4i n\u1ebfu nh\u01b0 b\u1ea1n \u0111ang tim m\u1ed9t m\u00f4i tr\u01b0\u1eddng l\u00e0m vi\u1ec7c chuy\u00ean nghi\u1ec7p \u0111\u01b0\u1ee3c ti\u1ebfp x\u00fac v\u1edbi nhi\u1ec1u chuy\u00ean gia \u0111\u1ea7u ng\u00e0nh trong v\u00e0 ngo\u00e0i n\u01b0\u1edbc, c\u00f3 ph\u00fac l\u1ee3i c\u1ea1nh tranh tr\u00ean th\u1ecb tr\u01b0\u1eddng lao \u0111\u1ed9ng.<\/p>\n<p>&#8211; Th\u1ef1c hi\u1ec7n, ki\u1ec3m tra c\u00f4ng t\u00e1c l\u1eadp d\u1ef1 to\u00e1n;<\/p>\n<p>&#8211; Th\u1ef1c hi\u1ec7n, ki\u1ec3m tra h\u1ed3 s\u01a1 thanh\/quy\u1ebft to\u00e1n;<\/p>\n<p>&#8211; Ki\u1ec3m tra c\u00e1c b\u1ea3n v\u1ebd, s\u1ed1 l\u01b0\u1ee3ng \u0111\u1ea3m b\u1ea3o t\u00ednh ch\u00ednh x\u00e1c<\/p>\n<p>&#8211; B\u00f3c t\u00e1ch kh\u1ed1i l\u01b0\u1ee3ng, l\u1eadp d\u1ef1 to\u00e1n x\u00e2y d\u1ef1ng c\u01a1 b\u1ea3n, d\u1ef1 to\u00e1n thi c\u00f4ng c\u00f4ng tr\u00ecnh<\/p>\n<p>&#8211; Th\u01b0\u1eddng xuy\u00ean c\u1eadp nh\u1eadt s\u1ed1 li\u1ec7u, \u0111\u01a1n gi\u00e1 x\u00e2y d\u1ef1ng hi\u1ec7n h\u00e0nh<\/p>\n<p>&#8211; Y\u00eau c\u1ea7u b\u1ed9 ph\u1eadn gi\u00e1m s\u00e1t x\u00e1c nh\u1eadn, nghi\u1ec7m thu c\u00e1c c\u00f4ng vi\u1ec7c<\/p>\n<p>&#8211; Th\u1ef1c hi\u1ec7n thanh quy\u1ebft to\u00e1n c\u00f4ng tr\u00ecnh<\/p>\n<p>&#8211; C\u00e1c c\u00f4ng vi\u1ec7c kh\u00e1c li\u00ean quan do Ban G\u00edam \u0110\u1ed1c ch\u1ec9 \u0111\u1ea1o.<\/p>\n<p><strong>Y\u00caU C\u1ea6U C\u00d4NG VI\u1ec6C<\/strong><\/p>\n<p>&#8211; Chuy\u00ean ng\u00e0nh: kinh t\u1ebf x\u00e2y d\u1ef1ng.<\/p>\n<p>&#8211; Kinh nghi\u1ec7m : 3-5 n\u0103m<\/p>\n<p>&#8211; \u0110\u00e3 c\u00f3 kinh nghi\u1ec7m l\u00e0m c\u00f4ng t\u00e1c l\u1eadp d\u1ef1 to\u00e1n, thanh\/quy\u1ebft to\u00e1n.<\/p>\n<p>&#8211; \u01afu ti\u00ean c\u00e1c \u1ee9ng vi\u00ean c\u00f3 ch\u1ee9ng ch\u1ec9 th\u1ea9m \u0111\u1ecbnh gi\u00e1, qu\u1ea3n l\u00fd d\u1ef1 \u00e1n t\u1eeb h\u1ea1ng 2 tr\u1edf l\u00ean.<\/p>\n&#8211; \u01afu ti\u00ean c\u00e1c \u1ee9ng vi\u00ean \u0111\u00e3 c\u00f3 kinh nghi\u1ec7m l\u00e0m vi\u1ec7c t\u1ea1i c\u00e1c d\u1ef1 \u00e1n \u0110i\u1ec7n gi\u00f3 v\u00e0 \u1edf c\u00e1c \u0111\u1ecba b\u00e0n l\u00e2n c\u1eadn v\u1edbi \u0111\u1ecba \u0111i\u1ec3m d\u1ef1 \u00e1n \u0111\u1ec3 ti\u1ec7n c\u00f4ng t\u00e1c v\u00e0 di chuy\u1ec3n.<br \/>\n&#8211; T\u1ed1t Nghi\u1ec7p \u0110H h\u1ec7 ch\u00ednh quy tr\u01b0\u1eddng c\u00e1c tr\u01b0\u1eddng: \u0110H Ki\u1ebfn Tr\u00fac, \u0110H B\u00e1ch Khoa, \u0110H X\u00e2y d\u1ef1ng \u0110H Giao th\u00f4ng&#8230;\n<p>&#8211; K\u1ef9 n\u0103ng : Project, Word, Excel, Autocard, ph\u1ea7n m\u1ec1m d\u1ef1 to\u00e1n.<\/p>\n<p>&#8211; \u0110\u1ecba \u0111i\u1ec3m l\u00e0m vi\u1ec7c: v\u0103n ph\u00f2ng \u0111i\u1ec1u h\u00e0nh d\u1ef1 \u00e1n t\u1ea1i Gia Lai<\/p>\n<p><strong>TH\u00d4NG TIN KH\u00c1C<\/strong><\/p>\n<p><strong>TH\u00d4NG TIN LI\u00caN H\u1ec6<\/strong><\/p>\n<ul>\n<li>C\u00f4ng ty: C\u00d4NG TY C\u1ed4 PH\u1ea6N \u0110\u1ea6U T\u01af EMI<\/li>\n<li>Ng\u01b0\u1eddi li\u00ean h\u1ec7: Ph\u00f2ng Nh\u00e2n S\u1ef1<\/li>\n<li>Email: tuyendungemi@gmail.com<\/li>\n<li>\u0110\u1ecba ch\u1ec9 li\u00ean h\u1ec7: 83A L\u00fd Th\u01b0\u1eddng Ki\u1ec7t, Ho\u00e0n Ki\u1ebfm, H\u00e0 N\u1ed9i<\/li>\n<\/ul>\n<p>&nbsp;<\/p>","protected":false},"excerpt":{"rendered":"<p>K\u1ef9 s\u01b0 thanh to\u00e1n kh\u1ed1i l\u01b0\u1ee3ng Ch\u1ee9c danh:\u00a0K\u1ef9 s\u01b0 thanh to\u00e1n kh\u1ed1i l\u01b0\u1ee3ng M\u00e3 s\u1ed1: EMI10 \u0110\u1ecba \u0111i\u1ec3m: Gia Lai M\u1ee9c l\u01b0\u01a1ng: 10,000,000 &#8211; 18,000,000 VND C\u1ea5p b\u1eadc: Nh\u00e2n vi\u00ean B\u1eb1ng c\u1ea5p: \u0110\u1ea1i h\u1ecdc Kinh nghi\u1ec7m: 3 &#8211; 5 n\u0103m Ng\u00e0nh ngh\u1ec1: Qu\u1ea3n l\u00fd ch\u1ea5t l\u01b0\u1ee3ng (QA\/QC), X\u00e2y d\u1ef1ng H\u00ecnh th\u1ee9c: Nh\u00e2n vi\u00ean ch\u00ednh th\u1ee9c &hellip;<\/p>\n<p class=\"read-more\"> <a class=\"\" href=\"https:\/\/emi.com.vn\/vi\/volume-billing-engineer\/\"> <span class=\"screen-reader-text\">K\u1ef9 s\u01b0 thanh to\u00e1n kh\u1ed1i l\u01b0\u1ee3ng<\/span> Read More &raquo;<\/a><\/p>","protected":false},"author":1,"featured_media":0,"parent":0,"menu_order":0,"comment_status":"closed","ping_status":"closed","template":"","meta":{"site-sidebar-layout":"no-sidebar","site-content-layout":"page-builder","ast-global-header-display":"","ast-main-header-display":"","ast-hfb-above-header-display":"","ast-hfb-below-header-display":"","ast-hfb-mobile-header-display":"","site-post-title":"disabled","ast-breadcrumbs-content":"","ast-featured-img":"disabled","footer-sml-layout":"","theme-transparent-header-meta":"enabled","adv-header-id-meta":"","stick-header-meta":"","header-above-stick-meta":"","header-main-stick-meta":"","header-below-stick-meta":"","footnotes":""},"class_list":["post-1291","page","type-page","status-publish","hentry"],"_links":{"self":[{"href":"https:\/\/emi.com.vn\/vi\/wp-json\/wp\/v2\/pages\/1291","targetHints":{"allow":["GET"]}}],"collection":[{"href":"https:\/\/emi.com.vn\/vi\/wp-json\/wp\/v2\/pages"}],"about":[{"href":"https:\/\/emi.com.vn\/vi\/wp-json\/wp\/v2\/types\/page"}],"author":[{"embeddable":true,"href":"https:\/\/emi.com.vn\/vi\/wp-json\/wp\/v2\/users\/1"}],"replies":[{"embeddable":true,"href":"https:\/\/emi.com.vn\/vi\/wp-json\/wp\/v2\/comments?post=1291"}],"version-history":[{"count":6,"href":"https:\/\/emi.com.vn\/vi\/wp-json\/wp\/v2\/pages\/1291\/revisions"}],"predecessor-version":[{"id":1437,"href":"https:\/\/emi.com.vn\/vi\/wp-json\/wp\/v2\/pages\/1291\/revisions\/1437"}],"wp:attachment":[{"href":"https:\/\/emi.com.vn\/vi\/wp-json\/wp\/v2\/media?parent=1291"}],"curies":[{"name":"wp","href":"https:\/\/api.w.org\/{rel}","templated":true}]}}