{"id":1295,"date":"2022-07-30T10:19:46","date_gmt":"2022-07-30T10:19:46","guid":{"rendered":"https:\/\/emi.com.vn\/?page_id=1295"},"modified":"2022-07-31T10:18:15","modified_gmt":"2022-07-31T10:18:15","slug":"billing-accountant","status":"publish","type":"page","link":"https:\/\/emi.com.vn\/vi\/billing-accountant\/","title":{"rendered":"K\u1ebf to\u00e1n Thanh to\u00e1n"},"content":{"rendered":"<p><strong>K\u1ebf to\u00e1n Thanh to\u00e1n<\/strong><\/p>\n<p><strong>Ch\u1ee9c danh:\u00a0<\/strong><strong>K\u1ebf to\u00e1n Thanh to\u00e1n<\/strong><\/p>\n<ul>\n<li><strong>M\u00e3 s\u1ed1: <\/strong>EMI8<\/li>\n<\/ul>\n<ul>\n<li><strong>\u0110\u1ecba \u0111i\u1ec3m: <\/strong>Gia Lai<\/li>\n<\/ul>\n<ul>\n<li><strong>M\u1ee9c l\u01b0\u01a1ng: <\/strong>6,000,000 &#8211; 12,000,000 VND<\/li>\n<\/ul>\n<ul>\n<li><strong>C\u1ea5p b\u1eadc: <\/strong>Nh\u00e2n vi\u00ean<\/li>\n<\/ul>\n<ul>\n<li><strong>B\u1eb1ng c\u1ea5p: <\/strong>\u0110\u1ea1i h\u1ecdc<\/li>\n<\/ul>\n<ul>\n<li><strong>Kinh nghi\u1ec7m: <\/strong>1 &#8211; 7 n\u0103m<\/li>\n<\/ul>\n<ul>\n<li><strong>Ng\u00e0nh ngh\u1ec1: <\/strong>T\u00e0i ch\u00ednh \/ \u0110\u1ea7u t\u01b0, Ng\u00e2n h\u00e0ng, K\u1ebf to\u00e1n \/ Ki\u1ec3m to\u00e1n<\/li>\n<\/ul>\n<ul>\n<li><strong>H\u00ecnh th\u1ee9c: <\/strong>Nh\u00e2n vi\u00ean ch\u00ednh th\u1ee9c<\/li>\n<\/ul>\n<ul>\n<li><strong>Tu\u1ed5i: <\/strong>22 &#8211; 29<\/li>\n<\/ul>\n<ul>\n<li><strong>Gi\u1edbi t\u00ednh: <\/strong>N\u1eef<\/li>\n<\/ul>\n<ul>\n<li><strong>H\u1ea1n nh\u1eadn h\u1ed3 s\u01a1: <\/strong>04\/07\/2021<\/li>\n<\/ul>\n<p><strong>PH\u00daC L\u1ee2I<\/strong><\/p>\n<ul>\n<li>Laptop<\/li>\n<li>Ch\u1ebf \u0111\u1ed9 b\u1ea3o hi\u1ec3m<\/li>\n<li>Ph\u1ee5 c\u1ea5p<\/li>\n<li>Ch\u1ebf \u0111\u1ed9 th\u01b0\u1edfng<\/li>\n<li>T\u0103ng l\u01b0\u01a1ng<\/li>\n<li>C\u00f4ng t\u00e1c ph\u00ed<\/li>\n<\/ul>\n<p><strong>M\u00d4 T\u1ea2 C\u00d4NG VI\u1ec6C<\/strong><\/p>\n<p>&#8211; Ki\u1ec3m tra t\u00ednh \u0111\u00fang \u0111\u1eafn, h\u1ee3p l\u00fd, h\u1ee3p l\u1ec7 b\u1ed9 h\u1ed3 s\u01a1 thanh to\u00e1n ph\u00e1t sinh c\u1ee7a c\u00e1c d\u1ef1 \u00e1n \u0111\u1ea7u t\u01b0 theo \u0111\u00fang quy \u0111\u1ecbnh c\u1ee7a C\u00f4ng ty.<\/p>\n<p>&#8211; Th\u1ef1c hi\u1ec7n thanh to\u00e1n c\u00e1c chi ph\u00ed ph\u00e1t sinh c\u1ee7a C\u00f4ng ty.<\/p>\n<p>&#8211; H\u1ea1ch to\u00e1n v\u00e0 ch\u1ed1t s\u1ed1 li\u1ec7u k\u1ebf to\u00e1n tr\u00ean ph\u1ea7n m\u1ec1m k\u1ebf to\u00e1n<\/p>\n<p>&#8211; Ki\u1ec3m so\u00e1t c\u00f4ng n\u1ee3 ph\u1ea3i thu v\u00e0 ph\u1ea3i tr\u1ea3<\/p>\n<p>&#8211; Tr\u00edch kh\u1ea5u hao t\u00e0i s\u1ea3n<\/p>\n<p>&#8211; Theo d\u00f5i, \u0111\u00f4n \u0111\u1ed1c c\u00f4ng n\u1ee3 t\u1ea1m \u1ee9ng nh\u00e2n vi\u00ean<\/p>\n<p>&#8211; \u0110\u1ed1i chi\u1ebfu, b\u00e1o c\u00e1o c\u00f4ng n\u1ee3, t\u1ea1m \u1ee9ng, NCC, kh\u00e1c, c\u00e1c b\u1ed9 ph\u1eadn li\u00ean quan theo ph\u00e2n c\u00f4ng.<\/p>\n<p>&#8211; T\u1ed5ng h\u1ee3p c\u00e1c b\u00e1o c\u00e1o li\u00ean quan chi ph\u00ed<\/p>\n<p>&#8211; M\u1ed9t s\u1ed1 c\u00f4ng vi\u1ec7c kh\u00e1c theo y\u00eau c\u1ea7u c\u1ee7a K\u1ebf To\u00e1n Tr\u01b0\u1edfng<\/p>\n<p><strong>Y\u00caU C\u1ea6U C\u00d4NG VI\u1ec6C<\/strong><\/p>\n<p>&#8211;\u00a0\u00a0\u00a0\u00a0\u00a0\u00a0\u00a0 T\u1ed1t nghi\u1ec7p \u0111\u1ea1i h\u1ecdc tr\u1edf l\u00ean chuy\u00ean ng\u00e0nh k\u1ebf to\u00e1n, kinh t\u1ebf, t\u00e0i ch\u00ednh.<\/p>\n<p>&#8211;\u00a0 \u00a0 \u00a0 \u00a0 Ch\u1ea5p nh\u1eadn sinh vi\u00ean m\u1edbi ra tr\u01b0\u1eddng s\u1ebd \u0111\u01b0\u1ee3c \u0111\u00e0o t\u1ea1o<\/p>\n<p>&#8211;\u00a0\u00a0\u00a0\u00a0\u00a0\u00a0\u00a0 C\u00f3 t\u01b0 duy v\u00e0 kh\u1ea3 n\u0103ng bao qu\u00e1t c\u00f4ng vi\u1ec7c chung<\/p>\n<p>&#8211;\u00a0\u00a0\u00a0\u00a0\u00a0\u00a0\u00a0 Linh \u0111\u1ed9ng, nhanh nh\u1eb9n, giao ti\u1ebfp t\u1ed1t, c\u1ea9n th\u1eadn , t\u1ec9 m\u1ec9, trung th\u1ef1c, ch\u1ecbu \u0111\u01b0\u1ee3c \u00e1p l\u1ef1c c\u00f4ng vi\u1ec7c.<\/p>\n<p>&#8211;\u00a0\u00a0\u00a0\u00a0\u00a0\u00a0\u00a0 C\u00f3 kh\u1ea3 n\u0103ng ph\u00e2n t\u00edch, t\u1ed5ng h\u1ee3p v\u00e0 vi\u1ebft b\u00e1o c\u00e1o<\/p>\n<p><strong>TH\u00d4NG TIN KH\u00c1C<\/strong><\/p>\n<p><strong>TH\u00d4NG TIN LI\u00caN H\u1ec6<\/strong><\/p>\n<ul>\n<li>C\u00f4ng ty c\u1ed5 ph\u1ea7n \u0111\u1ea7u t\u01b0 EMI<\/li>\n<li>Ng\u01b0\u1eddi li\u00ean h\u1ec7: Ph\u00f2ng Nh\u00e2n S\u1ef1<\/li>\n<li>Email: tuyendungemi@gmail.com<\/li>\n<li>\u0110\u1ecba ch\u1ec9 li\u00ean h\u1ec7: 83A L\u00fd Th\u01b0\u1eddng Ki\u1ec7t, Ho\u00e0n Ki\u1ebfm, H\u00e0 N\u1ed9i<\/li>\n<\/ul>\n<p>&nbsp;<\/p>","protected":false},"excerpt":{"rendered":"<p>K\u1ebf to\u00e1n Thanh to\u00e1n Ch\u1ee9c danh:\u00a0K\u1ebf to\u00e1n Thanh to\u00e1n M\u00e3 s\u1ed1: EMI8 \u0110\u1ecba \u0111i\u1ec3m: Gia Lai M\u1ee9c l\u01b0\u01a1ng: 6,000,000 &#8211; 12,000,000 VND C\u1ea5p b\u1eadc: Nh\u00e2n vi\u00ean B\u1eb1ng c\u1ea5p: \u0110\u1ea1i h\u1ecdc Kinh nghi\u1ec7m: 1 &#8211; 7 n\u0103m Ng\u00e0nh ngh\u1ec1: T\u00e0i ch\u00ednh \/ \u0110\u1ea7u t\u01b0, Ng\u00e2n h\u00e0ng, K\u1ebf to\u00e1n \/ Ki\u1ec3m to\u00e1n H\u00ecnh th\u1ee9c: Nh\u00e2n vi\u00ean ch\u00ednh &hellip;<\/p>\n<p class=\"read-more\"> <a class=\"\" href=\"https:\/\/emi.com.vn\/vi\/billing-accountant\/\"> <span class=\"screen-reader-text\">K\u1ebf to\u00e1n Thanh to\u00e1n<\/span> Read More &raquo;<\/a><\/p>","protected":false},"author":1,"featured_media":0,"parent":0,"menu_order":0,"comment_status":"closed","ping_status":"closed","template":"","meta":{"site-sidebar-layout":"no-sidebar","site-content-layout":"page-builder","ast-global-header-display":"","ast-main-header-display":"","ast-hfb-above-header-display":"","ast-hfb-below-header-display":"","ast-hfb-mobile-header-display":"","site-post-title":"disabled","ast-breadcrumbs-content":"","ast-featured-img":"disabled","footer-sml-layout":"","theme-transparent-header-meta":"enabled","adv-header-id-meta":"","stick-header-meta":"","header-above-stick-meta":"","header-main-stick-meta":"","header-below-stick-meta":"","footnotes":""},"class_list":["post-1295","page","type-page","status-publish","hentry"],"_links":{"self":[{"href":"https:\/\/emi.com.vn\/vi\/wp-json\/wp\/v2\/pages\/1295","targetHints":{"allow":["GET"]}}],"collection":[{"href":"https:\/\/emi.com.vn\/vi\/wp-json\/wp\/v2\/pages"}],"about":[{"href":"https:\/\/emi.com.vn\/vi\/wp-json\/wp\/v2\/types\/page"}],"author":[{"embeddable":true,"href":"https:\/\/emi.com.vn\/vi\/wp-json\/wp\/v2\/users\/1"}],"replies":[{"embeddable":true,"href":"https:\/\/emi.com.vn\/vi\/wp-json\/wp\/v2\/comments?post=1295"}],"version-history":[{"count":3,"href":"https:\/\/emi.com.vn\/vi\/wp-json\/wp\/v2\/pages\/1295\/revisions"}],"predecessor-version":[{"id":1419,"href":"https:\/\/emi.com.vn\/vi\/wp-json\/wp\/v2\/pages\/1295\/revisions\/1419"}],"wp:attachment":[{"href":"https:\/\/emi.com.vn\/vi\/wp-json\/wp\/v2\/media?parent=1295"}],"curies":[{"name":"wp","href":"https:\/\/api.w.org\/{rel}","templated":true}]}}