{"id":1299,"date":"2022-07-30T10:21:21","date_gmt":"2022-07-30T10:21:21","guid":{"rendered":"https:\/\/emi.com.vn\/?page_id=1299"},"modified":"2022-08-03T08:09:10","modified_gmt":"2022-08-03T08:09:10","slug":"bank-accountant","status":"publish","type":"page","link":"https:\/\/emi.com.vn\/vi\/bank-accountant\/","title":{"rendered":"K\u1ebf to\u00e1n ng\u00e2n h\u00e0ng"},"content":{"rendered":"<p><strong>Ch\u1ee9c danh: K\u1ebf to\u00e1n ng\u00e2n h\u00e0ng<\/strong><\/p>\n<ul>\n<li><strong>M\u00e3 s\u1ed1: <\/strong>EMI2202<\/li>\n<\/ul>\n<ul>\n<li><strong>\u0110\u1ecba \u0111i\u1ec3m: <\/strong>H\u00e0 N\u1ed9i<\/li>\n<\/ul>\n<ul>\n<li><strong>M\u1ee9c l\u01b0\u01a1ng: <\/strong>8,000,000 &#8211; 20,000,000 VND<\/li>\n<\/ul>\n<ul>\n<li><strong>B\u1eb1ng c\u1ea5p: <\/strong>\u0110\u1ea1i h\u1ecdc<\/li>\n<\/ul>\n<ul>\n<li><strong>Kinh nghi\u1ec7m: <\/strong>1 &#8211; 5 years<\/li>\n<\/ul>\n<ul>\n<li><strong>Ng\u00e0nh ngh\u1ec1: <\/strong>T\u00e0i ch\u00ednh \/ \u0110\u1ea7u t\u01b0, Ng\u00e2n h\u00e0ng, K\u1ebf to\u00e1n \/ Ki\u1ec3m to\u00e1n<\/li>\n<\/ul>\n<ul>\n<li><strong>H\u00ecnh th\u1ee9c: <\/strong>Nh\u00e2n vi\u00ean ch\u00ednh th\u1ee9c<\/li>\n<\/ul>\n<ul>\n<li><strong>Tu\u1ed5i: <\/strong>24 &#8211; 45<\/li>\n<\/ul>\n<ul>\n<li><strong>Gi\u1edbi t\u00ednh: <\/strong>Nam \/ N\u1eef<\/li>\n<\/ul>\n<ul>\n<li><strong>H\u1ea1n nh\u1eadn h\u1ed3 s\u01a1:<\/strong> 20\/08\/2022<\/li>\n<\/ul>\n<ul>\n<li><strong>Ng\u00f4n ng\u1eef tr\u00ecnh b\u00e0y h\u1ed3 s\u01a1:<\/strong> Ti\u1ebfng Vi\u1ec7t<\/li>\n<\/ul>\n<p><strong>PH\u00daC L\u1ee2I<\/strong><\/p>\n<ul>\n<li>Ch\u1ebf \u0111\u1ed9 b\u1ea3o hi\u1ec3m<\/li>\n<li>Du l\u1ecbch<\/li>\n<li>Ph\u1ee5 c\u1ea5p<\/li>\n<li>Ch\u1ebf \u0111\u1ed9 th\u01b0\u1edfng<\/li>\n<li>\u0110\u00e0o t\u1ea1o<\/li>\n<li>T\u0103ng l\u01b0\u01a1ng<\/li>\n<li>Ngh\u1ec9 ph\u00e9p n\u0103m<\/li>\n<\/ul>\n<p><strong>M\u00d4 T\u1ea2 C\u00d4NG VI\u1ec6C<\/strong><\/p>\n<ul>\n<li>M\u1ee5c \u0111\u00edch c\u00f4ng vi\u1ec7c<br \/>\n&#8211; Carry out tasks related to banking and accounting and ensure the accuracy, completeness of data, documents and records.<br \/>\n&#8211; Perform other duties as assigned by the Supervisor and the Management Board in order to accomplish the overall goals of the Company.<\/li>\n<li>Tr\u00e1ch nhi\u1ec7m\/nhi\u1ec7m v\u1ee5 trong c\u00f4ng vi\u1ec7c<br \/>\n&#8211; Work with domestic and foreign credit institutions- Manage cash flow, bank limit\n<p>&#8211; Perform transactions with the Bank such as opening accounts, unc, depositing, withdrawing checks,&#8230;<\/p>\n<p>&#8211; Enter bank data into company&#8217;s internal software<\/p>\n<p>&#8211; Prepare documents and monitoring loan disbursement, opening guarantee, opening domestic LC<\/p>\n<p>&#8211; Report to the company&#8217;s Board<\/p>\n<p>&#8211; Document management in accordance with company regulations<\/p>\n&#8211; Perform other duties as assigned<\/li>\n<\/ul>\n<p><strong>Y\u00caU C\u1ea6U C\u00d4NG VI\u1ec6C<\/strong><\/p>\n1. Education\/professional qualifications<br \/>\n&#8211; Graduated from an University, majoringin accounting<br \/>\n&#8211; Knowledge of investment projects<br \/>\n2. Kinh nghi\u1ec7m<br \/>\n&#8211; At least 01 year working in accounting or finance; ideally having experiences in dealing with banks<br \/>\n3. K\u1ef9 n\u0103ng<br \/>\n&#8211; Good communication, being able to form trust-based relationships;<br \/>\n&#8211; Great at team work and problem solving<br \/>\n&#8211; Ability to suggest initiatives to improve work efficiency<br \/>\n&#8211; Proficient in office\/finance software.<br \/>\n&#8211; Being able to work under pressure;<br \/>\n&#8211; Fully comply with regulations with strong work ethics;\n<p><strong>TH\u00d4NG TIN KH\u00c1C<\/strong><\/p>\n<p><strong>LI\u00caN H\u1ec6<\/strong><\/p>\n<ul>\n<li>C\u00f4ng ty: C\u00d4NG TY C\u1ed4 PH\u1ea6N \u0110\u1ea6U T\u01af EMI<\/li>\n<li>Ng\u01b0\u1eddi li\u00ean h\u1ec7: Ph\u00f2ng Nh\u00e2n S\u1ef1<\/li>\n<li>Email: tuyendungemi@gmail.com<\/li>\n<li>\u0110\u1ecba ch\u1ec9 li\u00ean h\u1ec7: 83A L\u00fd Th\u01b0\u1eddng Ki\u1ec7t, Ho\u00e0n Ki\u1ebfm, H\u00e0 N\u1ed9i<\/li>\n<\/ul>\n<p>&nbsp;<\/p>","protected":false},"excerpt":{"rendered":"<p>Position: Bank Accountant Code: EMI2202 Location: Hanoi Salary: 8,000,000 &#8211; 20,000,000 VND Degree: University Experience: 1 &#8211; 5 years Major: Finance \/ Investment, Banking, Accounting \/ Auditing Employment type: Full-time Age: 24 &#8211; 45 Gender: Male \/ Female Deadline: August 20, 2022 Language of Profile Presentation: Vietnamese BENEFITS Health &amp; Social Insurance Annual company trip &hellip;<\/p>\n<p class=\"read-more\"> <a class=\"\" href=\"https:\/\/emi.com.vn\/vi\/bank-accountant\/\"> <span class=\"screen-reader-text\">K\u1ebf to\u00e1n ng\u00e2n h\u00e0ng<\/span> Read More &raquo;<\/a><\/p>","protected":false},"author":1,"featured_media":0,"parent":0,"menu_order":0,"comment_status":"closed","ping_status":"closed","template":"","meta":{"site-sidebar-layout":"no-sidebar","site-content-layout":"page-builder","ast-global-header-display":"","ast-main-header-display":"","ast-hfb-above-header-display":"","ast-hfb-below-header-display":"","ast-hfb-mobile-header-display":"","site-post-title":"disabled","ast-breadcrumbs-content":"","ast-featured-img":"disabled","footer-sml-layout":"","theme-transparent-header-meta":"enabled","adv-header-id-meta":"","stick-header-meta":"","header-above-stick-meta":"","header-main-stick-meta":"","header-below-stick-meta":"","footnotes":""},"class_list":["post-1299","page","type-page","status-publish","hentry"],"_links":{"self":[{"href":"https:\/\/emi.com.vn\/vi\/wp-json\/wp\/v2\/pages\/1299","targetHints":{"allow":["GET"]}}],"collection":[{"href":"https:\/\/emi.com.vn\/vi\/wp-json\/wp\/v2\/pages"}],"about":[{"href":"https:\/\/emi.com.vn\/vi\/wp-json\/wp\/v2\/types\/page"}],"author":[{"embeddable":true,"href":"https:\/\/emi.com.vn\/vi\/wp-json\/wp\/v2\/users\/1"}],"replies":[{"embeddable":true,"href":"https:\/\/emi.com.vn\/vi\/wp-json\/wp\/v2\/comments?post=1299"}],"version-history":[{"count":9,"href":"https:\/\/emi.com.vn\/vi\/wp-json\/wp\/v2\/pages\/1299\/revisions"}],"predecessor-version":[{"id":1670,"href":"https:\/\/emi.com.vn\/vi\/wp-json\/wp\/v2\/pages\/1299\/revisions\/1670"}],"wp:attachment":[{"href":"https:\/\/emi.com.vn\/vi\/wp-json\/wp\/v2\/media?parent=1299"}],"curies":[{"name":"wp","href":"https:\/\/api.w.org\/{rel}","templated":true}]}}