{"id":1309,"date":"2022-07-30T10:24:58","date_gmt":"2022-07-30T10:24:58","guid":{"rendered":"https:\/\/emi.com.vn\/?page_id=1309"},"modified":"2022-07-31T10:30:56","modified_gmt":"2022-07-31T10:30:56","slug":"project-management-engineer","status":"publish","type":"page","link":"https:\/\/emi.com.vn\/vi\/project-management-engineer\/","title":{"rendered":"K\u1ef9 s\u01b0 Qu\u1ea3n l\u00fd d\u1ef1 \u00e1n"},"content":{"rendered":"<p><strong>K\u1ef9 s\u01b0 Qu\u1ea3n l\u00fd d\u1ef1 \u00e1n<\/strong><\/p>\n<p><strong>Ch\u1ee9c danh:\u00a0<\/strong><strong>K\u1ef9 s\u01b0 Qu\u1ea3n l\u00fd d\u1ef1 \u00e1n<\/strong><\/p>\n<ul>\n<li><strong>M\u00e3 s\u1ed1: <\/strong>EMI4<\/li>\n<\/ul>\n<ul>\n<li><strong>\u0110\u1ecba \u0111i\u1ec3m: <\/strong>Gia Lai<\/li>\n<\/ul>\n<ul>\n<li><strong>M\u1ee9c l\u01b0\u01a1ng: <\/strong>15,000,000 &#8211; 25,000,000 VND<\/li>\n<\/ul>\n<ul>\n<li><strong>C\u1ea5p b\u1eadc: <\/strong>Nh\u00e2n vi\u00ean<\/li>\n<\/ul>\n<ul>\n<li><strong>B\u1eb1ng c\u1ea5p: <\/strong>\u0110\u1ea1i h\u1ecdc<\/li>\n<\/ul>\n<ul>\n<li><strong>Kinh nghi\u1ec7m: <\/strong>2 &#8211; 8 n\u0103m<\/li>\n<\/ul>\n<ul>\n<li><strong>Ng\u00e0nh ngh\u1ec1: <\/strong>Qu\u1ea3n l\u00fd ch\u1ea5t l\u01b0\u1ee3ng (QA\/QC), C\u01a1 kh\u00ed\u00a0\/ \u00d4 t\u00f4\u00a0\/ T\u1ef1 \u0111\u1ed9ng h\u00f3a, X\u00e2y d\u1ef1ng<\/li>\n<\/ul>\n<ul>\n<li><strong>H\u00ecnh th\u1ee9c: <\/strong>Nh\u00e2n vi\u00ean ch\u00ednh th\u1ee9c<\/li>\n<\/ul>\n<ul>\n<li><strong>Tu\u1ed5i: <\/strong>25 &#8211; 30<\/li>\n<\/ul>\n<ul>\n<li><strong>Gi\u1edbi t\u00ednh: <\/strong>Nam\/N\u1eef<\/li>\n<\/ul>\n<ul>\n<li><strong>H\u1ea1n nh\u1eadn h\u1ed3 s\u01a1: <\/strong>18\/07\/2021<\/li>\n<\/ul>\n<ul>\n<li><strong>Ng\u00f4n Ng\u1eef Tr\u00ecnh B\u00e0y H\u1ed3 S\u01a1: <\/strong>Ti\u1ebfng Vi\u1ec7t<\/li>\n<\/ul>\n<p><strong>PH\u00daC L\u1ee2I<\/strong><\/p>\n<ul>\n<li>Laptop<\/li>\n<li>Ch\u1ebf \u0111\u1ed9 b\u1ea3o hi\u1ec3m<\/li>\n<li>Ph\u1ee5 c\u1ea5p<\/li>\n<li>Ch\u1ebf \u0111\u1ed9 th\u01b0\u1edfng<\/li>\n<li>\u0110\u00e0o t\u1ea1o<\/li>\n<li>T\u0103ng l\u01b0\u01a1ng<\/li>\n<li>C\u00f4ng t\u00e1c ph\u00ed<\/li>\n<\/ul>\n<p><strong>M\u00d4 T\u1ea2 C\u00d4NG VI\u1ec6C<\/strong><\/p>\n<p>\u0110\u1ec3 chu\u1ea9n b\u1ecb ngu\u1ed3n nh\u00e2n l\u1ef1c cho c\u00e1c d\u1ef1 \u00e1n \u0111i\u1ec7n gi\u00f3 t\u1ea1i Mi\u1ec1n Trung v\u00e0 T\u00e2y Nguy\u00ean, C\u00f4ng ty C\u1ed5 ph\u1ea7n \u0111\u1ea7u t\u01b0 EMI \u0111ang t\u00ecm ki\u1ebfm c\u00e1c c\u1ed9ng s\u1ef1 trong l\u0129nh v\u1ef1c Qu\u1ea3n l\u00fd d\u1ef1 \u00e1n v\u1edbi nh\u1eefng y\u00eau c\u1ea7u c\u00f4ng vi\u1ec7c nh\u01b0 sau<\/p>\n<p><strong>Ch\u1ee9c n\u0103ng &#8211; nhi\u1ec7m v\u1ee5<\/strong><\/p>\n<ol>\n<li>Ph\u00e2n t\u00edch, \u0111\u00e1nh gi\u00e1 hi\u1ec7u qu\u1ea3, t\u00ednh kh\u1ea3 thi v\u1ec1 k\u1ef9 thu\u1eadt c\u1ee7a d\u1ef1 \u00e1n (c\u00e1c giai \u0111o\u1ea1n l\u1eadp d\u1ef1 \u00e1n, tri\u1ec3n khai d\u1ef1 \u00e1n v\u00e0 khai th\u00e1c v\u1eadn h\u00e0nh)<\/li>\n<li>Tham gia tri\u1ec3n khai c\u00e1c th\u1ee7 t\u1ee5c ph\u00e1p l\u00fd c\u1ee7a d\u1ef1 \u00e1n (b\u1ed5 sung quy ho\u1ea1ch, ch\u1ee7 tr\u01b0\u01a1ng \u0111\u1ea7u t\u01b0, gi\u1ea3i ph\u00f3ng m\u1eb7t b\u1eb1ng, FS+c\u00e1c th\u1ecfa thu\u1eadn, thi\u1ebft k\u1ebf k\u1ef9 thu\u1eadt, thi\u1ebft k\u1ebf b\u1ea3n v\u1ebd thi c\u00f4ng);<\/li>\n<li>Tham gia\/h\u1ed7 tr\u1ee3 tri\u1ec3n khai th\u1ef1c hi\u1ec7n d\u1ef1 \u00e1n.<\/li>\n<li><strong>T\u00ecm ki\u1ebfm, ph\u00e2n t\u00edch, \u0111\u00e1nh gi\u00e1 c\u01a1 h\u1ed9i \u0111\u1ea7u t\u01b0 d\u1ef1 \u00e1n<\/strong><\/li>\n<\/ol>\n<p>&#8211; T\u00ecm ki\u1ebfm, \u0111\u1ec1 xu\u1ea5t c\u01a1 h\u1ed9i \u0111\u1ea7u t\u01b0 d\u1ef1 \u00e1n<\/p>\n<p>&#8211; \u0110\u00e1nh gi\u00e1 hi\u1ec7u qu\u1ea3\/t\u00ednh kh\u1ea3 thi v\u1ec1 k\u1ef9 thu\u1eadt c\u1ee7a d\u1ef1 \u00e1n<\/p>\n<ol start=\"5\">\n<li><strong>Qu\u1ea3n l\u00fd, tri\u1ec3n khai c\u00e1c th\u1ee7 t\u1ee5c b\u1ed5 sung quy ho\u1ea1ch, chu\u1ea9n b\u1ecb d\u1ef1 \u00e1n<\/strong><\/li>\n<\/ol>\n<p>&#8211; Ch\u1ee7 tr\u00ec, ph\u1ed1i h\u1ee3p v\u1edbi t\u01b0 v\u1ea5n tri\u1ec3n khai c\u00e1c th\u1ee7 t\u1ee5c b\u1ed5 sung quy ho\u1ea1ch;<\/p>\n<p>&#8211; L\u1eadp k\u1ebf ho\u1ea1ch t\u1ed5ng th\u1ec3 tri\u1ec3n khai d\u1ef1 \u00e1n, theo d\u00f5i v\u00e0 b\u00e1o c\u00e1o \u0111\u1ecbnh k\u1ef3, \u0111\u1ed9t xu\u1ea5t qu\u00e1 tr\u00ecnh tri\u1ec3n khai d\u1ef1 \u00e1n;<\/p>\n<p>&#8211; Chu\u1ea9n b\u1ecb c\u00e1c h\u1ed3 s\u01a1, th\u1ee7 t\u1ee5c v\u00e0 l\u00e0m vi\u1ec7c v\u1edbi c\u00e1c \u0111\u01a1n v\u1ecb, c\u01a1 quan nh\u00e0 n\u01b0\u1edbc \u0111\u1ec3 xin ch\u1ea5p thu\u1eadn l\u00e0 nh\u00e0 \u0111\u1ea7u t\u01b0\/ch\u1ee7 tr\u01b0\u01a1ng \u0111\u1ea7u t\u01b0;<\/p>\n<p>&#8211; Chu\u1ea9n b\u1ecb c\u00e1c h\u1ed3 s\u01a1, th\u1ee7 t\u1ee5c v\u00e0 l\u00e0m vi\u1ec7c v\u1edbi c\u00e1c \u0111\u01a1n v\u1ecb, c\u01a1 quan nh\u00e0 n\u01b0\u1edbc \u0111\u1ec3 l\u1eadp, th\u1ea9m tra, th\u1ea9m \u0111\u1ecbnh FS, th\u1ecfa thu\u1eadn chuy\u00ean ng\u00e0nh.<\/p>\n<ol start=\"6\">\n<li><strong>Qu\u1ea3n l\u00fd, tri\u1ec3n khai giai \u0111o\u1ea1n th\u1ef1c hi\u1ec7n d\u1ef1 \u00e1n<\/strong><\/li>\n<\/ol>\n<p>&#8211; Tham gia, h\u1ed7 tr\u1ee3 c\u00f4ng t\u00e1c gi\u1ea3i ph\u00f3ng m\u1eb7t b\u1eb1ng<\/p>\n<p>&#8211; L\u1eadp, c\u1eadp nh\u1eadt v\u00e0 theo d\u00f5i t\u1ed5ng ti\u1ebfn \u0111\u1ed9 c\u1ee7a d\u1ef1 \u00e1n v\u00e0 ti\u1ebfn \u0111\u1ed9 t\u1eebng g\u00f3i th\u1ea7u;<\/p>\n<p>&#8211; T\u1ed5ng h\u1ee3p s\u1ed1 li\u1ec7u \u0111\u1ec3 b\u00e1o c\u00e1o Ban L\u00e3nh \u0111\u1ea1o, b\u00e1o c\u00e1o ra b\u00ean ngo\u00e0i.<\/p>\n<p><strong>Y\u00caU C\u1ea6U C\u00d4NG VI\u1ec6C<\/strong><\/p>\n<p><strong>Y\u00eau c\u1ea7u ki\u1ebfn th\u1ee9c\u00a0<\/strong><\/p>\n<p>&#8211;\u00a0\u00a0\u00a0\u00a0\u00a0\u00a0\u00a0 \u0110\u1ea1i h\u1ecdc c\u00e1c ng\u00e0nh x\u00e2y d\u1ef1ng, giao th\u00f4ng, c\u00f4ng tr\u00ecnh, h\u1ec7 th\u1ed1ng \u0111i\u1ec7n-t\u1ef1 \u0111\u1ed9ng h\u00f3a<\/p>\n<p>&#8211;\u00a0\u00a0\u00a0\u00a0\u00a0\u00a0\u00a0 S\u1eed d\u1ee5ng Ti\u1ebfng Anh t\u1ed1t<\/p>\n<p>&#8211;\u00a0\u00a0\u00a0\u00a0\u00a0\u00a0\u00a0 Ki\u1ebfn th\u1ee9c, k\u1ef9 n\u0103ng qu\u1ea3n l\u00fd d\u1ef1 \u00e1n, qu\u1ea3n l\u00fd x\u00e2y d\u1ef1ng c\u00f4ng tr\u00ecnh<\/p>\n<p>&#8211;\u00a0\u00a0\u00a0\u00a0\u00a0\u00a0\u00a0 Ki\u1ebfn th\u1ee9c, k\u1ef9 n\u0103ng v\u1ec1 th\u1ee7 t\u1ee5c, h\u1ed3 s\u01a1 d\u1ef1 \u00e1n, ph\u00e1p l\u00fd trong l\u0129nh v\u1ef1c x\u00e2y d\u1ef1ng<\/p>\n<p>&#8211;\u00a0\u00a0\u00a0\u00a0\u00a0\u00a0\u00a0 Kinh nghi\u1ec7m \u0111\u1ea7u t\u01b0\/ph\u00e1t tri\u1ec3n d\u1ef1 \u00e1n x\u00e2y d\u1ef1ng<\/p>\n<p><strong>Y\u00eau c\u1ea7u k\u1ef9 n\u0103ng :<\/strong><\/p>\n<p>&#8211;\u00a0\u00a0\u00a0\u00a0\u00a0\u00a0\u00a0 K\u1ef9 n\u0103ng, kinh nghi\u1ec7m l\u00e0m vi\u1ec7c v\u1edbi c\u00e1c c\u01a1 quan ch\u1ee9c n\u0103ng li\u00ean quan \u0111\u1ebfn ph\u00e1t tri\u1ec3n d\u1ef1 \u00e1n, l\u00e0m vi\u1ec7c v\u1edbi t\u01b0 v\u1ea5n thi\u1ebft k\u1ebf, nh\u00e0 th\u1ea7u v\u00e0 nh\u00e0 cung c\u1ea5p.<\/p>\n<p>&#8211;\u00a0\u00a0\u00a0\u00a0\u00a0\u00a0\u00a0 L\u00e0m vi\u1ec7c \u0111\u1ed9c l\u1eadp v\u00e0 l\u00e0m vi\u1ec7c nh\u00f3m<\/p>\n<p>&#8211;\u00a0\u00a0\u00a0\u00a0\u00a0\u00a0\u00a0 X\u1eed l\u00fd c\u00f4ng vi\u1ec7c nhanh v\u00e0 hi\u1ec7u qu\u1ea3<\/p>\n<p>&#8211;\u00a0\u00a0\u00a0\u00a0\u00a0\u00a0\u00a0 Giao ti\u1ebfp t\u1ed1t<\/p>\n<p>&#8211;\u00a0\u00a0\u00a0\u00a0\u00a0\u00a0\u00a0 8 n\u0103m kinh nghi\u1ec7m l\u00e0m vi\u1ec7c<\/p>\n<p>&#8211;\u00a0\u00a0\u00a0\u00a0\u00a0\u00a0\u00a0 5 n\u0103m l\u00e0m chuy\u00ean m\u00f4n l\u0129nh v\u1ef1c li\u00ean quan<\/p>\n<p>&#8211;\u00a0\u00a0\u00a0\u00a0\u00a0\u00a0\u00a0 C\u00f3 kinh nghi\u1ec7m thi\u1ebft k\u1ebf, thi c\u00f4ng v\u00e0 qu\u1ea3n l\u00fd d\u1ef1 \u00e1n c\u00f4ng nghi\u1ec7p (n\u0103ng l\u01b0\u1ee3ng t\u00e1i t\u1ea1o, th\u1ee7y \u0111i\u1ec7n), khai kho\u00e1ng.<\/p>\n<p>&#8211;\u00a0\u00a0\u00a0\u00a0\u00a0\u00a0\u00a0 T\u01b0 duy \u0111\u1ed9c l\u1eadp v\u00e0 kh\u00e1ch quan<\/p>\n<p>&#8211;\u00a0\u00a0\u00a0\u00a0\u00a0\u00a0\u00a0 M\u1eabn c\u00e1n, c\u1ea7u th\u1ecb<\/p>\n<p><strong>TH\u00d4NG TIN KH\u00c1C<\/strong><\/p>\n<ul>\n<li>Th\u1eed vi\u1ec7c: t\u1ed1i \u0111a 2 th\u00e1ng<\/li>\n<li>Th\u1eddi gian l\u00e0m vi\u1ec7c: 8h &#8211; 17h t\u1eeb th\u1ee9 2 \u0111\u1ebfn th\u1ee9 7<\/li>\n<li>C\u01a1 h\u1ed9i hu\u1ea5n luy\u1ec7n: c\u00f3 c\u01a1 h\u1ed9i \u0111\u01b0\u1ee3c c\u00f4ng ty c\u1eed \u0111i \u0111\u00e0o t\u1ea1o chuy\u00ean m\u00f4n<\/li>\n<\/ul>\n<p><strong>TH\u00d4NG TIN LI\u00caN H\u1ec6<\/strong><\/p>\n<ul>\n<li>C\u00f4ng ty: C\u00d4NG TY C\u1ed4 PH\u1ea6N \u0110\u1ea6U T\u01af EMI<\/li>\n<li>Ng\u01b0\u1eddi li\u00ean h\u1ec7: Ph\u00f2ng Nh\u00e2n S\u1ef1<\/li>\n<li>Email: tuyendungemi@gmail.com<\/li>\n<li>\u0110\u1ecba ch\u1ec9 li\u00ean h\u1ec7: 83A L\u00fd Th\u01b0\u1eddng Ki\u1ec7t, Ho\u00e0n Ki\u1ebfm, H\u00e0 N\u1ed9i<\/li>\n<\/ul>\n<p>&nbsp;<\/p>","protected":false},"excerpt":{"rendered":"<p>K\u1ef9 s\u01b0 Qu\u1ea3n l\u00fd d\u1ef1 \u00e1n Ch\u1ee9c danh:\u00a0K\u1ef9 s\u01b0 Qu\u1ea3n l\u00fd d\u1ef1 \u00e1n M\u00e3 s\u1ed1: EMI4 \u0110\u1ecba \u0111i\u1ec3m: Gia Lai M\u1ee9c l\u01b0\u01a1ng: 15,000,000 &#8211; 25,000,000 VND C\u1ea5p b\u1eadc: Nh\u00e2n vi\u00ean B\u1eb1ng c\u1ea5p: \u0110\u1ea1i h\u1ecdc Kinh nghi\u1ec7m: 2 &#8211; 8 n\u0103m Ng\u00e0nh ngh\u1ec1: Qu\u1ea3n l\u00fd ch\u1ea5t l\u01b0\u1ee3ng (QA\/QC), C\u01a1 kh\u00ed\u00a0\/ \u00d4 t\u00f4\u00a0\/ T\u1ef1 \u0111\u1ed9ng h\u00f3a, X\u00e2y &hellip;<\/p>\n<p class=\"read-more\"> <a class=\"\" href=\"https:\/\/emi.com.vn\/vi\/project-management-engineer\/\"> <span class=\"screen-reader-text\">K\u1ef9 s\u01b0 Qu\u1ea3n l\u00fd d\u1ef1 \u00e1n<\/span> Read More &raquo;<\/a><\/p>","protected":false},"author":1,"featured_media":0,"parent":0,"menu_order":0,"comment_status":"closed","ping_status":"closed","template":"","meta":{"site-sidebar-layout":"no-sidebar","site-content-layout":"page-builder","ast-global-header-display":"","ast-main-header-display":"","ast-hfb-above-header-display":"","ast-hfb-below-header-display":"","ast-hfb-mobile-header-display":"","site-post-title":"disabled","ast-breadcrumbs-content":"","ast-featured-img":"disabled","footer-sml-layout":"","theme-transparent-header-meta":"enabled","adv-header-id-meta":"","stick-header-meta":"","header-above-stick-meta":"","header-main-stick-meta":"","header-below-stick-meta":"","footnotes":""},"class_list":["post-1309","page","type-page","status-publish","hentry"],"_links":{"self":[{"href":"https:\/\/emi.com.vn\/vi\/wp-json\/wp\/v2\/pages\/1309","targetHints":{"allow":["GET"]}}],"collection":[{"href":"https:\/\/emi.com.vn\/vi\/wp-json\/wp\/v2\/pages"}],"about":[{"href":"https:\/\/emi.com.vn\/vi\/wp-json\/wp\/v2\/types\/page"}],"author":[{"embeddable":true,"href":"https:\/\/emi.com.vn\/vi\/wp-json\/wp\/v2\/users\/1"}],"replies":[{"embeddable":true,"href":"https:\/\/emi.com.vn\/vi\/wp-json\/wp\/v2\/comments?post=1309"}],"version-history":[{"count":4,"href":"https:\/\/emi.com.vn\/vi\/wp-json\/wp\/v2\/pages\/1309\/revisions"}],"predecessor-version":[{"id":1434,"href":"https:\/\/emi.com.vn\/vi\/wp-json\/wp\/v2\/pages\/1309\/revisions\/1434"}],"wp:attachment":[{"href":"https:\/\/emi.com.vn\/vi\/wp-json\/wp\/v2\/media?parent=1309"}],"curies":[{"name":"wp","href":"https:\/\/api.w.org\/{rel}","templated":true}]}}