{"id":1318,"date":"2022-07-30T10:27:04","date_gmt":"2022-07-30T10:27:04","guid":{"rendered":"https:\/\/emi.com.vn\/?page_id=1318"},"modified":"2022-07-31T10:25:17","modified_gmt":"2022-07-31T10:25:17","slug":"human-resources","status":"publish","type":"page","link":"https:\/\/emi.com.vn\/vi\/human-resources\/","title":{"rendered":"Nh\u00e2n vi\u00ean h\u00e0nh ch\u00ednh - nh\u00e2n s\u1ef1"},"content":{"rendered":"<p><strong>Nh\u00e2n vi\u00ean h\u00e0nh ch\u00ednh &#8211; nh\u00e2n s\u1ef1<\/strong><\/p>\n<p><strong>Ch\u1ee9c danh:\u00a0<\/strong><strong>Nh\u00e2n vi\u00ean h\u00e0nh ch\u00ednh &#8211; nh\u00e2n s\u1ef1<\/strong><\/p>\n<ul>\n<li><strong>M\u00e3 s\u1ed1: <\/strong>EMI7<\/li>\n<\/ul>\n<ul>\n<li><strong>\u0110\u1ecba \u0111i\u1ec3m: <\/strong>H\u00e0 N\u1ed9i<\/li>\n<\/ul>\n<ul>\n<li><strong>M\u1ee9c l\u01b0\u01a1ng: <\/strong>6,000,000 &#8211; 12,000,000 VND<\/li>\n<\/ul>\n<ul>\n<li><strong>C\u1ea5p b\u1eadc: <\/strong>Nh\u00e2n vi\u00ean<\/li>\n<\/ul>\n<ul>\n<li><strong>B\u1eb1ng c\u1ea5p: <\/strong>Cao \u0111\u1eb3ng<\/li>\n<\/ul>\n<ul>\n<li><strong>Kinh nghi\u1ec7m: <\/strong>1 &#8211; 3 n\u0103m<\/li>\n<\/ul>\n<ul>\n<li><strong>Ng\u00e0nh ngh\u1ec1: <\/strong>Nh\u00e2n s\u1ef1, H\u00e0nh ch\u00ednh \/ Th\u01b0 k\u00fd<\/li>\n<\/ul>\n<ul>\n<li><strong>H\u00ecnh th\u1ee9c: <\/strong>Nh\u00e2n vi\u00ean ch\u00ednh th\u1ee9c<\/li>\n<\/ul>\n<ul>\n<li><strong>Tu\u1ed5i: <\/strong>23 &#8211; 27<\/li>\n<\/ul>\n<ul>\n<li><strong>Gi\u1edbi t\u00ednh: <\/strong>N\u1eef<\/li>\n<\/ul>\n<ul>\n<li><strong>H\u1ea1n nh\u1eadn h\u1ed3 s\u01a1: <\/strong>28\/05\/2021<\/li>\n<\/ul>\n<p><strong>PH\u00daC L\u1ee2I<\/strong><\/p>\n<ul>\n<li>Laptop<\/li>\n<li>Ch\u1ebf \u0111\u1ed9 b\u1ea3o hi\u1ec3m<\/li>\n<li>Ph\u1ee5 c\u1ea5p<\/li>\n<li>Xe \u0111\u01b0a \u0111\u00f3n<\/li>\n<li>Ch\u1ebf \u0111\u1ed9 th\u01b0\u1edfng<\/li>\n<li>T\u0103ng l\u01b0\u01a1ng<\/li>\n<li>C\u00f4ng t\u00e1c ph\u00ed<\/li>\n<li>Ngh\u1ec9 ph\u00e9p n\u0103m<\/li>\n<\/ul>\n<p><strong>M\u00d4 T\u1ea2 C\u00d4NG VI\u1ec6C<\/strong><\/p>\n<ol>\n<li>C\u00f4ng vi\u1ec7c Nh\u00e2n s\u1ef1:<\/li>\n<\/ol>\n<p>&#8211; Tr\u1ef1c ti\u1ebfp ti\u1ebfp nh\u1eadn c\u00e1c nhu c\u1ea7u tuy\u1ec3n d\u1ee5ng c\u1ee7a c\u00e1c ph\u00f2ng ban trong C\u00f4ng ty, l\u1eadp c\u00e1c k\u1ebf ho\u1ea1ch tuy\u1ec3n d\u1ee5ng, \u0111i\u1ec1u ph\u1ed1i v\u00e0 ch\u1ecbu tr\u00e1ch nhi\u1ec7m t\u1ed5 ch\u1ee9c th\u1ef1c hi\u1ec7n c\u00e1c k\u1ebf ho\u1ea1ch \u0111\u00f3.<\/p>\n<p>&#8211; Th\u1ef1c hi\u1ec7n c\u00f4ng t\u00e1c ch\u1ea5m c\u00f4ng cho CBNV.<\/p>\n<p>&#8211; Th\u1ef1c hi\u1ec7n, gi\u1ea3i quy\u1ebft c\u00e1c th\u1ee7 t\u1ee5c li\u00ean quan \u0111\u1ebfn BHXH, BHYT<\/p>\n<p>&#8211; Th\u1ef1 hi\u1ec7n c\u00f4ng t\u00e1c ti\u1ebfp nh\u1eadn nh\u00e2n vi\u00ean m\u1edbi, x\u00e2y d\u1ef1ng t\u00e0i li\u1ec7u, m\u00f4 t\u1ea3 c\u00f4ng vi\u1ec7c.<\/p>\n<p>&#8211; Tham gia th\u1ef1c hi\u1ec7n c\u00e1c nhi\u1ec7m v\u1ee5 c\u1ee7a c\u00f4ng t\u00e1c qu\u1ea3n tr\u1ecb nh\u00e2n s\u1ef1 g\u1ed3m: theo d\u00f5i di\u1ec5n bi\u1ebfn nh\u00e2n s\u1ef1, l\u1eadp h\u1ee3p \u0111\u1ed3ng lao \u0111\u1ed9ng, so\u1ea1n th\u1ea3o c\u00e1c c\u00f4ng v\u0103n h\u00e0nh ch\u00ednh nh\u00e2n s\u1ef1 v\u00e0 qu\u1ea3n tr\u1ecb chung &#8230;<\/p>\n<p>&#8211; H\u1ed7 tr\u1ee3 th\u1ef1c hi\u1ec7n c\u00f4ng t\u00e1c truy\u1ec1n th\u00f4ng n\u1ed9i b\u1ed9, g\u1eafn k\u1ebft c\u00e1c th\u00e0nh vi\u00ean v\u00e0 ti\u1ebfn h\u00e0nh c\u00e1c ho\u1ea1t \u0111\u1ed9ng vui ch\u01a1i gi\u1ea3i tr\u00ed cho nh\u00e2n vi\u00ean c\u00f4ng ty<\/p>\n<p>&#8211; L\u01b0u gi\u1eef c\u00e1c h\u1ed3 s\u01a1, t\u00e0i li\u1ec7u li\u00ean quan \u0111\u1ebfn vi\u1ec7c th\u1ef1c hi\u1ec7n c\u00e1c th\u1ee7 t\u1ee5c, ch\u00ednh s\u00e1ch nh\u00e2n s\u1ef1<\/p>\n<p>&#8211; X\u00e2y d\u1ef1ng thang b\u1ea3ng l\u01b0\u01a1ng v\u00e0 c\u00e1c th\u1ee7 t\u1ee5c \u0111\u0103ng k\u00fd thang b\u1ea3ng l\u01b0\u01a1ng<\/p>\n<p>&#8211; Gi\u1ea3i quy\u1ebft c\u00e1c th\u1ee7 t\u1ee5c ch\u1ea5m d\u1ee9t h\u0111l\u0111<\/p>\n<p>&#8211; Th\u1ef1c hi\u1ec7n m\u1ed9t s\u1ed1 y\u00eau c\u1ea7u kh\u00e1c c\u1ee7a qu\u1ea3n l\u00fd tr\u1ef1c ti\u1ebfp<\/p>\n<ol start=\"2\">\n<li>C\u00f4ng vi\u1ec7c H\u00e0nh ch\u00ednh:<\/li>\n<\/ol>\n<p>&#8211; \u0110\u00f3n ti\u1ebfp kh\u00e1ch \u0111\u1ebfn giao d\u1ecbch t\u1ea1i v\u0103n ph\u00f2ng<\/p>\n<p>&#8211; T\u1ed5 ch\u1ee9c l\u1eefu tr\u1eef, qu\u1ea3n l\u00fd to\u00e0n b\u1ed9 c\u00e1c h\u1ec7 th\u1ed1ng c\u00f4ng v\u0103n, gi\u1ea5y t\u1edd, h\u1ee3p \u0111\u1ed3ng, t\u00e0i li\u1ec7u, h\u1ed3 s\u01a1 ph\u00e1p l\u00fd c\u1ee7a c\u00f4ng ty;<\/p>\n<p>&#8211; Qu\u1ea3n l\u00fd, \u0111\u1eb7t mua v\u0103n ph\u00f2ng ph\u1ea9m; in \u1ea5n\/ c\u00f4ng ch\u1ee9ng t\u00e0i li\u1ec7u khi c\u1ea7n thi\u1ebft; qu\u1ea3n l\u00fd vi\u1ec7c s\u1eed d\u1ee5ng t\u00e0i s\u1ea3n, thi\u1ebft b\u1ecb, m\u00e1y m\u00f3c, t\u00e0i li\u1ec7u&#8230;<\/p>\n<p>&#8211; Bao qu\u00e1t, theo d\u00f5i c\u00e1c ho\u1ea1t \u0111\u1ed9ng v\u1ec7 sinh, \u0111i\u1ec7n, n\u01b0\u1edbc v\u00e0 c\u00e1c ho\u1ea1t \u0111\u1ed9ng ph\u00e1t sinh kh\u00e1c t\u1ea1i v\u0103n ph\u00f2ng.<\/p>\n<p>&#8211; Th\u1ef1c hi\u1ec7n c\u00e1c c\u00f4ng vi\u1ec7c kh\u00e1c theo s\u1ef1 ph\u00e2n c\u00f4ng c\u1ee7a qu\u1ea3n l\u00fd tr\u1ef1c ti\u1ebfp<\/p>\n<p>&#8211; Chu\u1ea9n b\u1ecb ph\u00f2ng h\u1ecdp v\u00e0 ti\u1ebfp \u0111\u00f3n \u0111\u1ed1i t\u00e1c khi c\u00f3 l\u1ecbch h\u1eb9n<\/p>\n<p>&#8211; L\u01b0u tr\u1eef v\u0103n b\u1ea3n, h\u1ed3 s\u01a1 ph\u00e1p l\u00fd c\u1ee7a c\u00f4ng ty<\/p>\n<p>&#8211; V\u00e0o s\u1ed5 c\u00f4ng v\u0103n \u0111i &#8211; \u0111\u1ebfn, theo d\u00f5i v\u0103n b\u1ea3n ph\u00e1t h\u00e0nh<\/p>\n<p>&#8211; Qu\u1ea3n th\u1ee7 con d\u1ea5u<\/p>\n<p>&#8211; Theo d\u00f5i v\u1ec7 sinh chung to\u00e0n b\u1ed9 v\u0103n ph\u00f2ng<\/p>\n<p>&#8211; \u0110\u1eb7t v\u00e9 m\u00e1y bay, v\u0103n ph\u00f2ng ph\u1ea9m,&#8230;<\/p>\n<p>&#8211; L\u00e0m \u0111\u1ec1 ngh\u1ecb thanh to\u00e1n v\u00e9 m\u00e1y bay, v\u0103n ph\u00f2ng ph\u1ea9m,&#8230;<\/p>\n<p><strong>Y\u00caU C\u1ea6U C\u00d4NG VI\u1ec6C<\/strong><\/p>\n<p>&#8211;\u00a0\u00a0\u00a0\u00a0\u00a0\u00a0\u00a0 N\u1eef, t\u1ed1t nghi\u1ec7p \u0111\u1ea1i h\u1ecdc\/cao \u0111\u1eb3ng chuy\u00ean ng\u00e0nh qu\u1ea3n tr\u1ecb nh\u00e2n l\u1ef1c<\/p>\n<p>&#8211;\u00a0\u00a0\u00a0\u00a0\u00a0\u00a0\u00a0 C\u00f3 1-2 n\u0103m kinh nghi\u1ec7m \u1edf v\u1ecb tr\u00ed t\u01b0\u01a1ng \u0111\u01b0\u01a1ng<\/p>\n<p>&#8211;\u00a0\u00a0\u00a0\u00a0\u00a0\u00a0\u00a0 Th\u00e1i \u0111\u1ed9 c\u1ea7u th\u1ecb, n\u0103ng n\u1ed5, nhi\u1ec7t t\u00ecnh trong c\u00f4ng vi\u1ec7c<\/p>\n<p>&#8211;\u00a0\u00a0\u00a0\u00a0\u00a0\u00a0\u00a0 C\u00f3 ti\u1ebfng Anh ho\u1eb7c TOEIC s\u1ebd \u0111\u01b0\u1ee3c \u01b0u ti\u00ean<\/p>\n<p>L\u00e0m vi\u1ec7c t\u1ea1i t\u00f2a nh\u00e0 Ph\u00fa \u0110i\u1ec1n, 83A L\u00fd Th\u01b0\u1eddng Ki\u1ec7t, H\u00e0 N\u1ed9i<\/p>\n<p><strong>TH\u00d4NG TIN KH\u00c1C<\/strong><\/p>\n<p><strong>TH\u00d4NG TIN LI\u00caN H\u1ec6<\/strong><\/p>\n<ul>\n<li>C\u00f4ng ty: C\u00d4NG TY C\u1ed4 PH\u1ea6N \u0110\u1ea6U T\u01af EMI<\/li>\n<li>Ng\u01b0\u1eddi li\u00ean h\u1ec7: Ph\u00f2ng Nh\u00e2n S\u1ef1<\/li>\n<li>Email: tuyendungemi@gmail.com<\/li>\n<li>\u0110\u1ecba ch\u1ec9 li\u00ean h\u1ec7: 83A L\u00fd Th\u01b0\u1eddng Ki\u1ec7t, Ho\u00e0n Ki\u1ebfm, H\u00e0 N\u1ed9i<\/li>\n<\/ul>\n<p>&nbsp;<\/p>","protected":false},"excerpt":{"rendered":"<p>Nh\u00e2n vi\u00ean h\u00e0nh ch\u00ednh &#8211; nh\u00e2n s\u1ef1 Ch\u1ee9c danh:\u00a0Nh\u00e2n vi\u00ean h\u00e0nh ch\u00ednh &#8211; nh\u00e2n s\u1ef1 M\u00e3 s\u1ed1: EMI7 \u0110\u1ecba \u0111i\u1ec3m: H\u00e0 N\u1ed9i M\u1ee9c l\u01b0\u01a1ng: 6,000,000 &#8211; 12,000,000 VND C\u1ea5p b\u1eadc: Nh\u00e2n vi\u00ean B\u1eb1ng c\u1ea5p: Cao \u0111\u1eb3ng Kinh nghi\u1ec7m: 1 &#8211; 3 n\u0103m Ng\u00e0nh ngh\u1ec1: Nh\u00e2n s\u1ef1, H\u00e0nh ch\u00ednh \/ Th\u01b0 k\u00fd H\u00ecnh th\u1ee9c: Nh\u00e2n vi\u00ean &hellip;<\/p>\n<p class=\"read-more\"> <a class=\"\" href=\"https:\/\/emi.com.vn\/vi\/human-resources\/\"> <span class=\"screen-reader-text\">Nh\u00e2n vi\u00ean h\u00e0nh ch\u00ednh - nh\u00e2n s\u1ef1<\/span> Read More &raquo;<\/a><\/p>","protected":false},"author":1,"featured_media":0,"parent":0,"menu_order":0,"comment_status":"closed","ping_status":"closed","template":"","meta":{"site-sidebar-layout":"no-sidebar","site-content-layout":"page-builder","ast-global-header-display":"","ast-main-header-display":"","ast-hfb-above-header-display":"","ast-hfb-below-header-display":"","ast-hfb-mobile-header-display":"","site-post-title":"disabled","ast-breadcrumbs-content":"","ast-featured-img":"disabled","footer-sml-layout":"","theme-transparent-header-meta":"enabled","adv-header-id-meta":"","stick-header-meta":"","header-above-stick-meta":"","header-main-stick-meta":"","header-below-stick-meta":"","footnotes":""},"class_list":["post-1318","page","type-page","status-publish","hentry"],"_links":{"self":[{"href":"https:\/\/emi.com.vn\/vi\/wp-json\/wp\/v2\/pages\/1318","targetHints":{"allow":["GET"]}}],"collection":[{"href":"https:\/\/emi.com.vn\/vi\/wp-json\/wp\/v2\/pages"}],"about":[{"href":"https:\/\/emi.com.vn\/vi\/wp-json\/wp\/v2\/types\/page"}],"author":[{"embeddable":true,"href":"https:\/\/emi.com.vn\/vi\/wp-json\/wp\/v2\/users\/1"}],"replies":[{"embeddable":true,"href":"https:\/\/emi.com.vn\/vi\/wp-json\/wp\/v2\/comments?post=1318"}],"version-history":[{"count":3,"href":"https:\/\/emi.com.vn\/vi\/wp-json\/wp\/v2\/pages\/1318\/revisions"}],"predecessor-version":[{"id":1427,"href":"https:\/\/emi.com.vn\/vi\/wp-json\/wp\/v2\/pages\/1318\/revisions\/1427"}],"wp:attachment":[{"href":"https:\/\/emi.com.vn\/vi\/wp-json\/wp\/v2\/media?parent=1318"}],"curies":[{"name":"wp","href":"https:\/\/api.w.org\/{rel}","templated":true}]}}