{"id":1321,"date":"2022-07-30T10:28:30","date_gmt":"2022-07-30T10:28:30","guid":{"rendered":"https:\/\/emi.com.vn\/?page_id=1321"},"modified":"2022-07-31T10:29:26","modified_gmt":"2022-07-31T10:29:26","slug":"power-plan-operation-engineer","status":"publish","type":"page","link":"https:\/\/emi.com.vn\/vi\/power-plan-operation-engineer\/","title":{"rendered":"K\u1ef9 s\u01b0 v\u1eadn h\u00e0nh nh\u00e0 m\u00e1y \u0111i\u1ec7n"},"content":{"rendered":"<p><strong>K\u1ef9 s\u01b0 v\u1eadn h\u00e0nh nh\u00e0 m\u00e1y \u0111i\u1ec7n<\/strong><\/p>\n<p><strong>Ch\u1ee9c danh:\u00a0<\/strong><strong>K\u1ef9 s\u01b0 v\u1eadn h\u00e0nh nh\u00e0 m\u00e1y \u0111i\u1ec7n<\/strong><\/p>\n<ul>\n<li><strong>M\u00e3 s\u1ed1: <\/strong>EMI8<\/li>\n<\/ul>\n<ul>\n<li><strong>\u0110\u1ecba \u0111i\u1ec3m:: <\/strong>Qu\u1ea3ng Tr\u1ecb\/Gia Lai<\/li>\n<\/ul>\n<ul>\n<li><strong>M\u1ee9c l\u01b0\u01a1ng: <\/strong>14,000,000 &#8211; 20,000,000 VND<\/li>\n<\/ul>\n<ul>\n<li><strong>C\u1ea5p b\u1eadc: <\/strong>Nh\u00e2n vi\u00ean<\/li>\n<\/ul>\n<ul>\n<li><strong>B\u1eb1ng c\u1ea5p: <\/strong>Cao \u0111\u1eb3ng<\/li>\n<\/ul>\n<ul>\n<li><strong>Kinh nghi\u1ec7m: <\/strong>2 &#8211; 10 n\u0103m<\/li>\n<\/ul>\n<ul>\n<li><strong>Ng\u00e0nh ngh\u1ec1: <\/strong>\u0110i\u1ec7n \/ \u0110i\u1ec7n t\u1eed \/ \u0110i\u1ec7n l\u1ea1nh, S\u1ea3n xu\u1ea5t \/ V\u1eadn h\u00e0nh s\u1ea3n xu\u1ea5t, C\u01a1 kh\u00ed\u00a0\/ \u00d4 t\u00f4\u00a0\/ T\u1ef1 \u0111\u1ed9ng h\u00f3a<\/li>\n<\/ul>\n<ul>\n<li><strong>H\u00ecnh th\u1ee9c: <\/strong>Nh\u00e2n vi\u00ean ch\u00ednh th\u1ee9c<\/li>\n<\/ul>\n<ul>\n<li><strong>Tu\u1ed5i: <\/strong>25 &#8211; 45<\/li>\n<\/ul>\n<ul>\n<li><strong>Gi\u1edbi t\u00ednh: <\/strong>Nam<\/li>\n<\/ul>\n<ul>\n<li><strong>H\u1ea1n nh\u1eadn h\u1ed3 s\u01a1: <\/strong>01\/06\/2021<\/li>\n<\/ul>\n<ul>\n<li><strong>Ng\u00f4n Ng\u1eef Tr\u00ecnh B\u00e0y H\u1ed3 S\u01a1: <\/strong>Ti\u1ebfng Anh, Ti\u1ebfng Vi\u1ec7t (\u01afu ti\u00ean)<\/li>\n<\/ul>\n<p><strong>PH\u00daC L\u1ee2I<\/strong><\/p>\n<ul>\n<li>Laptop<\/li>\n<li>Ch\u1ebf \u0111\u1ed9 b\u1ea3o hi\u1ec3m<\/li>\n<li>Ph\u1ee5 c\u1ea5p<\/li>\n<li>Xe \u0111\u01b0a \u0111\u00f3n<\/li>\n<li>Ch\u1ebf \u0111\u1ed9 th\u01b0\u1edfng<\/li>\n<li>T\u0103ng l\u01b0\u01a1ng<\/li>\n<li>C\u00f4ng t\u00e1c ph\u00ed<\/li>\n<li>Ngh\u1ec9 ph\u00e9p n\u0103m<\/li>\n<\/ul>\n<p><strong>M\u00d4 T\u1ea2 C\u00d4NG VI\u1ec6C<\/strong><\/p>\n<p>Nh\u1eb1m chu\u1ea9n b\u1ecb cho c\u00f4ng t\u00e1c v\u1eadn h\u00e0nh c\u00e1c nh\u00e0 m\u00e1y \u0111i\u1ec7n gi\u00f3 t\u1ea1i Gia Lai v\u00e0 Qu\u1ea3ng Tr\u1ecb trong n\u0103m 2021, C\u1ed5ng ty c\u1ed5 ph\u1ea7n \u0111\u1ea7u t\u01b0 EMI \u0111ang c\u1ea7n tuy\u1ec3n d\u1ee5ng nh\u1eefng v\u1ecb tr\u00ed nh\u01b0 sau<\/p>\n<ol>\n<li>Tr\u01b0\u1edfng ca V\u1eadn h\u00e0nh:<\/li>\n<\/ol>\n<p>&#8211; V\u1eadn h\u00e0nh, ki\u1ec3m tra, gi\u00e1m s\u00e1t to\u00e0n b\u1ed9 thi\u1ebft b\u1ecb trong nh\u00e0 m\u00e1y, \u0111\u01b0\u1eddng d\u00e2y 110kV b\u1ea3o \u0111\u1ea3m nh\u00e0 m\u00e1y v\u1eadn h\u00e0nh an to\u00e0n, \u1ed5n \u0111\u1ecbnh.<\/p>\n<p>&#8211; Th\u1ef1c hi\u1ec7n v\u1ec7 sinh c\u00f4ng nghi\u1ec7p, b\u1ea3o d\u01b0\u1ee1ng v\u00e0 s\u1eeda ch\u1eefa nh\u1ecf trong nh\u00e0 m\u00e1y, x\u1eed l\u00fd s\u1ef1 c\u1ed1.<\/p>\n<p>&#8211; Qu\u1ea3n l\u00fd v\u00e0 ph\u00e2n c\u00f4ng c\u00f4ng vi\u1ec7c trong ca tr\u1ef1c ph\u00f9 h\u1ee3p<\/p>\n<p>&#8211; B\u00e1o c\u00e1o l\u00e3nh \u0111\u1ea1o, c\u00e1c c\u1ea5p \u0111i\u1ec1u \u0111\u1ed9 c\u00e1c v\u1ea5n \u0111\u1ec1 li\u00ean quan \u0111\u1ebfn v\u1eadn h\u00e0nh nh\u00e0 m\u00e1y, \u0111\u01b0\u1eddng d\u00e2y 110kV \u0111\u1ea5u n\u1ed1i. Th\u1ef1c hi\u1ec7n \u0111\u1ea7y \u0111\u1ee7 nhi\u1ec7m v\u1ee5, quy\u1ec1n h\u1ea1n trong m\u1ed1i quan h\u1ec7 c\u00f4ng t\u00e1c v\u1edbi c\u00e1c c\u1ea5p \u0111i\u1ec1u \u0111\u1ed9.<\/p>\n<p>&#8211; Ch\u1ecbu tr\u00e1ch nhi\u1ec7m v\u1ec1 v\u1eadn h\u00e0nh an to\u00e0n thi\u1ebft b\u1ecb, b\u1ea3o v\u1ec7 t\u00e0i s\u1ea3n thi\u1ebft b\u1ecb trong nh\u00e0 m\u00e1y trong ca tr\u1ef1c<\/p>\n<p>&#8211; Vi\u1ebft phi\u1ebfu thao t\u00e1c, phi\u1ebfu c\u00f4ng t\u00e1c theo quy tr\u00ecnh v\u1eadn h\u00e0nh nh\u00e0 m\u00e1y v\u00e0 duy\u1ec7t phi\u1ebfu khi \u0111\u01b0\u1ee3c \u1ee7y quy\u1ec1n.<\/p>\n<p>&#8211; Ph\u1ed1i h\u1ee3p l\u1eadp k\u1ebf ho\u1ea1ch th\u00ed nghi\u1ec7m thi\u1ebft b\u1ecb, ki\u1ec3m \u0111\u1ecbnh thi\u1ebft b\u1ecb \u0111o \u0111\u1ebfm \u0111i\u1ec7n n\u0103ng h\u1eb1ng n\u0103m c\u1ee7a nh\u00e0 m\u00e1y v\u00e0 ph\u1ed1i h\u1ee3p v\u1edbi \u0111\u01a1n v\u1ecb li\u00ean quan ti\u1ebfn h\u00e0nh th\u00ed nghi\u1ec7m, ki\u1ec3m \u0111\u1ecbnh.<\/p>\n<p>&#8211; Ph\u1ee5 tr\u00e1ch c\u00e1c s\u01a1 \u0111\u1ed3 v\u00e0 n\u1eafm b\u1eaft c\u00e1c b\u1ea3n v\u1ebd nguy\u00ean l\u00fd c\u1ee7a h\u1ec7 th\u1ed1ng, c\u00e1c m\u1ea1ch \u0111\u1ea5u n\u1ed1i c\u1ee7a thi\u1ebft b\u1ecb, t\u1ee7 \u0111i\u1ec1u khi\u1ec3n, c\u00e1c quy tr\u00ecnh v\u1eadn h\u00e0nh c\u1ee7a c\u00e1c nh\u00e0 m\u00e1y, \u0111\u01b0\u1eddng d\u00e2y v\u00e0 tr\u1ea1m bi\u1ebfn \u00e1p, c\u00e1c quy tr\u00ecnh quy ph\u1ea1m v\u1ec1 k\u1ef9 thu\u1eadt v\u00e0 an to\u00e0n l\u01b0\u1edbi \u0111i\u1ec7n ph\u1ee5c v\u1ee5 cho c\u00f4ng t\u00e1c qu\u1ea3n l\u00fd v\u1eadn h\u00e0nh nh\u00e0 m\u00e1y<\/p>\n<p>&#8211; Gi\u00e1m s\u00e1t \u0111\u01a1n v\u1ecb b\u1ea3o v\u1ec7 c\u1ee7a nh\u00e0 m\u00e1y v\u00e0 ph\u1ed1i h\u1ee3p nhi\u1ec7m v\u1ee5 b\u1ea3o v\u1ec7.<\/p>\n<p>&#8211; Tham gia c\u00f4ng t\u00e1c x\u1eed l\u00fd s\u1ef1 c\u1ed1 nh\u00e0 m\u00e1y ngo\u00e0i ca tr\u1ef1c c\u1ee7a m\u00ecnh<\/p>\n<p>&#8211; Tham gia c\u00f4ng t\u00e1c v\u1ec7 sinh t\u1ea5m pin theo k\u1ebf ho\u1ea1ch.<\/p>\n<p>&#8211; Th\u1ef1c hi\u1ec7n b\u00e1o c\u00e1o \u0111\u1ecbnh k\u1ef3 v\u00e0 \u0111\u1ed9t xu\u1ea5t theo y\u00eau c\u1ea7u.<\/p>\n&#8211; Th\u1ef1c hi\u1ec7n c\u00f4ng vi\u1ec7c kh\u00e1c theo s\u1ef1 ph\u00e2n c\u00f4ng c\u1ee7a Gi\u00e1m \u0111\u1ed1c nh\u00e0 m\u00e1y<br \/>\n2. Nh\u00e2n vi\u00ean V\u1eadn h\u00e0nh:\n<p>&#8211; V\u1eadn h\u00e0nh, ki\u1ec3m tra thi\u1ebft b\u1ecb trong nh\u00e0 m\u00e1y theo ph\u00e2n c\u00f4ng c\u1ee7a Tr\u01b0\u1edfng ca b\u1ea3o \u0111\u1ea3m nh\u00e0 m\u00e1y ho\u1ea1t \u0111\u1ed9ng an to\u00e0n, \u1ed5n \u0111\u1ecbnh.<\/p>\n<p>&#8211; Th\u1ef1c hi\u1ec7n v\u1ec7 sinh c\u00f4ng nghi\u1ec7p, b\u1ea3o d\u01b0\u1ee1ng v\u00e0 s\u1eeda ch\u1eefa nh\u1ecf trong nh\u00e0 m\u00e1y, x\u1eed l\u00fd s\u1ef1 c\u1ed1.<\/p>\n<p>&#8211; B\u00e1o c\u00e1o c\u1ea5p tr\u00ean c\u00e1c v\u1ea5n \u0111\u1ec1 li\u00ean quan \u0111\u1ebfn v\u1eadn h\u00e0nh nh\u00e0 m\u00e1y.<\/p>\n<p>&#8211; B\u1ea3o v\u1ec7 t\u00e0i s\u1ea3n thi\u1ebft b\u1ecb trong nh\u00e0 m\u00e1y v\u00e0 th\u1ef1c hi\u1ec7n b\u00e1o c\u00e1o khi c\u00f3 h\u01b0 h\u1ecfng.<\/p>\n<p>&#8211; Th\u1ef1c hi\u1ec7n \u0111\u1ea7y \u0111\u1ee7 quy\u1ec1n h\u1ea1n, tr\u00e1ch nhi\u1ec7m trong c\u00f4ng t\u00e1c tr\u1ef1c ca, nghi\u00eam t\u00fac th\u1ef1c hi\u1ec7n n\u1ed9i quy, quy \u0111\u1ecbnh c\u1ee7a C\u00f4ng ty, bao g\u1ed3m: th\u1ee7 t\u1ee5c giao nh\u1eadn ca, theo d\u00f5i th\u00f4ng s\u1ed1 v\u1eadn h\u00e0nh, b\u00e1o c\u00e1o s\u1ea3n xu\u1ea5t, nh\u1eadt k\u00fd v\u1eadn h\u00e0nh, ki\u1ec3m tra tr\u1ea1m Inverter, PV Modules, tr\u1ea1m th\u1eddi ti\u1ebft theo k\u1ebf ho\u1ea1ch O&amp;M, v\u1ec7 sinh thi\u1ebft b\u1ecb, d\u1ee5ng d\u1ee5 d\u00f9ng trong ca, &#8230;)<\/p>\n<p>&#8211; B\u00e1o c\u00e1o \u0111\u1ecbnh k\u1ef3 v\u00e0 \u0111\u1ed9t xu\u1ea5t theo y\u00eau c\u1ea7u c\u1ee7a Qu\u1ea3n l\u00fd c\u1ea5p tr\u00ean.<\/p>\n<p>&#8211; Th\u1ef1c hi\u1ec7n c\u00f4ng vi\u1ec7c theo s\u1ef1 ph\u00e2n c\u00f4ng nhi\u1ec7m v\u1ee5 c\u1ee7a Tr\u01b0\u1edfng ca trong ca tr\u1ef1c c\u1ee7a m\u00ecnh v\u1ec1 c\u00f4ng t\u00e1c v\u1eadn h\u00e0nh, t\u00ecm hi\u1ec3u thi\u1ebft b\u1ecb v\u00e0 ng\u01b0\u1eddi li\u00ean quan do Gi\u00e1m \u0111\u1ed1c nh\u00e0 m\u00e1y ch\u1ec9 \u0111\u1ecbnh ngo\u00e0i ca tr\u1ef1c.<\/p>\n<p>&#8211; Th\u1ef1c hi\u1ec7n c\u00f4ng vi\u1ec7c kh\u00e1c theo ch\u1ec9 \u0111\u1ecbnh c\u1ee7a Qu\u1ea3n l\u00fd tr\u1ef1c ti\u1ebfp.<\/p>\n<p><strong>Y\u00caU C\u1ea6U C\u00d4NG VI\u1ec6C<\/strong><\/p>\n<ol>\n<li>Tr\u01b0\u1edfng ca V\u1eadn h\u00e0nh:<\/li>\n<\/ol>\n<p>&#8211;\u00a0\u00a0\u00a0\u00a0\u00a0\u00a0\u00a0 T\u1ed1t nghi\u1ec7p \u0110\u1ea1i h\u1ecdc ho\u1eb7c Sau \u0110\u1ea1i h\u1ecdc, chuy\u00ean ng\u00e0nh H\u1ec7 th\u1ed1ng \u0110i\u1ec7n, K\u1ef9 thu\u1eadt \u0110i\u1ec7n.<\/p>\n<p>&#8211;\u00a0\u00a0\u00a0\u00a0\u00a0\u00a0\u00a0 C\u00f3 ch\u1ee9ng nh\u1eadn Tr\u01b0\u1edfng ca v\u1eadn h\u00e0nh c\u1ee7a Trung t\u00e2m \u0111i\u1ec1u \u0111\u1ed9 h\u1ec7 th\u1ed1ng \u0111i\u1ec7n Qu\u1ed1c gia (A0)<\/p>\n<p>&#8211;\u00a0\u00a0\u00a0\u00a0\u00a0\u00a0\u00a0 Kinh nghi\u1ec7m l\u00e0m vi\u1ec7c t\u1eeb 02 n\u0103m tr\u1edf l\u00ean \u1edf v\u1ecb tr\u00ed t\u01b0\u01a1ng \u0111\u01b0\u01a1ng, v\u00e0:<\/p>\n<ul>\n<li>C\u00f3 ki\u1ebfn th\u1ee9c th\u00f4ng th\u1ea1o v\u1ec1 ng\u00e0nh \u0110i\u1ec7n\/ Qu\u1ea3n l\u00fd s\u1ea3n xu\u1ea5t \u0111i\u1ec7n.<\/li>\n<li>C\u00f3 ki\u1ebfn th\u1ee9c chuy\u00ean s\u00e2u v\u1ec1 ph\u01b0\u01a1ng th\u1ee9c v\u1eadn h\u00e0nh, an to\u00e0n \u0111i\u1ec7n<\/li>\n<li>C\u00f3 ki\u1ebfn th\u1ee9c v\u00e0 kh\u1ea3 n\u0103ng s\u1eeda ch\u1eefa k\u1ef9 thu\u1eadt \u0111i\u1ec7n ho\u1eb7c c\u01a1.<\/li>\n<\/ul>\n<p>&#8211;\u00a0\u00a0\u00a0\u00a0\u00a0\u00a0\u00a0 K\u1ef9 n\u0103ng:<\/p>\n<ul>\n<li>Giao ti\u1ebfp, thuy\u1ebft tr\u00ecnh.<\/li>\n<li>Ph\u00e2n t\u00edch, t\u1ed5ng h\u1ee3p, b\u00e1o c\u00e1o.<\/li>\n<li>L\u00e0m vi\u1ec7c nh\u00f3m.<\/li>\n<li>Qu\u1ea3n l\u00fd th\u1eddi gian hi\u1ec7u qu\u1ea3.<\/li>\n<\/ul>\n<p>&#8211;\u00a0\u00a0\u00a0\u00a0\u00a0\u00a0\u00a0 Ngo\u1ea1i ng\u1eef:\u00a0S\u1eed d\u1ee5ng Anh ng\u1eef \u1edf m\u1ee9c \u0111\u1ed9 giao ti\u1ebfp th\u00f4ng th\u01b0\u1eddng v\u00e0 \u0111\u1ecdc hi\u1ec3u h\u1ed3 s\u01a1 t\u00e0i li\u1ec7u trong l\u0129nh v\u1ef1c k\u1ef9 thu\u1eadt.<\/p>\n<p>&#8211;\u00a0\u00a0\u00a0\u00a0\u00a0\u00a0\u00a0 T\u00e1c phong nhanh nh\u1eb9n, linh ho\u1ea1t, chuy\u00ean nghi\u1ec7p.<\/p>\n<ol start=\"2\">\n<li>C\u00f4ng nh\u00e2n V\u1eadn h\u00e0nh:<\/li>\n<\/ol>\n<p>&#8211;\u00a0\u00a0\u00a0\u00a0\u00a0\u00a0\u00a0 T\u1ed1t nghi\u1ec7p Cao \u0111\u1eb3ng ho\u1eb7c Trung c\u1ea5p, chuy\u00ean ng\u00e0nh H\u1ec7 th\u1ed1ng \u0110i\u1ec7n, K\u1ef9 thu\u1eadt \u0110i\u1ec7n.<\/p>\n<p>&#8211;\u00a0\u00a0\u00a0\u00a0\u00a0\u00a0\u00a0 Hi\u1ec3u bi\u1ebft c\u01a1 b\u1ea3n v\u1ec1 Lu\u1eadt \u0110i\u1ec7n l\u1ef1c.<\/p>\n<p>&#8211;\u00a0\u00a0\u00a0\u00a0\u00a0\u00a0\u00a0 C\u00f3 ki\u1ebfn th\u1ee9c th\u00f4ng th\u1ea1o v\u1ec1 ng\u00e0nh \u0110i\u1ec7n\/ Qu\u1ea3n l\u00fd s\u1ea3n xu\u1ea5t \u0111i\u1ec7n v\u00e0\u00a0an to\u00e0n \u0111i\u1ec7n.<\/p>\n<p>&#8211;\u00a0\u00a0\u00a0\u00a0\u00a0\u00a0\u00a0 Ngo\u1ea1i ng\u1eef: S\u1eed d\u1ee5ng Anh ng\u1eef \u1edf m\u1ee9c \u0111\u1ed9 giao ti\u1ebfp th\u00f4ng th\u01b0\u1eddng v\u00e0 \u0111\u1ecdc hi\u1ec3u h\u1ed3 s\u01a1 t\u00e0i li\u1ec7u trong l\u0129nh v\u1ef1c k\u1ef9 thu\u1eadt.<\/p>\n<p>&#8211;\u00a0\u00a0\u00a0\u00a0\u00a0\u00a0\u00a0 Trung th\u1ef1c, minh b\u1ea1ch, c\u00f4ng b\u1eb1ng, tinh th\u1ea7n k\u1ef7 lu\u1eadt cao, b\u1ea3o m\u1eadt, \u00fd th\u1ee9c tr\u00e1ch nhi\u1ec7m.<\/p>\n<p><strong>TH\u00d4NG TIN KH\u00c1C<\/strong><\/p>\n<ul>\n<li>Th\u1eed vi\u1ec7c: t\u1ed1i \u0111a 2 th\u00e1ng<\/li>\n<li>Th\u1eddi gian l\u00e0m vi\u1ec7c: l\u00e0m vi\u1ec7c theo ca (chia 3 ca m\u1ed7i ca 8h)<\/li>\n<li>Ph\u00fac l\u1ee3i: B\u1ea3o hi\u1ec3m x\u00e3 h\u1ed9i, th\u01b0\u1edfng l\u1ec5 t\u1ebft<\/li>\n<li>Ph\u1ee5 c\u1ea5p kh\u00e1c :<\/li>\n<\/ul>\n<p>Ph\u1ee5 c\u1ea5p \u0103n \u1edf t\u1ea1i nh\u00e0 m\u00e1y, h\u1ed7 tr\u1ee3 chi ph\u00ed \u0111i l\u1ea1i, c\u00f4ng t\u00e1c ph\u00ed v\u00e0 c\u00e1c ch\u1ebf \u0111\u1ed9 theo nh\u01b0 quy \u0111\u1ecbnh c\u1ee7a c\u00f4ng ty.<\/p>\n<p><strong>TH\u00d4NG TIN LI\u00caN H\u1ec6<\/strong><\/p>\n<ul>\n<li>C\u00f4ng ty: C\u00d4NG TY C\u1ed4 PH\u1ea6N \u0110\u1ea6U T\u01af EMI<\/li>\n<li>Ng\u01b0\u1eddi li\u00ean h\u1ec7: Ph\u00f2ng Nh\u00e2n S\u1ef1<\/li>\n<li>Email: tuyendungemi@gmail.com<\/li>\n<li>\u0110\u1ecba ch\u1ec9 li\u00ean h\u1ec7: 83A L\u00fd Th\u01b0\u1eddng Ki\u1ec7t, Ho\u00e0n Ki\u1ebfm, H\u00e0 N\u1ed9i<\/li>\n<\/ul>\n<p>&nbsp;<\/p>","protected":false},"excerpt":{"rendered":"<p>K\u1ef9 s\u01b0 v\u1eadn h\u00e0nh nh\u00e0 m\u00e1y \u0111i\u1ec7n Ch\u1ee9c danh:\u00a0K\u1ef9 s\u01b0 v\u1eadn h\u00e0nh nh\u00e0 m\u00e1y \u0111i\u1ec7n M\u00e3 s\u1ed1: EMI8 \u0110\u1ecba \u0111i\u1ec3m:: Qu\u1ea3ng Tr\u1ecb\/Gia Lai M\u1ee9c l\u01b0\u01a1ng: 14,000,000 &#8211; 20,000,000 VND C\u1ea5p b\u1eadc: Nh\u00e2n vi\u00ean B\u1eb1ng c\u1ea5p: Cao \u0111\u1eb3ng Kinh nghi\u1ec7m: 2 &#8211; 10 n\u0103m Ng\u00e0nh ngh\u1ec1: \u0110i\u1ec7n \/ \u0110i\u1ec7n t\u1eed \/ \u0110i\u1ec7n l\u1ea1nh, S\u1ea3n xu\u1ea5t \/ &hellip;<\/p>\n<p class=\"read-more\"> <a class=\"\" href=\"https:\/\/emi.com.vn\/vi\/power-plan-operation-engineer\/\"> <span class=\"screen-reader-text\">K\u1ef9 s\u01b0 v\u1eadn h\u00e0nh nh\u00e0 m\u00e1y \u0111i\u1ec7n<\/span> Read More &raquo;<\/a><\/p>","protected":false},"author":1,"featured_media":0,"parent":0,"menu_order":0,"comment_status":"closed","ping_status":"closed","template":"","meta":{"site-sidebar-layout":"no-sidebar","site-content-layout":"page-builder","ast-global-header-display":"","ast-main-header-display":"","ast-hfb-above-header-display":"","ast-hfb-below-header-display":"","ast-hfb-mobile-header-display":"","site-post-title":"disabled","ast-breadcrumbs-content":"","ast-featured-img":"disabled","footer-sml-layout":"","theme-transparent-header-meta":"enabled","adv-header-id-meta":"","stick-header-meta":"","header-above-stick-meta":"","header-main-stick-meta":"","header-below-stick-meta":"","footnotes":""},"class_list":["post-1321","page","type-page","status-publish","hentry"],"_links":{"self":[{"href":"https:\/\/emi.com.vn\/vi\/wp-json\/wp\/v2\/pages\/1321","targetHints":{"allow":["GET"]}}],"collection":[{"href":"https:\/\/emi.com.vn\/vi\/wp-json\/wp\/v2\/pages"}],"about":[{"href":"https:\/\/emi.com.vn\/vi\/wp-json\/wp\/v2\/types\/page"}],"author":[{"embeddable":true,"href":"https:\/\/emi.com.vn\/vi\/wp-json\/wp\/v2\/users\/1"}],"replies":[{"embeddable":true,"href":"https:\/\/emi.com.vn\/vi\/wp-json\/wp\/v2\/comments?post=1321"}],"version-history":[{"count":3,"href":"https:\/\/emi.com.vn\/vi\/wp-json\/wp\/v2\/pages\/1321\/revisions"}],"predecessor-version":[{"id":1432,"href":"https:\/\/emi.com.vn\/vi\/wp-json\/wp\/v2\/pages\/1321\/revisions\/1432"}],"wp:attachment":[{"href":"https:\/\/emi.com.vn\/vi\/wp-json\/wp\/v2\/media?parent=1321"}],"curies":[{"name":"wp","href":"https:\/\/api.w.org\/{rel}","templated":true}]}}