{"id":1323,"date":"2022-07-30T10:29:07","date_gmt":"2022-07-30T10:29:07","guid":{"rendered":"https:\/\/emi.com.vn\/?page_id=1323"},"modified":"2022-07-31T10:23:06","modified_gmt":"2022-07-31T10:23:06","slug":"electrical-engineer","status":"publish","type":"page","link":"https:\/\/emi.com.vn\/vi\/electrical-engineer\/","title":{"rendered":"K\u1ef9 s\u01b0 \u0111i\u1ec7n"},"content":{"rendered":"<p><strong>K\u1ef9 s\u01b0 \u0111i\u1ec7n<\/strong><\/p>\n<p><strong>Ch\u1ee9c danh:\u00a0<\/strong><strong>K\u1ef9 s\u01b0 \u0111i\u1ec7n<\/strong><\/p>\n<ul>\n<li><strong>M\u00e3 s\u1ed1: <\/strong>EMI5<\/li>\n<\/ul>\n<ul>\n<li><strong>\u0110\u1ecba \u0111i\u1ec3m: <\/strong>H\u00e0 N\u1ed9i, Qu\u1ea3ng Tr\u1ecb<\/li>\n<\/ul>\n<ul>\n<li><strong>M\u1ee9c l\u01b0\u01a1ng: <\/strong>15,000,000 &#8211; 20,000,000 VND<\/li>\n<\/ul>\n<ul>\n<li><strong>C\u1ea5p b\u1eadc: <\/strong>Nh\u00e2n vi\u00ean<\/li>\n<\/ul>\n<ul>\n<li><strong>B\u1eb1ng c\u1ea5p: <\/strong>\u0110\u1ea1i h\u1ecdc<\/li>\n<\/ul>\n<ul>\n<li><strong>Kinh nghi\u1ec7m: <\/strong>5 &#8211; 10 n\u0103m<\/li>\n<\/ul>\n<ul>\n<li><strong>Ng\u00e0nh ngh\u1ec1: <\/strong>\u0110i\u1ec7n \/ \u0110i\u1ec7n t\u1eed \/ \u0110i\u1ec7n l\u1ea1nh, C\u01a1 kh\u00ed\u00a0\/ \u00d4 t\u00f4\u00a0\/ T\u1ef1 \u0111\u1ed9ng h\u00f3a<\/li>\n<\/ul>\n<ul>\n<li><strong>H\u00ecnh th\u1ee9c: <\/strong>Nh\u00e2n vi\u00ean ch\u00ednh th\u1ee9c<\/li>\n<\/ul>\n<ul>\n<li><strong>Tu\u1ed5i: <\/strong>26<\/li>\n<\/ul>\n<ul>\n<li><strong>Gi\u1edbi t\u00ednh: <\/strong>Nam<\/li>\n<\/ul>\n<ul>\n<li><strong>H\u1ea1n nh\u1eadn h\u1ed3 s\u01a1: <\/strong>23\/06\/2021<\/li>\n<\/ul>\n<p><strong>PH\u00daC L\u1ee2I<\/strong><\/p>\n<ul>\n<li>Laptop<\/li>\n<li>Ch\u1ebf \u0111\u1ed9 b\u1ea3o hi\u1ec3m<\/li>\n<li>Ph\u1ee5 c\u1ea5p<\/li>\n<li>Xe \u0111\u01b0a \u0111\u00f3n<\/li>\n<li>Ch\u1ebf \u0111\u1ed9 th\u01b0\u1edfng<\/li>\n<li>T\u0103ng l\u01b0\u01a1ng<\/li>\n<li>C\u00f4ng t\u00e1c ph\u00ed<\/li>\n<li>Ngh\u1ec9 ph\u00e9p n\u0103m<\/li>\n<\/ul>\n<p><strong>M\u00d4 T\u1ea2 C\u00d4NG VI\u1ec6C<\/strong><\/p>\n<p>&#8211; M\u00f4 t\u1ea3 c\u00f4ng vi\u1ec7c:<\/p>\n<p>+ Ph\u1ee5 tr\u00e1ch c\u00f4ng t\u00e1c qu\u1ea3n l\u00fd thi\u1ebft k\u1ebf, qu\u1ea3n l\u00fd gi\u00e1m s\u00e1t thi c\u00f4ng c\u1ee7a nh\u00e0 th\u1ea7u v\u1ec1 h\u1ec7 th\u1ed1ng \u0110i\u1ec7n thi c\u00f4ng nh\u00e0 m\u00e1y \u0110i\u1ec7n N\u0103ng l\u01b0\u1ee3ng M\u1eb7t tr\u1eddi, \u0111i\u1ec7n gi\u00f3, thu\u1ef7 \u0111i\u1ec7n, h\u1ec7 th\u1ed1ng c\u00e1c Tr\u1ea1m bi\u1ebfn \u00e1p, th\u00f4ng tin li\u00ean l\u1ea1c, \u0111i\u1ec1u h\u00f2a th\u00f4ng gi\u00f3 t\u1ea1i d\u1ef1 \u00e1n c\u1ee7a c\u00f4ng ty, ph\u1ed1i h\u1ee3p v\u1edbi c\u00e1c \u0111\u01a1n v\u1ecb t\u01b0 v\u1ea5n thi\u1ebft k\u1ebf \u0111\u01b0a ra ph\u01b0\u01a1ng \u00e1n thi\u1ebft k\u1ebf hi\u1ec7u qu\u1ea3.<\/p>\n<p>+ Ch\u1ec9nh s\u1eeda thi\u1ebft k\u1ebf d\u1ef1 \u00e1n theo y\u00eau c\u1ea7u thay \u0111\u1ed5i c\u1ee7a l\u00e3nh \u0111\u1ea1o c\u00f4ng ty v\u00e0 t\u00ecnh h\u00ecnh th\u1ef1c t\u1ebf c\u1ee7a d\u1ef1 \u00e1n.<\/p>\n<p>+ Gi\u00e1m s\u00e1t ti\u1ebfn \u0111\u1ed9, t\u00ednh to\u00e1n kh\u1ed1i l\u01b0\u1ee3ng, ki\u1ec3m so\u00e1t ch\u1ea5t l\u01b0\u1ee3ng c\u1ee7a c\u00e1c h\u1ea1ng m\u1ee5c \u0111i\u1ec7n, th\u00f4ng tin li\u00ean l\u1ea1c ngo\u00e0i c\u00f4ng tr\u01b0\u1eddng \u0111\u1ea3m b\u1ea3o \u0111\u00fang h\u1ed3 s\u01a1 thi\u1ebft k\u1ebf v\u00e0 thay \u0111\u1ed5i \u0111\u01b0\u1ee3c ph\u00ea duy\u1ec7t.<\/p>\n<p>+ \u0110\u1ec1 xu\u1ea5t kh\u1ed1i l\u01b0\u1ee3ng v\u1eadt t\u01b0, nh\u00e2n l\u1ef1c, m\u00e1y m\u00f3c cho c\u00f4ng vi\u1ec7c tri\u1ec3n khai trong th\u00e1ng v\u1edbi ng\u01b0\u1eddi qu\u1ea3n l\u00fd tr\u1ef1c ti\u1ebfp.<\/p>\n<p>+ Ch\u1ecbu tr\u00e1ch nhi\u1ec7m chu\u1ea9n b\u1ecb h\u1ed3 s\u01a1 nghi\u1ec7m thu, B\u1ea3n v\u1ebd ho\u00e0n c\u00f4ng c\u00e1c c\u00f4ng vi\u1ec7c, h\u1ea1ng m\u1ee5c m\u00ecnh \u0111\u1ea3m nh\u1eadn.<\/p>\n<p>+ Ph\u00e1t hi\u1ec7n c\u00e1c b\u1ea5t h\u1ee3p l\u00fd trong qu\u00e1 tr\u00ecnh tri\u1ec3n khai d\u1ef1 \u00e1n, b\u00e1o c\u00e1o c\u1ea5p qu\u1ea3n l\u00fd;<\/p>\n<p>+ L\u01b0u tr\u1eef h\u1ed3 s\u01a1 ph\u00e1t tri\u1ec3n d\u1ef1 \u00e1n, h\u1ed3 s\u01a1 chu\u1ea9n b\u1ecb \u0111\u1ea7u t\u01b0 d\u1ef1 \u00e1n, v\u00e0 c\u00e1c v\u0103n b\u1ea3n, t\u00e0i li\u1ec7u, gi\u1ea5y t\u1edd li\u00ean quan.<\/p>\n<p>+ \u0110\u1ea3m nhi\u1ec7m m\u1ed9t s\u1ed1 c\u00f4ng vi\u1ec7c kh\u00e1c theo s\u1ef1 ph\u00e2n c\u00f4ng c\u1ee7a c\u1ea5p tr\u00ean y\u00eau c\u1ea7u k\u1ef9 n\u0103ng.<\/p>\n<p><strong>Y\u00caU C\u1ea6U C\u00d4NG VI\u1ec6C<\/strong><\/p>\n<p>&#8211;\u00a0\u00a0\u00a0\u00a0 Tr\u00ecnh \u0111\u1ed9 h\u1ecdc v\u1ea5n, chuy\u00ean m\u00f4n: K\u1ef9 s\u01b0 \u0111i\u1ec7n (\u0111i\u1ec7n h\u1ec7 th\u1ed1ng, \u0111i\u1ec1u khi\u1ec3n v\u00e0 t\u1ef1 \u0111\u1ed9ng h\u00f3a. Thi\u1ebft b\u1ecb v\u00e0 c\u01a1 \u0111i\u1ec7n&#8230;) Tr\u01b0\u1eddng \u0110\u1ea1i h\u1ecdc \u0111i\u1ec7n l\u1ef1c, \u0110\u1ea1i h\u1ecdc c\u00f4ng nghi\u1ec7p, \u0110\u1ea1i h\u1ecdc B\u00e1ch Khoa, &#8230; Kinh nghi\u1ec7m l\u00e0m vi\u1ec7c v\u1ecb tr\u00ed tuy\u1ec3n d\u1ee5ng 5 n\u0103m tr\u1edf l\u00ean.<\/p>\n<p>&#8211;\u00a0\u00a0\u00a0\u00a0 K\u1ef9 n\u0103ng c\u1ea7n c\u00f3:<\/p>\n<p>+ S\u1eed d\u1ee5ng t\u1ed1t c\u00e1c ph\u1ea7n m\u1ec1m Auto cad, tin h\u1ecdc v\u0103n ph\u00f2ng.<\/p>\n<p>+ Ti\u1ebfng Anh: \u0111\u1ecdc hi\u1ec3u t\u00e0i li\u1ec7u k\u1ef9 thu\u1eadt, giao ti\u1ebfp t\u1ed1t l\u00e0 m\u1ed9t l\u1ee3i th\u1ebf.<\/p>\n<p>&#8211;\u00a0\u00a0\u00a0\u00a0 C\u00e1c y\u00eau c\u1ea7u kh\u00e1c ( n\u1ebfu c\u00f3):<\/p>\n<p>+ \u00a0Tu\u00e2n th\u1ee7 c\u00e1c nguy\u00ean t\u1eafc b\u1ea3o m\u1eadt th\u00f4ng tin, ki\u1ec3m so\u00e1t, ph\u00e2n t\u00edch v\u00e0 \u0111i\u1ec1u ph\u1ed1i th\u00f4ng tin.<\/p>\n<p>+ Theo y\u00eau c\u1ea7u c\u00f4ng vi\u1ec7c, c\u00f3 th\u1ec3 b\u1ed1 tr\u00ed l\u00e0m th\u00eam gi\u1edd, l\u00e0m ca \u0111\u00eam ho\u1eb7c di chuy\u1ec3n c\u00f4ng t\u00e1c.<\/p>\n<p>&#8211;\u00a0\u00a0\u00a0\u00a0 Quy\u1ec1n l\u1ee3i \u0111\u01b0\u1ee3c h\u01b0\u1edfng:<\/p>\n<p>+ K\u00fd h\u1ee3p \u0111\u1ed3ng v\u00e0 tham gia BHXH, BHYT, BHTN.. sau th\u1eddi gian th\u1eed vi\u1ec7c.<\/p>\n<p>+ C\u00f3 c\u01a1 h\u1ed9i th\u0103ng ti\u1ebfn l\u00ean c\u00e1c v\u1ecb tr\u00ed cao h\u01a1n v\u1ec1 chuy\u00ean m\u00f4n, v\u00e0 qu\u1ea3n l\u00fd<\/p>\n<p>&#8211;\u00a0\u00a0\u00a0\u00a0\u00a0<strong>Ch\u1ebf \u0111\u1ed9\u00a0\u01b0u ti\u00ean \u0111\u01b0\u1ee3c \u00e1p d\u1ee5ng:<\/strong><\/p>\n<p><strong>+ Ng\u01b0\u1eddi d\u1ef1 tuy\u1ec3n \u0111\u00e3 c\u00f3 kinh nghi\u1ec7m thi\u1ebft k\u1ebf h\u1ec7 th\u1ed1ng \u0111i\u1ec7n, tr\u1ea1m bi\u1ebfn \u00e1p v\u00e0 \u0111\u01b0\u1eddng d\u00e2y t\u1eeb 35kV tr\u1edf l\u00ean.<\/strong><\/p>\n<p><strong>+\u00a0Ho\u1eb7c ng\u01b0\u1eddi d\u1ef1 tuy\u1ec3n \u0111\u00e3 l\u00e0m v\u1ecb tr\u00ed ban qu\u1ea3n l\u00fd d\u1ef1 \u00e1n h\u1ea1ng m\u1ee5c \u0111i\u1ec7n, tr\u1ea1m bi\u1ebfn \u00e1p v\u00e0 \u0111\u01b0\u1eddng d\u00e2y t\u1eeb 35kV tr\u1edf l\u00ean<\/strong><\/p>\n<p><strong>TH\u00d4NG TIN KH\u00c1C<\/strong><\/p>\n<p><strong>TH\u00d4NG TIN LI\u00caN H\u1ec6<\/strong><\/p>\n<ul>\n<li>C\u00f4ng ty: C\u00d4NG TY CP \u0110\u1ea6U T\u01af EMI<\/li>\n<li>Ng\u01b0\u1eddi li\u00ean h\u1ec7: Ph\u00f2ng Nh\u00e2n S\u1ef1<\/li>\n<li>Email: tuyendungemi@gmail.com<\/li>\n<li>\u0110\u1ecba ch\u1ec9 li\u00ean h\u1ec7: 83A L\u00fd Th\u01b0\u1eddng Ki\u1ec7t, Ho\u00e0n Ki\u1ebfm, H\u00e0 N\u1ed9i<\/li>\n<\/ul>\n<p>&nbsp;<\/p>","protected":false},"excerpt":{"rendered":"<p>K\u1ef9 s\u01b0 \u0111i\u1ec7n Ch\u1ee9c danh:\u00a0K\u1ef9 s\u01b0 \u0111i\u1ec7n M\u00e3 s\u1ed1: EMI5 \u0110\u1ecba \u0111i\u1ec3m: H\u00e0 N\u1ed9i, Qu\u1ea3ng Tr\u1ecb M\u1ee9c l\u01b0\u01a1ng: 15,000,000 &#8211; 20,000,000 VND C\u1ea5p b\u1eadc: Nh\u00e2n vi\u00ean B\u1eb1ng c\u1ea5p: \u0110\u1ea1i h\u1ecdc Kinh nghi\u1ec7m: 5 &#8211; 10 n\u0103m Ng\u00e0nh ngh\u1ec1: \u0110i\u1ec7n \/ \u0110i\u1ec7n t\u1eed \/ \u0110i\u1ec7n l\u1ea1nh, C\u01a1 kh\u00ed\u00a0\/ \u00d4 t\u00f4\u00a0\/ T\u1ef1 \u0111\u1ed9ng h\u00f3a H\u00ecnh th\u1ee9c: Nh\u00e2n &hellip;<\/p>\n<p class=\"read-more\"> <a class=\"\" href=\"https:\/\/emi.com.vn\/vi\/electrical-engineer\/\"> <span class=\"screen-reader-text\">K\u1ef9 s\u01b0 \u0111i\u1ec7n<\/span> Read More &raquo;<\/a><\/p>","protected":false},"author":1,"featured_media":0,"parent":0,"menu_order":0,"comment_status":"closed","ping_status":"closed","template":"","meta":{"site-sidebar-layout":"no-sidebar","site-content-layout":"page-builder","ast-global-header-display":"","ast-main-header-display":"","ast-hfb-above-header-display":"","ast-hfb-below-header-display":"","ast-hfb-mobile-header-display":"","site-post-title":"disabled","ast-breadcrumbs-content":"","ast-featured-img":"disabled","footer-sml-layout":"","theme-transparent-header-meta":"enabled","adv-header-id-meta":"","stick-header-meta":"","header-above-stick-meta":"","header-main-stick-meta":"","header-below-stick-meta":"","footnotes":""},"class_list":["post-1323","page","type-page","status-publish","hentry"],"_links":{"self":[{"href":"https:\/\/emi.com.vn\/vi\/wp-json\/wp\/v2\/pages\/1323","targetHints":{"allow":["GET"]}}],"collection":[{"href":"https:\/\/emi.com.vn\/vi\/wp-json\/wp\/v2\/pages"}],"about":[{"href":"https:\/\/emi.com.vn\/vi\/wp-json\/wp\/v2\/types\/page"}],"author":[{"embeddable":true,"href":"https:\/\/emi.com.vn\/vi\/wp-json\/wp\/v2\/users\/1"}],"replies":[{"embeddable":true,"href":"https:\/\/emi.com.vn\/vi\/wp-json\/wp\/v2\/comments?post=1323"}],"version-history":[{"count":3,"href":"https:\/\/emi.com.vn\/vi\/wp-json\/wp\/v2\/pages\/1323\/revisions"}],"predecessor-version":[{"id":1424,"href":"https:\/\/emi.com.vn\/vi\/wp-json\/wp\/v2\/pages\/1323\/revisions\/1424"}],"wp:attachment":[{"href":"https:\/\/emi.com.vn\/vi\/wp-json\/wp\/v2\/media?parent=1323"}],"curies":[{"name":"wp","href":"https:\/\/api.w.org\/{rel}","templated":true}]}}