{"id":1326,"date":"2022-07-30T10:29:45","date_gmt":"2022-07-30T10:29:45","guid":{"rendered":"https:\/\/emi.com.vn\/?page_id=1326"},"modified":"2022-07-31T10:21:33","modified_gmt":"2022-07-31T10:21:33","slug":"contract-management-staff","status":"publish","type":"page","link":"https:\/\/emi.com.vn\/vi\/contract-management-staff\/","title":{"rendered":"Nh\u00e2n Vi\u00ean Qu\u1ea3n L\u00fd H\u1ee3p \u0110\u1ed3ng (C\u00e1c D\u1ef1 \u00c1n N\u0103ng L\u01b0\u01a1ng \u0110i\u1ec7n Gi\u00f3, \u0110i\u1ec7n M\u1eb7t Tr\u1eddi)\nNh\u00e2n vi\u00ean h\u00e0nh ch\u00ednh - nh\u00e2"},"content":{"rendered":"<p><strong>Nh\u00e2n Vi\u00ean Qu\u1ea3n L\u00fd H\u1ee3p \u0110\u1ed3ng (C\u00e1c D\u1ef1 \u00c1n N\u0103ng L\u01b0\u01a1ng \u0110i\u1ec7n Gi\u00f3, \u0110i\u1ec7n M\u1eb7t Tr\u1eddi)<\/strong><\/p>\n<p><strong>Ch\u1ee9c danh:\u00a0<\/strong><strong>Nh\u00e2n Vi\u00ean Qu\u1ea3n L\u00fd H\u1ee3p \u0110\u1ed3ng (C\u00e1c D\u1ef1 \u00c1n N\u0103ng L\u01b0\u01a1ng \u0110i\u1ec7n Gi\u00f3, \u0110i\u1ec7n M\u1eb7t Tr\u1eddi)<\/strong><\/p>\n<ul>\n<li><strong>M\u00e3 s\u1ed1: <\/strong>EMI2<\/li>\n<\/ul>\n<ul>\n<li><strong>\u0110\u1ecba \u0111i\u1ec3m: <\/strong>H\u00e0 N\u1ed9i<\/li>\n<\/ul>\n<ul>\n<li><strong>M\u1ee9c l\u01b0\u01a1ng: <\/strong>9,000,000 &#8211; 25,000,000 VND<\/li>\n<\/ul>\n<ul>\n<li><strong>C\u1ea5p b\u1eadc: <\/strong>Nh\u00e2n vi\u00ean<\/li>\n<\/ul>\n<ul>\n<li><strong>B\u1eb1ng c\u1ea5p: <\/strong>\u0110\u1ea1i h\u1ecdc<\/li>\n<\/ul>\n<ul>\n<li><strong>Kinh nghi\u1ec7m: <\/strong>1 &#8211; 5 n\u0103m<\/li>\n<\/ul>\n<ul>\n<li><strong>Ng\u00e0nh ngh\u1ec1: <\/strong>Bi\u00ean phi\u00ean d\u1ecbch, Xu\u1ea5t nh\u1eadp kh\u1ea9u, H\u00e0nh ch\u00ednh \/ Th\u01b0 k\u00fd<\/li>\n<\/ul>\n<ul>\n<li><strong>H\u00ecnh th\u1ee9c: <\/strong>Nh\u00e2n vi\u00ean ch\u00ednh th\u1ee9c<\/li>\n<\/ul>\n<ul>\n<li><strong>Tu\u1ed5i: <\/strong>24 &#8211; 35<\/li>\n<\/ul>\n<ul>\n<li><strong>Gi\u1edbi t\u00ednh: <\/strong>Nam\/N\u1eef<\/li>\n<\/ul>\n<ul>\n<li><strong>H\u1ea1n nh\u1eadn h\u1ed3 s\u01a1: <\/strong>28\/05\/2021<\/li>\n<\/ul>\n<ul>\n<li><strong>Ng\u00f4n Ng\u1eef Tr\u00ecnh B\u00e0y H\u1ed3 S\u01a1: <\/strong>Ti\u1ebfng Vi\u1ec7t<\/li>\n<\/ul>\n<p>Ti\u1ebfng Anh (\u01afu ti\u00ean)<\/p>\n<p><strong>PH\u00daC L\u1ee2I<\/strong><\/p>\n<ul>\n<li>Laptop<\/li>\n<li>Ch\u1ebf \u0111\u1ed9 b\u1ea3o hi\u1ec3m<\/li>\n<li>Ph\u1ee5 c\u1ea5p<\/li>\n<li>Xe \u0111\u01b0a \u0111\u00f3n<\/li>\n<li>Ch\u1ebf \u0111\u1ed9 th\u01b0\u1edfng<\/li>\n<li>T\u0103ng l\u01b0\u01a1ng<\/li>\n<li>C\u00f4ng t\u00e1c ph\u00ed<\/li>\n<li>Ngh\u1ec9 ph\u00e9p n\u0103m<\/li>\n<\/ul>\n<p><strong>M\u00d4 T\u1ea2 C\u00d4NG VI\u1ec6C<\/strong><\/p>\n<ol>\n<li>M\u00f4 t\u1ea3 c\u00f4ng vi\u1ec7c<\/li>\n<\/ol>\n<p>&#8211; Set up, tham gia c\u00e1c cu\u1ed9c h\u1ecdp, \u0111\u00e0m ph\u00e1n h\u1ee3p \u0111\u1ed3ng v\u1edbi c\u00e1c \u0111\u1ed1i t\u00e1c trong v\u00e0 ngo\u00e0i n\u01b0\u1edbc<\/p>\n<p>&#8211; Bi\u00ean, phi\u00ean d\u1ecbch h\u1ee3p \u0111\u1ed3ng, t\u00e0i li\u1ec7u c\u00e1c d\u1ef1 \u00e1n \u0111i\u1ec7n gi\u00f3, \u0111i\u1ec7n m\u1eb7t tr\u1eddi, th\u1ee7y \u0111i\u1ec7n,&#8230;<\/p>\n<p>&#8211; So\u1ea1n th\u1ea3o c\u00f4ng v\u0103n, h\u1ee3p \u0111\u1ed3ng, ph\u1ed1i h\u1ee3p c\u00e1c b\u1ed9 ph\u1eadn li\u00ean quan x\u1eed l\u00fd c\u00e1c v\u01b0\u1edbng m\u1eafc, tranh ch\u1ea5p trong qu\u00e1 tr\u00ecnh th\u1ef1c hi\u1ec7n h\u1ee3p \u0111\u1ed3ng.<\/p>\n<p>&#8211; Theo d\u00f5i, qu\u1ea3n l\u00fd h\u1ee3p \u0111\u1ed3ng, c\u1eadp nh\u1eadt t\u00ecnh tr\u1ea1ng th\u1ef1c hi\u1ec7n h\u1ee3p \u0111\u1ed3ng<\/p>\n<p>&#8211; C\u00f3 hi\u1ec3u bi\u1ebft v\u1ec1 xu\u1ea5t nh\u1eadp kh\u1ea9u<\/p>\n<p>&#8211; C\u00e1c c\u00f4ng vi\u1ec7c kh\u00e1c trao \u0111\u1ed5i chi ti\u1ebft khi ph\u1ecfng v\u1ea5n<\/p>\n<ol start=\"2\">\n<li>Quy\u1ec1n l\u1ee3i:<\/li>\n<\/ol>\n<p>&#8211; Th\u1eddi gian l\u00e0m vi\u1ec7c: T2 &#8211; T6 v\u00e0 s\u00e1ng th\u1ee9 7<\/p>\n<p>&#8211; Th\u01b0\u1edfng: c\u00e1c d\u1ecbp l\u1ec5, t\u1ebft, &#8230;<\/p>\n<p>&#8211; M\u00f4i tr\u01b0\u1eddng l\u00e0m vi\u1ec7c tr\u1ebb trung, n\u0103ng \u0111\u1ed9ng v\u00e0 c\u01a1 h\u1ed9i ph\u00e1t tri\u1ec3n b\u1ea3n th\u00e2nm<\/p>\n<p>&#8211; \u0110\u01b0\u1ee3c h\u01b0\u1edfng \u0111\u1ea7y \u0111\u1ee7 BHXH v\u00e0 ngh\u1ec9 l\u1ec5 nh\u01b0 quy \u0111\u1ecbnh c\u1ee7a nh\u00e0 n\u01b0\u1edbc.H\u1ed7 tr\u1ee3 \u0103n tr\u01b0a t\u1ea1i VP, g\u1eedi xe<\/p>\n<p>&#8211; C\u00e1c ch\u1ebf \u0111\u1ed9 l\u01b0\u01a1ng th\u01b0\u1edfng lu\u00f4n t\u0103ng kh\u00f4ng h\u1ea1n ch\u1ebf khi b\u1ea1n c\u00f3 s\u1ef1 \u0111\u00f3ng g\u00f3p x\u1ee9ng \u0111\u00e1ng.<\/p>\n<p><strong>Y\u00caU C\u1ea6U C\u00d4NG VI\u1ec6C<\/strong><\/p>\n<ol start=\"3\">\n<li>Kinh nghi\u1ec7m\/K\u1ef9 n\u0103ng chi ti\u1ebft<\/li>\n<\/ol>\n<p>&#8211;\u00a0\u00a0\u00a0\u00a0\u00a0\u00a0\u00a0\u00a0T\u1ed1t nghi\u1ec7p \u0111\u1ea1i h\u1ecdc tr\u1edf l\u00ean c\u00e1c chuy\u00ean ng\u00e0nh kinh t\u1ebf \u0111\u1ed1i ngo\u1ea1i, kinh t\u1ebf x\u00e2y d\u1ef1ng;&#8230;<\/p>\n<p>&#8211;\u00a0\u00a0\u00a0\u00a0\u00a0\u00a0\u00a0\u00a0Ti\u1ebfng Anh t\u1ed1t, c\u00f3 th\u1ec3 n\u00f3i &#8211; giao ti\u1ebfp tr\u00f4i ch\u1ea3y (s\u1ebd test khi ph\u1ecfng v\u1ea5n)<\/p>\n<p>&#8211;\u00a0\u00a0\u00a0\u00a0\u00a0\u00a0\u00a0\u00a0Th\u00e0nh th\u1ea1o excel, word,..<\/p>\n<p>&#8211;\u00a0\u00a0\u00a0\u00a0\u00a0\u00a0\u00a0\u00a0N\u1eafm v\u1eefng quy \u0111\u1ecbnh v\u1ec1 th\u1ec3 th\u1ee9c so\u1ea1n th\u1ea3o v\u0103n b\u1ea3n, h\u1ee3p \u0111\u1ed3ng<\/p>\n<p>&#8211;\u00a0\u00a0\u00a0\u00a0\u00a0\u00a0\u00a0\u00a0C\u00f3 2\u00a0n\u0103m kinh nghi\u1ec7m tr\u1edf l\u00ean t\u1ea1i v\u1ecb tr\u00ed t\u01b0\u01a1ng \u0111\u01b0\u01a1ng ho\u1eb7c c\u00f3 kinh nghi\u1ec7m ti\u1ebfp x\u00fac, l\u00e0m vi\u1ec7c v\u1edbi c\u00e1c h\u1ee3p \u0111\u1ed3ng kinh t\u1ebf, k\u1ef9 thu\u1eadt,&#8230;<\/p>\n<p><strong>TH\u00d4NG TIN KH\u00c1C<\/strong><\/p>\n<p><strong>TH\u00d4NG TIN LI\u00caN H\u1ec6<\/strong><\/p>\n<ul>\n<li>C\u00f4ng ty: C\u00d4NG TY C\u1ed4 PH\u1ea6N \u0110\u1ea6U T\u01af EMI<\/li>\n<li>Ng\u01b0\u1eddi li\u00ean h\u1ec7: Ph\u00f2ng Nh\u00e2n S\u1ef1<\/li>\n<li>Email: tuyendungemi@gmail.com<\/li>\n<li>\u0110\u1ecba ch\u1ec9 li\u00ean h\u1ec7: 83A L\u00fd Th\u01b0\u1eddng Ki\u1ec7t, Ho\u00e0n Ki\u1ebfm, H\u00e0 N\u1ed9i<\/li>\n<\/ul>\n<p>&nbsp;<\/p>","protected":false},"excerpt":{"rendered":"<p>Nh\u00e2n Vi\u00ean Qu\u1ea3n L\u00fd H\u1ee3p \u0110\u1ed3ng (C\u00e1c D\u1ef1 \u00c1n N\u0103ng L\u01b0\u01a1ng \u0110i\u1ec7n Gi\u00f3, \u0110i\u1ec7n M\u1eb7t Tr\u1eddi) Ch\u1ee9c danh:\u00a0Nh\u00e2n Vi\u00ean Qu\u1ea3n L\u00fd H\u1ee3p \u0110\u1ed3ng (C\u00e1c D\u1ef1 \u00c1n N\u0103ng L\u01b0\u01a1ng \u0110i\u1ec7n Gi\u00f3, \u0110i\u1ec7n M\u1eb7t Tr\u1eddi) M\u00e3 s\u1ed1: EMI2 \u0110\u1ecba \u0111i\u1ec3m: H\u00e0 N\u1ed9i M\u1ee9c l\u01b0\u01a1ng: 9,000,000 &#8211; 25,000,000 VND C\u1ea5p b\u1eadc: Nh\u00e2n vi\u00ean B\u1eb1ng c\u1ea5p: \u0110\u1ea1i h\u1ecdc Kinh &hellip;<\/p>\n<p class=\"read-more\"> <a class=\"\" href=\"https:\/\/emi.com.vn\/vi\/contract-management-staff\/\"> <span class=\"screen-reader-text\">Nh\u00e2n Vi\u00ean Qu\u1ea3n L\u00fd H\u1ee3p \u0110\u1ed3ng (C\u00e1c D\u1ef1 \u00c1n N\u0103ng L\u01b0\u01a1ng \u0110i\u1ec7n Gi\u00f3, \u0110i\u1ec7n M\u1eb7t Tr\u1eddi)\nNh\u00e2n vi\u00ean h\u00e0nh ch\u00ednh - nh\u00e2<\/span> Read More &raquo;<\/a><\/p>","protected":false},"author":1,"featured_media":0,"parent":0,"menu_order":0,"comment_status":"closed","ping_status":"closed","template":"","meta":{"site-sidebar-layout":"no-sidebar","site-content-layout":"page-builder","ast-global-header-display":"","ast-main-header-display":"","ast-hfb-above-header-display":"","ast-hfb-below-header-display":"","ast-hfb-mobile-header-display":"","site-post-title":"disabled","ast-breadcrumbs-content":"","ast-featured-img":"disabled","footer-sml-layout":"","theme-transparent-header-meta":"enabled","adv-header-id-meta":"","stick-header-meta":"","header-above-stick-meta":"","header-main-stick-meta":"","header-below-stick-meta":"","footnotes":""},"class_list":["post-1326","page","type-page","status-publish","hentry"],"_links":{"self":[{"href":"https:\/\/emi.com.vn\/vi\/wp-json\/wp\/v2\/pages\/1326","targetHints":{"allow":["GET"]}}],"collection":[{"href":"https:\/\/emi.com.vn\/vi\/wp-json\/wp\/v2\/pages"}],"about":[{"href":"https:\/\/emi.com.vn\/vi\/wp-json\/wp\/v2\/types\/page"}],"author":[{"embeddable":true,"href":"https:\/\/emi.com.vn\/vi\/wp-json\/wp\/v2\/users\/1"}],"replies":[{"embeddable":true,"href":"https:\/\/emi.com.vn\/vi\/wp-json\/wp\/v2\/comments?post=1326"}],"version-history":[{"count":3,"href":"https:\/\/emi.com.vn\/vi\/wp-json\/wp\/v2\/pages\/1326\/revisions"}],"predecessor-version":[{"id":1423,"href":"https:\/\/emi.com.vn\/vi\/wp-json\/wp\/v2\/pages\/1326\/revisions\/1423"}],"wp:attachment":[{"href":"https:\/\/emi.com.vn\/vi\/wp-json\/wp\/v2\/media?parent=1326"}],"curies":[{"name":"wp","href":"https:\/\/api.w.org\/{rel}","templated":true}]}}