{"id":1376,"date":"2022-07-30T11:42:45","date_gmt":"2022-07-30T11:42:45","guid":{"rendered":"https:\/\/emi.com.vn\/?page_id=1376"},"modified":"2022-07-31T10:19:05","modified_gmt":"2022-07-31T10:19:05","slug":"civil-engineer","status":"publish","type":"page","link":"https:\/\/emi.com.vn\/vi\/civil-engineer\/","title":{"rendered":"K\u1ef9 s\u01b0 x\u00e2y d\u1ef1ng"},"content":{"rendered":"<p><strong>K\u1ef9 s\u01b0 x\u00e2y d\u1ef1ng<\/strong><\/p>\n<p><strong>Ch\u1ee9c danh:\u00a0<\/strong><strong>K\u1ef9 s\u01b0 x\u00e2y d\u1ef1ng<\/strong><\/p>\n<ul>\n<li><strong>M\u00e3 s\u1ed1: <\/strong>EMI11<\/li>\n<\/ul>\n<ul>\n<li><strong>\u0110\u1ecba \u0111i\u1ec3m: <\/strong>Gia Lai<\/li>\n<\/ul>\n<ul>\n<li><strong>M\u1ee9c l\u01b0\u01a1ng: <\/strong>17,000,000 &#8211; 22,000,000 VND<\/li>\n<\/ul>\n<ul>\n<li><strong>C\u1ea5p b\u1eadc: <\/strong>Nh\u00e2n vi\u00ean<\/li>\n<\/ul>\n<ul>\n<li><strong>B\u1eb1ng c\u1ea5p: <\/strong>\u0110\u1ea1i h\u1ecdc<\/li>\n<\/ul>\n<ul>\n<li><strong>Kinh nghi\u1ec7m: <\/strong>5 &#8211; 10 n\u0103m<\/li>\n<\/ul>\n<ul>\n<li><strong>Ng\u00e0nh ngh\u1ec1: <\/strong>X\u00e2y d\u1ef1ng, Ki\u1ebfn tr\u00fac<\/li>\n<\/ul>\n<ul>\n<li><strong>H\u00ecnh th\u1ee9c: <\/strong>Nh\u00e2n vi\u00ean ch\u00ednh th\u1ee9c<\/li>\n<\/ul>\n<ul>\n<li><strong>Tu\u1ed5i: <\/strong>28 &#8211; 40<\/li>\n<\/ul>\n<ul>\n<li><strong>Gi\u1edbi t\u00ednh: <\/strong>Nam<\/li>\n<\/ul>\n<ul>\n<li><strong>H\u1ea1n nh\u1eadn h\u1ed3 s\u01a1: <\/strong>19\/04\/2021<\/li>\n<\/ul>\n<ul>\n<li><strong>Ng\u00f4n Ng\u1eef Tr\u00ecnh B\u00e0y H\u1ed3 S\u01a1: <\/strong>Ti\u1ebfng Vi\u1ec7t<\/li>\n<\/ul>\n<p><strong>PH\u00daC L\u1ee2I<\/strong><\/p>\n<ul>\n<li>Laptop<\/li>\n<li>Ch\u1ebf \u0111\u1ed9 b\u1ea3o hi\u1ec3m<\/li>\n<li>Ph\u1ee5 c\u1ea5p<\/li>\n<li>Ch\u1ebf \u0111\u1ed9 th\u01b0\u1edfng<\/li>\n<li>T\u0103ng l\u01b0\u01a1ng<\/li>\n<li>C\u00f4ng t\u00e1c ph\u00ed<\/li>\n<\/ul>\n<p><strong>M\u00d4 T\u1ea2 C\u00d4NG VI\u1ec6C<\/strong><\/p>\n&#8211; Tham gia \u0111\u00e1nh gi\u00e1, l\u1ef1a ch\u1ecdn n\u0103ng l\u1ef1c nh\u00e0 th\u1ea7u thi\u1ebft k\u1ebf, gi\u1ea3i ph\u00e1p thi\u1ebft k\u1ebf k\u1ebft c\u1ea5u<br \/>\n&#8211; Qu\u1ea3n l\u00fd ki\u1ec3m tra c\u00f4ng t\u00e1c thi\u1ebft k\u1ebf ph\u1ea7n k\u1ebft c\u1ea5u.<br \/>\n&#8211; Ki\u1ec3m so\u00e1t d\u1ef1 \u00e1n, thi\u1ebft k\u1ebf c\u01a1 s\u1edf, thi\u1ebft k\u1ebf k\u1ef9 thu\u1eadt, b\u1ea3n v\u1ebd thi c\u00f4ng, kh\u1ed1i l\u01b0\u1ee3ng b\u1ea3n v\u1ebd.<br \/>\n&#8211; Kh\u1ea3o s\u00e1t t\u00ednh to\u00e1n thi\u1ebft k\u1ebf k\u1ebft c\u1ea5u ki\u1ebfn tr\u00fac cho c\u00e1c c\u00f4ng tr\u00ecnh.<br \/>\n&#8211; Ph\u1ed1i h\u1ee3p v\u1edbi c\u00e1c Ban QLDA trong c\u00f4ng t\u00e1c gi\u00e1m s\u00e1t thi c\u00f4ng, \u0111\u1ea3m b\u1ea3o c\u00f4ng tr\u00ecnh thi c\u00f4ng theo h\u1ed3 s\u01a1 thi\u1ebft k\u1ebf<br \/>\n&#8211; Ph\u1ed1i h\u1ee3p x\u1eed l\u00fd c\u00e1c v\u1ea5n \u0111\u1ec1 li\u00ean quan \u0111\u1ebfn \u0111i\u1ec1u ch\u1ec9nh, ph\u00e1t sinh, s\u1eeda \u0111\u1ed5i, b\u1ed5 sung thi\u1ebft k\u1ebf tr\u00ean c\u00f4ng tr\u01b0\u1eddng.<br \/>\n&#8211; Ph\u1ed1i h\u1ee3p x\u1eed l\u00fd c\u00e1c v\u1ea5n \u0111\u1ec1 li\u00ean quan trong c\u00f4ng t\u00e1c b\u00e0n giao c\u00f4ng tr\u00ecnh cho kh\u00e1ch h\u00e0ng v\u00e0 b\u1ea3o h\u00e0nh c\u00f4ng tr\u00ecnh sau b\u00e0n giao.<br \/>\n&#8211; Nghi\u1ec7m thu, thanh &#8211; quy\u1ebft to\u00e1n s\u1ea3n ph\u1ea9m thi\u1ebft k\u1ebf c\u1ee7a nh\u00e0 th\u1ea7u theo t\u1eebng giai \u0111o\u1ea1n.<br \/>\n&#8211; Tr\u1ef1c ti\u1ebfp thi\u1ebft k\u1ebf m\u1ed9t s\u1ed1 h\u1ea1ng m\u1ee5c c\u00f4ng tr\u00ecnh khi c\u00f3 y\u00eau c\u1ea7u c\u1ee7a c\u1ea5p tr\u00ean.<br \/>\n&#8211; Tham m\u01b0u t\u01b0 v\u1ea5n cho c\u1ea5p tr\u00ean trong c\u00e1c v\u1ea5n \u0111\u1ec1 thu\u1ed9c l\u0129nh v\u1ef1c chuy\u00ean m\u00f4n ph\u1ee5 tr\u00e1ch<br \/>\n&#8211; Tu\u00e2n th\u1ee7 c\u00e1c quy chu\u1ea9n x\u00e2y d\u1ef1ng, ti\u00eau chu\u1ea9n x\u00e2y d\u1ef1ng v\u00e0 c\u00e1c quy \u0111\u1ecbnh kh\u00e1c c\u00f3 li\u00ean quan.\n<p><strong>Y\u00caU C\u1ea6U C\u00d4NG VI\u1ec6C<\/strong><\/p>\n<p>&#8211; Chuy\u00ean ngh\u00e0nh: X\u00e2y d\u1ef1ng d\u00e2n d\u1ee5ng v\u00e0 C\u00f4ng Nghi\u1ec7p, c\u1ea7u \u0111\u01b0\u1eddng, ho\u1eb7c chuy\u00ean ng\u00e0nh k\u1ef9 thu\u1eadt t\u01b0\u01a1ng \u0111\u01b0\u01a1ng.<\/p>\n<p>&#8211; Kinh nghi\u1ec7m : 05 n\u0103m<\/p>\n<p>&#8211; \u0110\u00e3 c\u00f3 kinh nghi\u1ec7m l\u00e0m c\u00f4ng t\u00e1c thi\u1ebft k\u1ebf, t\u00ednh to\u00e1n k\u1ebft c\u1ea5u<\/p>\n<p>&#8211; \u0110\u00e3 c\u00f3 kinh nghi\u1ec7m gi\u00e1m s\u00e1t k\u1ef9 thu\u1eadt, t\u00ednh kh\u1ed1i l\u01b0\u1ee3ng thi c\u00f4ng, t\u00ednh to\u00e1n v\u1eadt t\u01b0 thi\u1ebft b\u1ecb, ki\u1ec3m so\u00e1t ti\u1ebfn \u0111\u1ed9 thi c\u00f4ng&#8230;.<\/p>\n&#8211; \u01afu ti\u00ean c\u00e1c \u1ee9ng vi\u00ean c\u00f3 ch\u1ee9ng ch\u1ec9 gi\u00e1m s\u00e1t c\u00f4ng tr\u00ecnh x\u00e2y d\u1ef1ng ho\u1eb7c qu\u1ea3n l\u00fd d\u1ef1 \u00e1n t\u1eeb h\u1ea1ng 2 tr\u1edf l\u00ean.<br \/>\n&#8211; T\u1ed1t Nghi\u1ec7p \u0110H h\u1ec7 ch\u00ednh quy tr\u01b0\u1eddng: \u0110H Ki\u1ebfn Tr\u00fac, \u0110H B\u00e1ch Khoa, \u0110H X\u00e2y d\u1ef1ng \u0110H Giao th\u00f4ng&#8230;\n<p>&#8211; K\u1ef9 n\u0103ng : Project, Word, Excel, Autocard, ph\u1ea7n m\u1ec1m d\u1ef1 to\u00e1n v\u00e0 c\u00e1c ph\u1ea7n m\u1ec1m t\u00ednh to\u00e1n k\u1ebft c\u1ea5u.<\/p>\n<p><strong>TH\u00d4NG TIN KH\u00c1C<\/strong><\/p>\n<p><strong>TH\u00d4NG TIN LI\u00caN H\u1ec6<\/strong><\/p>\n<ul>\n<li>C\u00f4ng ty: C\u00d4NG TY C\u1ed4 PH\u1ea6N \u0110\u1ea6U T\u01af EMI<\/li>\n<li>Email: tuyendungemi@gmail.com<\/li>\n<li>\u0110\u1ecba ch\u1ec9 li\u00ean h\u1ec7: 83A L\u00fd Th\u01b0\u1eddng Ki\u1ec7t, Ho\u00e0n Ki\u1ebfm, H\u00e0 N\u1ed9i<\/li>\n<\/ul>\n<p>&nbsp;<\/p>","protected":false},"excerpt":{"rendered":"<p>K\u1ef9 s\u01b0 x\u00e2y d\u1ef1ng Ch\u1ee9c danh:\u00a0K\u1ef9 s\u01b0 x\u00e2y d\u1ef1ng M\u00e3 s\u1ed1: EMI11 \u0110\u1ecba \u0111i\u1ec3m: Gia Lai M\u1ee9c l\u01b0\u01a1ng: 17,000,000 &#8211; 22,000,000 VND C\u1ea5p b\u1eadc: Nh\u00e2n vi\u00ean B\u1eb1ng c\u1ea5p: \u0110\u1ea1i h\u1ecdc Kinh nghi\u1ec7m: 5 &#8211; 10 n\u0103m Ng\u00e0nh ngh\u1ec1: X\u00e2y d\u1ef1ng, Ki\u1ebfn tr\u00fac H\u00ecnh th\u1ee9c: Nh\u00e2n vi\u00ean ch\u00ednh th\u1ee9c Tu\u1ed5i: 28 &#8211; 40 Gi\u1edbi t\u00ednh: Nam &hellip;<\/p>\n<p class=\"read-more\"> <a class=\"\" href=\"https:\/\/emi.com.vn\/vi\/civil-engineer\/\"> <span class=\"screen-reader-text\">K\u1ef9 s\u01b0 x\u00e2y d\u1ef1ng<\/span> Read More &raquo;<\/a><\/p>","protected":false},"author":1,"featured_media":0,"parent":0,"menu_order":0,"comment_status":"closed","ping_status":"closed","template":"","meta":{"site-sidebar-layout":"no-sidebar","site-content-layout":"page-builder","ast-global-header-display":"","ast-main-header-display":"","ast-hfb-above-header-display":"","ast-hfb-below-header-display":"","ast-hfb-mobile-header-display":"","site-post-title":"disabled","ast-breadcrumbs-content":"","ast-featured-img":"disabled","footer-sml-layout":"","theme-transparent-header-meta":"enabled","adv-header-id-meta":"","stick-header-meta":"","header-above-stick-meta":"","header-main-stick-meta":"","header-below-stick-meta":"","footnotes":""},"class_list":["post-1376","page","type-page","status-publish","hentry"],"_links":{"self":[{"href":"https:\/\/emi.com.vn\/vi\/wp-json\/wp\/v2\/pages\/1376","targetHints":{"allow":["GET"]}}],"collection":[{"href":"https:\/\/emi.com.vn\/vi\/wp-json\/wp\/v2\/pages"}],"about":[{"href":"https:\/\/emi.com.vn\/vi\/wp-json\/wp\/v2\/types\/page"}],"author":[{"embeddable":true,"href":"https:\/\/emi.com.vn\/vi\/wp-json\/wp\/v2\/users\/1"}],"replies":[{"embeddable":true,"href":"https:\/\/emi.com.vn\/vi\/wp-json\/wp\/v2\/comments?post=1376"}],"version-history":[{"count":3,"href":"https:\/\/emi.com.vn\/vi\/wp-json\/wp\/v2\/pages\/1376\/revisions"}],"predecessor-version":[{"id":1420,"href":"https:\/\/emi.com.vn\/vi\/wp-json\/wp\/v2\/pages\/1376\/revisions\/1420"}],"wp:attachment":[{"href":"https:\/\/emi.com.vn\/vi\/wp-json\/wp\/v2\/media?parent=1376"}],"curies":[{"name":"wp","href":"https:\/\/api.w.org\/{rel}","templated":true}]}}