{"id":271,"date":"2018-11-27T09:16:54","date_gmt":"2018-11-27T09:16:54","guid":{"rendered":"https:\/\/emi.com.vn\/?page_id=271"},"modified":"2025-10-29T12:05:28","modified_gmt":"2025-10-29T12:05:28","slug":"home","status":"publish","type":"page","link":"https:\/\/emi.com.vn\/vi\/","title":{"rendered":"Trang ch\u1ee7"},"content":{"rendered":"<h1>\n\t\tN\u0102NG L\u01af\u1ee2NG B\u1ec0N V\u1eeeNG\n\t<\/h1>\n<h3>\n\t\tGi\u1edbi thi\u1ec7u\n\t<\/h3>\n\t<p>\u0110\u1ec1 cao s\u1ef1 c\u00f4ng b\u1eb1ng v\u00e0 \u0111a d\u1ea1ng, C\u00f4ng ty EMI n\u1ed7 l\u1ef1c t\u1ea1o ra m\u00f4i tr\u01b0\u1eddng h\u00f2a nh\u1eadp \u0111\u1ec3 m\u1ecdi ng\u01b0\u1eddi c\u00f3 c\u01a1 h\u1ed9i ph\u00e1t huy h\u1ebft ti\u1ec1m n\u0103ng c\u1ee7a m\u00ecnh. Ch\u00fang t\u00f4i \u0111\u1ecbnh h\u01b0\u1edbng tr\u1edf th\u00e0nh m\u1ed9t nh\u00e0 \u0111\u1ea7u t\u01b0, m\u1ed9t \u0111\u1ed1i t\u00e1c tin c\u1eady h\u00e0ng \u0111\u1ea7u t\u1ea1i Vi\u1ec7t Nam v\u00e0 v\u01b0\u01a1n t\u1edbi trong khu v\u1ef1c c\u0169ng nh\u01b0 tr\u00ean th\u1ebf gi\u1edbi.<\/p>\n\t\t\t<a href=\"https:\/\/emi.com.vn\/vi\/who-are-we\/\" target=\"_self\" role=\"button\">\n\t\t\t\t\t\t\tXem th\u00eam\n\t\t\t\t\t<\/a>\n<h3>\n\t\t<a href=\"https:\/\/emi.com.vn\/vi\/wind-power\/\" title=\"N\u0102NG L\u01af\u1ee2NG GI\u00d3\" target=\"_self\">\n\t\tN\u0102NG L\u01af\u1ee2NG GI\u00d3\n\t\t<\/a>\n\t<\/h3>\n<h3>\n\t\t<a href=\"https:\/\/emi.com.vn\/vi\/solar-power\/\" title=\"N\u0102NG L\u01af\u1ee2NG M\u1eb6T TR\u1edcI\" target=\"_self\">\n\t\tN\u0102NG L\u01af\u1ee2NG M\u1eb6T TR\u1edcI\n\t\t<\/a>\n\t<\/h3>\n\t<strong>+100MW<\/strong><br \/>\nN\u0103ng l\u01b0\u1ee3ng t\u00e1i t\u1ea1o ho\u1ea1t \u0111\u1ed9ng\n\t<strong>256.000 tons<\/strong><br \/>\nGi\u1ea3m ph\u00e1t th\u1ea3i CO2 m\u1ed7i n\u0103m\n\t<strong>332.000 MWh<\/strong><br \/>\nS\u1ea3n l\u01b0\u1ee3ng \u0111i\u1ec7n h\u00e0ng n\u0103m\n<h2>\n\t\tTin t\u1ee9c\n\t<\/h2>\n\t<!-- Markup Starts -->\n<div id=\"pcp_wrapper-1500\" class=\"sp-pcp-section sp-pcp-container pcp-wrapper-1500 pcp-carousel-wrapper standard\" data-sid=\"1500\">\n<div id=\"pcp-preloader\" class=\"pcp-preloader\"><\/div>\n\t\t<div id=\"sp-pcp-id-1500\" class=\"swiper-container sp-pcp-carousel top_right\" dir=\"ltr\" data-carousel='{ \"speed\":600, \"items\":3, \"spaceBetween\":20, \"navigation\":false, \"pagination\": true, \"autoplay\": true, \"autoplay_speed\": 2000, \"loop\": true, \"autoHeight\": false, \"lazy\":  true, \"simulateTouch\": true, \"slider_mouse_wheel\": false,\"allowTouchMove\": true, \"slidesPerView\": {\"lg_desktop\": 3, \"desktop\": 3, \"tablet\": 3, \"mobile_landscape\": 2, \"mobile\": 1}, \"navigation_mobile\": false, \"pagination_mobile\": true, \"stop_onHover\": true, \"enabled\": true, \"prevSlideMessage\": \"Previous slide\", \"nextSlideMessage\": \"Next slide\", \"firstSlideMessage\": \"This is the first slide\", \"lastSlideMessage\": \"This is the last slide\", \"paginationBulletMessage\": \"Go to slide {{index}}\" }'>\n\t\t\t<div class=\"swiper-wrapper\">\n\t\t\t\t\t\t<div class=\"swiper-slide swiper-lazy\">\n\t\t\t<div class=\"sp-pcp-post pcp-item-1942\" data-id=\"1942\">\n\t\t\t\t\t\t\t\t<div class=\"pcp-post-thumb-wrapper\">\n\t\t\t\t\t<div class=\"sp-pcp-post-thumb-area\">\n\t\t\t\t\t\t\t\t\t\t\t\t<a class=\"sp-pcp-thumb\" href=\"https:\/\/emi.com.vn\/vi\/ke-toan-du-an\/\" target=\"_self\" >\n\t\t\t\t\t\t\t\t\t\t\t\t\t<img loading=\"lazy\" decoding=\"async\" src=\"https:\/\/emi.com.vn\/wp-content\/plugins\/post-carousel\/public\/assets\/img\/placeholder.png\" width=\"600\" height=\"450\" alt=\"\">\n\t\t\t\t\t\t<\/a>\n\t\t\t\t\t<\/div>\n\t\t\t\t<\/div>\n\t\t\t\t\t\t\t<h4 class=\"sp-pcp-title\">\n\t\t\t\t\t\t\t\t\t<a href=\"https:\/\/emi.com.vn\/vi\/ke-toan-du-an\/\"  target=\"_self\">K\u1ebe TO\u00c1N D\u1ef0 \u00c1N<\/a>\t\t\t\t\t\t\t<\/h4>\n\t\t\t\t\t\t<div class=\"sp-pcp-post-meta\">\n\t\t\t<ul><li>\t\t\t\t\t<i class=\"fa fa-calendar\"><\/i>\n\n<time class=\"entry-date published updated\">8 Th\u00e1ng m\u01b0\u1eddi m\u1ed9t, 2025<\/time>\n\t\t\t\t\t<\/li><\/ul>\t\t<\/div>\n\t\t\t\t\t\t<\/div>\n\t\t<\/div>\n\t\t\t\t<div class=\"swiper-slide swiper-lazy\">\n\t\t\t<div class=\"sp-pcp-post pcp-item-1939\" data-id=\"1939\">\n\t\t\t\t\t\t\t\t<div class=\"pcp-post-thumb-wrapper\">\n\t\t\t\t\t<div class=\"sp-pcp-post-thumb-area\">\n\t\t\t\t\t\t\t\t\t\t\t\t<a class=\"sp-pcp-thumb\" href=\"https:\/\/emi.com.vn\/vi\/chuyen-vien-du-toan\/\" target=\"_self\" >\n\t\t\t\t\t\t\t\t\t\t\t\t\t<img loading=\"lazy\" decoding=\"async\" src=\"https:\/\/emi.com.vn\/wp-content\/plugins\/post-carousel\/public\/assets\/img\/placeholder.png\" width=\"600\" height=\"450\" alt=\"\">\n\t\t\t\t\t\t<\/a>\n\t\t\t\t\t<\/div>\n\t\t\t\t<\/div>\n\t\t\t\t\t\t\t<h4 class=\"sp-pcp-title\">\n\t\t\t\t\t\t\t\t\t<a href=\"https:\/\/emi.com.vn\/vi\/chuyen-vien-du-toan\/\"  target=\"_self\">CHUY\u00caN VI\u00caN D\u1ef0 TO\u00c1N<\/a>\t\t\t\t\t\t\t<\/h4>\n\t\t\t\t\t\t<div class=\"sp-pcp-post-meta\">\n\t\t\t<ul><li>\t\t\t\t\t<i class=\"fa fa-calendar\"><\/i>\n\n<time class=\"entry-date published updated\">8 Th\u00e1ng m\u01b0\u1eddi m\u1ed9t, 2025<\/time>\n\t\t\t\t\t<\/li><\/ul>\t\t<\/div>\n\t\t\t\t\t\t<\/div>\n\t\t<\/div>\n\t\t\t\t<div class=\"swiper-slide swiper-lazy\">\n\t\t\t<div class=\"sp-pcp-post pcp-item-1909\" data-id=\"1909\">\n\t\t\t\t\t\t\t\t<div class=\"pcp-post-thumb-wrapper\">\n\t\t\t\t\t<div class=\"sp-pcp-post-thumb-area\">\n\t\t\t\t\t\t\t\t\t\t\t\t<a class=\"sp-pcp-thumb\" href=\"https:\/\/emi.com.vn\/vi\/truong-phong-nhan-su-2\/\" target=\"_self\" >\n\t\t\t\t\t\t\t\t\t\t\t\t\t<img loading=\"lazy\" decoding=\"async\" src=\"https:\/\/emi.com.vn\/wp-content\/plugins\/post-carousel\/public\/assets\/img\/placeholder.png\" width=\"600\" height=\"450\" alt=\"\">\n\t\t\t\t\t\t<\/a>\n\t\t\t\t\t<\/div>\n\t\t\t\t<\/div>\n\t\t\t\t\t\t\t<h4 class=\"sp-pcp-title\">\n\t\t\t\t\t\t\t\t\t<a href=\"https:\/\/emi.com.vn\/vi\/truong-phong-nhan-su-2\/\"  target=\"_self\">TR\u01af\u1edeNG PH\u00d2NG NH\u00c2N S\u1ef0<\/a>\t\t\t\t\t\t\t<\/h4>\n\t\t\t\t\t\t<div class=\"sp-pcp-post-meta\">\n\t\t\t<ul><li>\t\t\t\t\t<i class=\"fa fa-calendar\"><\/i>\n\n<time class=\"entry-date published updated\">31 Th\u00e1ng 10, 2025<\/time>\n\t\t\t\t\t<\/li><\/ul>\t\t<\/div>\n\t\t\t\t\t\t<\/div>\n\t\t<\/div>\n\t\t\t\t<div class=\"swiper-slide swiper-lazy\">\n\t\t\t<div class=\"sp-pcp-post pcp-item-828\" data-id=\"828\">\n\t\t\t\t\t\t\t\t<div class=\"pcp-post-thumb-wrapper\">\n\t\t\t\t\t<div class=\"sp-pcp-post-thumb-area\">\n\t\t\t\t\t\t\t\t\t\t\t\t<a class=\"sp-pcp-thumb\" href=\"https:\/\/emi.com.vn\/vi\/cpcetc-thi-nghiem-dua-vao-van-hanh-tba-220kv-nmdg-nhon-hoa-an-toan-dung-tien-do\/\" target=\"_self\" >\n\t\t\t\t\t\t\t\t\t\t\t\t\t<img loading=\"lazy\" decoding=\"async\" src=\"https:\/\/emi.com.vn\/wp-content\/uploads\/2022\/07\/dien-gio-nhon-hoa-20210930141658421-scaled-e1657527864348-300x200.jpeg\" width=\"300\" height=\"200\" alt=\"\">\n\t\t\t\t\t\t<\/a>\n\t\t\t\t\t<\/div>\n\t\t\t\t<\/div>\n\t\t\t\t\t\t\t<h4 class=\"sp-pcp-title\">\n\t\t\t\t\t\t\t\t\t<a href=\"https:\/\/emi.com.vn\/vi\/cpcetc-thi-nghiem-dua-vao-van-hanh-tba-220kv-nmdg-nhon-hoa-an-toan-dung-tien-do\/\"  target=\"_self\">CPCETC: Th\u00ed nghi\u1ec7m \u0111\u01b0a v\u00e0o v\u1eadn h\u00e0nh TBA 220kV NM\u0110G Nh\u01a1n H\u00f2a an to\u00e0n, \u0111\u00fang ti\u1ebfn \u0111\u1ed9<\/a>\t\t\t\t\t\t\t<\/h4>\n\t\t\t\t\t\t<div class=\"sp-pcp-post-meta\">\n\t\t\t<ul><li>\t\t\t\t\t<i class=\"fa fa-calendar\"><\/i>\n\n<time class=\"entry-date published updated\">1 Th\u00e1ng 8, 2022<\/time>\n\t\t\t\t\t<\/li><\/ul>\t\t<\/div>\n\t\t\t\t\t\t<\/div>\n\t\t<\/div>\n\t\t\t\t<div class=\"swiper-slide swiper-lazy\">\n\t\t\t<div class=\"sp-pcp-post pcp-item-702\" data-id=\"702\">\n\t\t\t\t\t\t\t\t<div class=\"pcp-post-thumb-wrapper\">\n\t\t\t\t\t<div class=\"sp-pcp-post-thumb-area\">\n\t\t\t\t\t\t\t\t\t\t\t\t<a class=\"sp-pcp-thumb\" href=\"https:\/\/emi.com.vn\/vi\/news-2\/\" target=\"_self\" >\n\t\t\t\t\t\t\t\t\t\t\t\t\t<img loading=\"lazy\" decoding=\"async\" src=\"https:\/\/emi.com.vn\/wp-content\/uploads\/2022\/07\/dien-gio-nhon-hoa-20210930141658421-scaled-e1657527864348-300x200.jpeg\" width=\"300\" height=\"200\" alt=\"\">\n\t\t\t\t\t\t<\/a>\n\t\t\t\t\t<\/div>\n\t\t\t\t<\/div>\n\t\t\t\t\t\t\t<h4 class=\"sp-pcp-title\">\n\t\t\t\t\t\t\t\t\t<a href=\"https:\/\/emi.com.vn\/vi\/news-2\/\"  target=\"_self\">\u0110\u01b0a v\u00e0o v\u1eadn h\u00e0nh TBA 220kV Nh\u00e0 m\u00e1y \u0111i\u1ec7n gi\u00f3 Nh\u01a1n H\u00f2a (Gia Lai)<\/a>\t\t\t\t\t\t\t<\/h4>\n\t\t\t\t\t\t<div class=\"sp-pcp-post-meta\">\n\t\t\t<ul><li>\t\t\t\t\t<i class=\"fa fa-calendar\"><\/i>\n\n<time class=\"entry-date published updated\">7 Th\u00e1ng 6, 2022<\/time>\n\t\t\t\t\t<\/li><\/ul>\t\t<\/div>\n\t\t\t\t\t\t<\/div>\n\t\t<\/div>\n\t\t\t\t\t<\/div>\n\t\t\t\t\t\t<div class=\"pcp-pagination swiper-pagination dots\"><\/div>\n\t\t\t\t\t\t\t<\/div>\n<\/div>\n\n<h6>\n\t\tTuy\u1ec3n d\u1ee5ng\n\t<\/h6>\n<h2>\n\t\tTham gia c\u00f9ng ch\u00fang t\u00f4i\n\t<\/h2>\n\t<p>T\u1ea1i EMI, ch\u00fang t\u00f4i \u0111\u1ec1 cao vai tr\u00f2 c\u1ee7a m\u1ed7i c\u00e1 nh\u00e2n trong vi\u1ec7c \u0111\u00f3ng g\u00f3p v\u00e0o s\u1ef1 ph\u00e1t tri\u1ec3n b\u1ec1n v\u1eefng c\u1ee7a c\u00f4ng ty.<\/p>\n\t\t\t<a href=\"https:\/\/emi.com.vn\/vi\/recruitment\/\" target=\"_self\" role=\"button\">\n\t\t\t\t\t\t\tXem th\u00eam\n\t\t\t\t\t<\/a>","protected":false},"excerpt":{"rendered":"<p>C\u00f4ng ty TNHH MTV Th\u00ed nghi\u1ec7m \u0111i\u1ec7n mi\u1ec1n Trung (CPCETC) thu\u1ed9c T\u1ed5ng c\u00f4ng ty \u0110i\u1ec7n l\u1ef1c mi\u1ec1n Trung v\u1eeba ph\u1ed1i h\u1ee3p \u0111\u00f3ng \u0111i\u1ec7n, \u0111\u01b0a v\u00e0o v\u1eadn h\u00e0nh tr\u1ea1m bi\u1ebfn \u00e1p (TBA) 220kV Nh\u00e0 m\u00e1y \u0111i\u1ec7n gi\u00f3 Nh\u01a1n H\u00f2a (Gia Lai). M\u1edbi \u0111\u00e2y, sau khi ho\u00e0n th\u00e0nh to\u00e0n b\u1ed9 c\u00e1c h\u1ea1ng m\u1ee5c th\u00ed nghi\u1ec7m, hi\u1ec7u ch\u1ec9nh&nbsp;thi\u1ebft &hellip;<\/p>\n<p class=\"read-more\"> <a class=\"\" href=\"https:\/\/emi.com.vn\/vi\/news-2\/\"> <span class=\"screen-reader-text\">\u0110\u01b0a v\u00e0o v\u1eadn h\u00e0nh TBA 220kV Nh\u00e0 m\u00e1y \u0111i\u1ec7n gi\u00f3 Nh\u01a1n H\u00f2a (Gia Lai)<\/span> Read More &raquo;<\/a><\/p>","protected":false},"author":1,"featured_media":0,"parent":0,"menu_order":0,"comment_status":"closed","ping_status":"closed","template":"","meta":{"site-sidebar-layout":"no-sidebar","site-content-layout":"page-builder","ast-global-header-display":"","ast-main-header-display":"","ast-hfb-above-header-display":"","ast-hfb-below-header-display":"","ast-hfb-mobile-header-display":"","site-post-title":"disabled","ast-breadcrumbs-content":"","ast-featured-img":"disabled","footer-sml-layout":"","theme-transparent-header-meta":"enabled","adv-header-id-meta":"","stick-header-meta":"","header-above-stick-meta":"","header-main-stick-meta":"","header-below-stick-meta":"","footnotes":""},"class_list":["post-271","page","type-page","status-publish","hentry"],"_links":{"self":[{"href":"https:\/\/emi.com.vn\/vi\/wp-json\/wp\/v2\/pages\/271","targetHints":{"allow":["GET"]}}],"collection":[{"href":"https:\/\/emi.com.vn\/vi\/wp-json\/wp\/v2\/pages"}],"about":[{"href":"https:\/\/emi.com.vn\/vi\/wp-json\/wp\/v2\/types\/page"}],"author":[{"embeddable":true,"href":"https:\/\/emi.com.vn\/vi\/wp-json\/wp\/v2\/users\/1"}],"replies":[{"embeddable":true,"href":"https:\/\/emi.com.vn\/vi\/wp-json\/wp\/v2\/comments?post=271"}],"version-history":[{"count":120,"href":"https:\/\/emi.com.vn\/vi\/wp-json\/wp\/v2\/pages\/271\/revisions"}],"predecessor-version":[{"id":1820,"href":"https:\/\/emi.com.vn\/vi\/wp-json\/wp\/v2\/pages\/271\/revisions\/1820"}],"wp:attachment":[{"href":"https:\/\/emi.com.vn\/vi\/wp-json\/wp\/v2\/media?parent=271"}],"curies":[{"name":"wp","href":"https:\/\/api.w.org\/{rel}","templated":true}]}}