{"id":606,"date":"2022-06-01T12:52:55","date_gmt":"2022-06-01T12:52:55","guid":{"rendered":"https:\/\/emi.com.vn\/?page_id=606"},"modified":"2022-08-27T08:15:20","modified_gmt":"2022-08-27T08:15:20","slug":"who-are-we","status":"publish","type":"page","link":"https:\/\/emi.com.vn\/vi\/who-are-we\/","title":{"rendered":"Who are we"},"content":{"rendered":"<h1>\n\t\t\t\t\tCH\u00daNG T\u00d4I L\u00c0 AI?\n\t\t\t\t<\/h1>\n\t<h3>\n\t\t\t\t\tEMI &#8211; We are your partner\n\t\t\t\t<\/h3>\n\t\t\t<p>C\u00f4ng ty C\u1ed5 ph\u1ea7n \u0110\u1ea7u t\u01b0 EMI \u0111\u01b0\u1ee3c th\u00e0nh l\u1eadp th\u00e1ng 5 n\u0103m 2021 v\u1edbi m\u1ee5c ti\u00eau d\u1eabn \u0111\u1ea7u trong l\u0129nh v\u1ef1c n\u0103ng l\u01b0\u1ee3ng v\u00e0 kho\u00e1ng s\u1ea3n. Trong l\u0129nh v\u1ef1c n\u0103ng l\u01b0\u1ee3ng, c\u00e1c d\u1ef1 \u00e1n n\u0103ng l\u01b0\u1ee3ng t\u00e1i t\u1ea1o \u0111\u1eb7c bi\u1ec7t \u0111\u01b0\u1ee3c quan t\u00e2m \u0111\u1ea7u t\u01b0 \u0111\u1ec3 \u0111\u00e1p \u1ee9ng nhu c\u1ea7u s\u1eed d\u1ee5ng \u0111i\u1ec7n ng\u00e0y c\u00e0ng gia t\u0103ng v\u00e0 h\u01b0\u1edbng t\u1edbi m\u1ee5c ti\u00eau gi\u1ea3m ph\u00e1t th\u1ea3i kh\u00ed nh\u00e0 k\u00ednh nh\u1eb1m ng\u0103n ch\u1eb7n s\u1ef1 n\u00f3ng l\u00ean to\u00e0n c\u1ea7u.<\/p>\n<p>V\u1edbi \u0111\u1ed9i ng\u0169 c\u00e1n b\u1ed9 nhi\u1ec1u n\u0103m kinh nghi\u1ec7m, n\u0103ng \u0111\u1ed9ng, s\u00e1ng t\u1ea1o v\u00e0 \u0111\u1ea7y nhi\u1ec7t huy\u1ebft, C\u00f4ng ty EMI, trong m\u1ed9t th\u1eddi gian ng\u1eafn, \u0111\u00e3 ho\u00e0n th\u00e0nh m\u1ed9t s\u1ed1 d\u1ef1 \u00e1n n\u0103ng l\u01b0\u1ee3ng t\u00e1i t\u1ea1o tr\u1ecdng \u0111i\u1ec3m v\u1edbi ch\u1ea5t l\u01b0\u1ee3ng cao v\u00e0 \u0111\u01b0a v\u00e0o v\u1eadn h\u00e0nh \u1ed5n \u0111\u1ecbnh, ch\u1ee9ng t\u1ecf v\u00e0 kh\u1eb3ng n\u0103ng l\u1ef1c.<\/p>\n<p>\u0110\u1ec1 cao s\u1ef1 c\u00f4ng b\u1eb1ng v\u00e0 \u0111a d\u1ea1ng, C\u00f4ng ty EMI n\u1ed7 l\u1ef1c t\u1ea1o ra m\u00f4i tr\u01b0\u1eddng h\u00f2a nh\u1eadp \u0111\u1ec3 m\u1ecdi ng\u01b0\u1eddi c\u00f3 c\u01a1 h\u1ed9i ph\u00e1t huy h\u1ebft ti\u1ec1m n\u0103ng c\u1ee7a m\u00ecnh. Ch\u00fang t\u00f4i \u0111\u1ecbnh h\u01b0\u1edbng tr\u1edf th\u00e0nh m\u1ed9t nh\u00e0 \u0111\u1ea7u t\u01b0, m\u1ed9t \u0111\u1ed1i t\u00e1c tin c\u1eady h\u00e0ng \u0111\u1ea7u t\u1ea1i Vi\u1ec7t Nam v\u00e0 v\u01b0\u01a1n t\u1edbi trong khu v\u1ef1c c\u0169ng nh\u01b0 tr\u00ean th\u1ebf gi\u1edbi.<\/p>\n\t\t\t\t<img decoding=\"async\" src=\"https:\/\/emi.com.vn\/wp-content\/uploads\/2022\/07\/z3603604945804_820580368d85421d1734d17fb9fec8f8.jpg\" alt=\"z3603604945804_820580368d85421d1734d17fb9fec8f8\" itemprop=\"image\"\/>","protected":false},"excerpt":{"rendered":"<p>WHO ARE WE? EMI &#8211; We are your partner EMI Investment Joint Stock Company was established in May 2021 with the goal of leading in the field of energy and minerals. In the energy sector, renewable energy projects are particularly interested in investing to meet the increasing electricity demand and aim to reduce greenhouse gas &hellip;<\/p>\n<p class=\"read-more\"> <a class=\"\" href=\"https:\/\/emi.com.vn\/vi\/who-are-we\/\"> <span class=\"screen-reader-text\">Who are we<\/span> Read More &raquo;<\/a><\/p>","protected":false},"author":1,"featured_media":0,"parent":0,"menu_order":0,"comment_status":"closed","ping_status":"closed","template":"","meta":{"site-sidebar-layout":"no-sidebar","site-content-layout":"page-builder","ast-global-header-display":"","ast-main-header-display":"","ast-hfb-above-header-display":"","ast-hfb-below-header-display":"","ast-hfb-mobile-header-display":"","site-post-title":"disabled","ast-breadcrumbs-content":"","ast-featured-img":"disabled","footer-sml-layout":"","theme-transparent-header-meta":"enabled","adv-header-id-meta":"","stick-header-meta":"","header-above-stick-meta":"","header-main-stick-meta":"","header-below-stick-meta":"","footnotes":""},"class_list":["post-606","page","type-page","status-publish","hentry"],"_links":{"self":[{"href":"https:\/\/emi.com.vn\/vi\/wp-json\/wp\/v2\/pages\/606","targetHints":{"allow":["GET"]}}],"collection":[{"href":"https:\/\/emi.com.vn\/vi\/wp-json\/wp\/v2\/pages"}],"about":[{"href":"https:\/\/emi.com.vn\/vi\/wp-json\/wp\/v2\/types\/page"}],"author":[{"embeddable":true,"href":"https:\/\/emi.com.vn\/vi\/wp-json\/wp\/v2\/users\/1"}],"replies":[{"embeddable":true,"href":"https:\/\/emi.com.vn\/vi\/wp-json\/wp\/v2\/comments?post=606"}],"version-history":[{"count":29,"href":"https:\/\/emi.com.vn\/vi\/wp-json\/wp\/v2\/pages\/606\/revisions"}],"predecessor-version":[{"id":1740,"href":"https:\/\/emi.com.vn\/vi\/wp-json\/wp\/v2\/pages\/606\/revisions\/1740"}],"wp:attachment":[{"href":"https:\/\/emi.com.vn\/vi\/wp-json\/wp\/v2\/media?parent=606"}],"curies":[{"name":"wp","href":"https:\/\/api.w.org\/{rel}","templated":true}]}}